{"id":26756,"date":"2025-06-26T18:32:45","date_gmt":"2025-06-26T18:32:45","guid":{"rendered":"https:\/\/pippifoder.se\/?post_type=product&#038;p=26756"},"modified":"2026-04-03T05:11:18","modified_gmt":"2026-04-03T05:11:18","slug":"jauhomadot-kuivatut-600g-amparissa-kopia","status":"publish","type":"product","link":"https:\/\/pippifoder.se\/fi\/tuote\/lintujen-ruokaa\/jauhomato\/jauhomadot-kuivatut-600g-amparissa-kopia\/","title":{"rendered":"Jauhomadot, kuivatut, 1000g"},"content":{"rendered":"","protected":false},"excerpt":{"rendered":"<p>Jauhomato pussissa, 1000 grammaa. Jauhomadot ovat proteiinipitoista ruokaa, jossa on noin 50 % proteiinia, joten ne ovat hyv\u00e4 lis\u00e4 lintujen ruokintaan. Jauhomadot eiv\u00e4t oikeastaan ole matoja, vaan jauhokuoriaisten toukkia. Varsinkin pesim\u00e4aikana linnuilla on suuri proteiinin tarve. Halutessasi voit laittaa jauhomatoja hieman veteen ennen kuin annat ne linnuille (kes\u00e4ll\u00e4).    <\/p>\n<p>&#8211; Lintujen suojeluj\u00e4rjest\u00f6jen suosittelema<br \/>\n&#8211; Korkea proteiinipitoisuus<br \/>\n&#8211; Sopii hyvin nuorille linnuille pesim\u00e4aikana<br \/>\n&#8211; Sopii ruokintalaitteisiin, <a href=\"https:\/\/pippifoder.se\/fi\/lintujen-ruokinta\/\">lintup\u00f6ytiin<\/a> ja maaruokintaan<br \/>\n&#8211; Voidaan sekoittaa muuhun lintujen ruokaan<br \/>\n&#8211; Jauhomadot voidaan liottaa pieness\u00e4 vedess\u00e4 niiden pehment\u00e4miseksi.<\/p>\n","protected":false},"featured_media":26760,"comment_status":"closed","ping_status":"closed","template":"","meta":{"_acf_changed":false},"product_brand":[],"product_cat":[205,112],"product_tag":[],"class_list":{"0":"post-26756","1":"product","2":"type-product","3":"status-publish","4":"has-post-thumbnail","6":"product_cat-jauhomato","7":"product_cat-lintujen-ruokaa","9":"first","10":"instock","11":"sale","12":"taxable","13":"shipping-taxable","14":"purchasable","15":"product-type-variable","16":"has-default-attributes"},"bundled_by":["30024"],"bundle_stock_status":"instock","bundle_stock_quantity":10268,"bundle_virtual":false,"bundle_layout":"","bundle_add_to_cart_form_location":"","bundle_editable_in_cart":false,"bundle_sold_individually_context":"","bundle_item_grouping":"","bundle_min_size":"","bundle_max_size":"","bundle_price":[],"bundled_items":[],"bundle_sell_ids":[],"acf":[],"_links":{"self":[{"href":"https:\/\/pippifoder.se\/fi\/wp-json\/wp\/v2\/product\/26756","targetHints":{"allow":["GET"]}}],"collection":[{"href":"https:\/\/pippifoder.se\/fi\/wp-json\/wp\/v2\/product"}],"about":[{"href":"https:\/\/pippifoder.se\/fi\/wp-json\/wp\/v2\/types\/product"}],"replies":[{"embeddable":true,"href":"https:\/\/pippifoder.se\/fi\/wp-json\/wp\/v2\/comments?post=26756"}],"wp:featuredmedia":[{"embeddable":true,"href":"https:\/\/pippifoder.se\/fi\/wp-json\/wp\/v2\/media\/26760"}],"wp:attachment":[{"href":"https:\/\/pippifoder.se\/fi\/wp-json\/wp\/v2\/media?parent=26756"}],"wp:term":[{"taxonomy":"product_brand","embeddable":true,"href":"https:\/\/pippifoder.se\/fi\/wp-json\/wp\/v2\/product_brand?post=26756"},{"taxonomy":"product_cat","embeddable":true,"href":"https:\/\/pippifoder.se\/fi\/wp-json\/wp\/v2\/product_cat?post=26756"},{"taxonomy":"product_tag","embeddable":true,"href":"https:\/\/pippifoder.se\/fi\/wp-json\/wp\/v2\/product_tag?post=26756"}],"curies":[{"name":"wp","href":"https:\/\/api.w.org\/{rel}","templated":true}]}}