{"id":26307,"date":"2025-06-16T06:31:41","date_gmt":"2025-06-16T06:31:41","guid":{"rendered":"https:\/\/pippifoder.se\/?post_type=product&#038;p=26307"},"modified":"2026-04-15T13:00:41","modified_gmt":"2026-04-15T11:00:41","slug":"blanchoidut-maapahkinat-linnuille-10-kg-kopia","status":"publish","type":"product","link":"https:\/\/pippifoder.se\/fi\/tuote\/lintujen-ruokaa\/maapahkinat\/blanchoidut-maapahkinat-linnuille-10-kg-kopia\/","title":{"rendered":"Jauhetut maap\u00e4hkin\u00e4t linnuille 10 kg"},"content":{"rendered":"<h2 data-start=\"165\" data-end=\"218\">Hienonnetut maap\u00e4hkin\u00e4t &#8211; energiarikasta lintujen ruokaa ymp\u00e4ri vuoden.<\/h2>\n<p data-start=\"220\" data-end=\"504\">Etsitk\u00f6 ravitsevaa ja suosittua rehua puutarhasi pikkulinnuille? <strong data-start=\"297\" data-end=\"319\">Pilkotut maap\u00e4hkin\u00e4t ovat<\/strong> loistava valinta! Ne ovat t\u00e4ynn\u00e4 energiaa, proteiinia ja terveellisi\u00e4 rasvoja, jotka auttavat lintuja pysym\u00e4\u00e4n vahvoina ja tervein\u00e4 &#8211; sek\u00e4 kylmin\u00e4 talvikuukausina ett\u00e4 pesim\u00e4aikana. <\/p>\n<p data-start=\"506\" data-end=\"819\">Pilkotut maap\u00e4hkin\u00e4mme puhdistetaan huolellisesti kuorista ja homej\u00e4\u00e4mist\u00e4, joten niit\u00e4 on turvallista k\u00e4ytt\u00e4\u00e4 lintujen ruokinnassa. Koska p\u00e4hkin\u00e4t on pilkottu pieniksi paloiksi, lintujen tukehtumisvaara on pienempi &#8211; t\u00e4ydellinen ratkaisu tiaisille, punarinnoille, finkuille ja muille pikkulinnuille, jotka mielell\u00e4\u00e4n pys\u00e4htyv\u00e4t lintujen ruokintaan. <\/p>\n<h4 data-start=\"821\" data-end=\"858\">Hienonnettujen maap\u00e4hkin\u00f6iden edut:<\/h4>\n<ul data-start=\"859\" data-end=\"1067\">\n<li data-start=\"859\" data-end=\"908\">\n<p data-start=\"861\" data-end=\"908\"><strong data-start=\"861\" data-end=\"875\">Energiarikas &#8211;<\/strong> tarjoaa nopeaa ja pitk\u00e4kestoista energiaa.<\/p>\n<\/li>\n<li data-start=\"909\" data-end=\"962\">\n<p data-start=\"911\" data-end=\"962\"><strong data-start=\"911\" data-end=\"923\">Muruton &#8211;<\/strong> ei j\u00e4t\u00e4 j\u00e4\u00e4mi\u00e4 lintup\u00f6yd\u00e4n alle.<\/p>\n<\/li>\n<li data-start=\"963\" data-end=\"1022\">\n<p data-start=\"965\" data-end=\"1022\"><strong data-start=\"965\" data-end=\"978\">Hell\u00e4varainen &#8211;<\/strong> pilkottu pienillekin lintulajeille sopivaksi.<\/p>\n<\/li>\n<li data-start=\"1023\" data-end=\"1067\">\n<p data-start=\"1025\" data-end=\"1067\"><strong data-start=\"1025\" data-end=\"1038\">Luonnollinen &#8211;<\/strong> ei lis\u00e4aineita tai suolaa<\/p>\n<\/li>\n<\/ul>\n<p data-start=\"1069\" data-end=\"1282\">T\u00e4yt\u00e4 sy\u00f6tt\u00f6laite hienonnetuilla maap\u00e4hkin\u00f6ill\u00e4 ja nauti siit\u00e4, ett\u00e4 puutarhassasi vierailee enemm\u00e4n lintulajeja. Pakollinen niille, jotka haluavat tukea lintujen el\u00e4m\u00e4\u00e4 ja auttaa siivekk\u00e4it\u00e4 yst\u00e4vi\u00e4mme selviytym\u00e4\u00e4n kaikkina vuodenaikoina. <\/p>\n","protected":false},"excerpt":{"rendered":"<p>Huippulaadukkaita pilkottuja maap\u00e4hkin\u00f6it\u00e4 linnuille, jotka sopivat erinomaisesti kaikenlaisille linnuille. Pakattu 10 kg:n pusseihin. Maap\u00e4hkin\u00e4t on hienonnettu, jotta pienempien lintujen on helpompi sy\u00f6d\u00e4 p\u00e4hkin\u00f6it\u00e4. Jos haluat kokonaisia maap\u00e4hkin\u00f6it\u00e4, tutustu <a href=\"https:\/\/pippifoder.se\/fi\/maapahkinat\/\">maap\u00e4hkin\u00f6ihimme!<\/a>   <\/p>\n","protected":false},"featured_media":26312,"comment_status":"closed","ping_status":"closed","template":"","meta":{"_acf_changed":false},"product_brand":[],"product_cat":[130,113,112,254],"product_tag":[],"class_list":{"0":"post-26307","1":"product","2":"type-product","3":"status-publish","4":"has-post-thumbnail","6":"product_cat-maapahkinat","7":"product_cat-illiintyneiden-lintujen-siemenet-villiintyneiden-lintujen-ruoka","8":"product_cat-lintujen-ruokaa","9":"product_cat-puhdistetut-maapahkinat","10":"product_shipping_class-ruotsi","12":"first","13":"instock","14":"taxable","15":"shipping-taxable","16":"purchasable","17":"product-type-simple"},"bundled_by":[],"bundle_stock_status":"instock","bundle_stock_quantity":253,"bundle_virtual":false,"bundle_layout":"","bundle_add_to_cart_form_location":"","bundle_editable_in_cart":false,"bundle_sold_individually_context":"","bundle_item_grouping":"","bundle_min_size":"","bundle_max_size":"","bundle_price":[],"bundled_items":[],"bundle_sell_ids":[],"acf":[],"_links":{"self":[{"href":"https:\/\/pippifoder.se\/fi\/wp-json\/wp\/v2\/product\/26307","targetHints":{"allow":["GET"]}}],"collection":[{"href":"https:\/\/pippifoder.se\/fi\/wp-json\/wp\/v2\/product"}],"about":[{"href":"https:\/\/pippifoder.se\/fi\/wp-json\/wp\/v2\/types\/product"}],"replies":[{"embeddable":true,"href":"https:\/\/pippifoder.se\/fi\/wp-json\/wp\/v2\/comments?post=26307"}],"wp:featuredmedia":[{"embeddable":true,"href":"https:\/\/pippifoder.se\/fi\/wp-json\/wp\/v2\/media\/26312"}],"wp:attachment":[{"href":"https:\/\/pippifoder.se\/fi\/wp-json\/wp\/v2\/media?parent=26307"}],"wp:term":[{"taxonomy":"product_brand","embeddable":true,"href":"https:\/\/pippifoder.se\/fi\/wp-json\/wp\/v2\/product_brand?post=26307"},{"taxonomy":"product_cat","embeddable":true,"href":"https:\/\/pippifoder.se\/fi\/wp-json\/wp\/v2\/product_cat?post=26307"},{"taxonomy":"product_tag","embeddable":true,"href":"https:\/\/pippifoder.se\/fi\/wp-json\/wp\/v2\/product_tag?post=26307"}],"curies":[{"name":"wp","href":"https:\/\/api.w.org\/{rel}","templated":true}]}}