{"id":23050,"date":"2025-03-04T09:10:02","date_gmt":"2025-03-04T09:10:02","guid":{"rendered":"https:\/\/pippifoder.se\/Ei-luokiteltu\/pesamunat-muovimunat-kanat\/"},"modified":"2026-04-15T12:58:25","modified_gmt":"2026-04-15T10:58:25","slug":"pesamunat-muovimunat-kanat","status":"publish","type":"product","link":"https:\/\/pippifoder.se\/fi\/tuote\/kanat\/pesamunat-muovimunat-kanat\/","title":{"rendered":"Pes\u00e4munat\/muovimunat kanat"},"content":{"rendered":"","protected":false},"excerpt":{"rendered":"<p>Munintapes\u00e4\u00e4n asetetaan pes\u00e4munia\/muovimunia, jotta kana n\u00e4kee, mihin munia pit\u00e4\u00e4 munia ja minne munia pit\u00e4\u00e4 munia. T\u00e4ydellinen, jos olet juuri hankkinut kanoja tai jos olet antamassa niille uuden talon. HUOMAUTUS: Hinta koskee 1 munaa.  <\/p>\n","protected":false},"featured_media":22960,"comment_status":"open","ping_status":"closed","template":"","meta":{"_acf_changed":false},"product_brand":[],"product_cat":[335],"product_tag":[],"class_list":{"0":"post-23050","1":"product","2":"type-product","3":"status-publish","4":"has-post-thumbnail","6":"product_cat-kanat","8":"first","9":"instock","10":"taxable","11":"shipping-taxable","12":"purchasable","13":"product-type-simple"},"bundled_by":[],"bundle_stock_status":"instock","bundle_stock_quantity":60,"bundle_virtual":false,"bundle_layout":"","bundle_add_to_cart_form_location":"","bundle_editable_in_cart":false,"bundle_sold_individually_context":"","bundle_item_grouping":"","bundle_min_size":"","bundle_max_size":"","bundle_price":[],"bundled_items":[],"bundle_sell_ids":[],"acf":[],"_links":{"self":[{"href":"https:\/\/pippifoder.se\/fi\/wp-json\/wp\/v2\/product\/23050","targetHints":{"allow":["GET"]}}],"collection":[{"href":"https:\/\/pippifoder.se\/fi\/wp-json\/wp\/v2\/product"}],"about":[{"href":"https:\/\/pippifoder.se\/fi\/wp-json\/wp\/v2\/types\/product"}],"replies":[{"embeddable":true,"href":"https:\/\/pippifoder.se\/fi\/wp-json\/wp\/v2\/comments?post=23050"}],"wp:featuredmedia":[{"embeddable":true,"href":"https:\/\/pippifoder.se\/fi\/wp-json\/wp\/v2\/media\/22960"}],"wp:attachment":[{"href":"https:\/\/pippifoder.se\/fi\/wp-json\/wp\/v2\/media?parent=23050"}],"wp:term":[{"taxonomy":"product_brand","embeddable":true,"href":"https:\/\/pippifoder.se\/fi\/wp-json\/wp\/v2\/product_brand?post=23050"},{"taxonomy":"product_cat","embeddable":true,"href":"https:\/\/pippifoder.se\/fi\/wp-json\/wp\/v2\/product_cat?post=23050"},{"taxonomy":"product_tag","embeddable":true,"href":"https:\/\/pippifoder.se\/fi\/wp-json\/wp\/v2\/product_tag?post=23050"}],"curies":[{"name":"wp","href":"https:\/\/api.w.org\/{rel}","templated":true}]}}