{"id":23030,"date":"2025-03-03T13:37:33","date_gmt":"2025-03-03T13:37:33","guid":{"rendered":"https:\/\/pippifoder.se\/Ei-luokiteltu\/bergs-ruukut-koopenhaminan-ruukku-lasitettu-lautasella\/"},"modified":"2026-04-15T12:58:27","modified_gmt":"2026-04-15T10:58:27","slug":"bergs-ruukut-koopenhaminan-ruukku-lasitettu-lautasella","status":"publish","type":"product","link":"https:\/\/pippifoder.se\/fi\/tuote\/tradgard-fi\/ruukut\/bergs-ruukut-koopenhaminan-ruukku-lasitettu-lautasella\/","title":{"rendered":"Bergs ruukut &#8211; K\u00f6\u00f6penhaminan ruukku lasitettu lautasella"},"content":{"rendered":"<h2>Tietoja BERGS POTTERin ruukusta<\/h2>\n<ul>\n<li>Kaunis vihre\u00e4 lasite<\/li>\n<li>Ajaton, eksklusiivinen muotoilu<\/li>\n<li>Koristeelliset yksityiskohdat<\/li>\n<li>Vain sis\u00e4k\u00e4ytt\u00f6\u00f6n<\/li>\n<li>Valitse eri v\u00e4rej\u00e4 ja kokoja<\/li>\n<li>Bergsin lasitettu-sarjasta<\/li>\n<li>Mukana olevat tynnyrit<\/li>\n<li>Valmistettu Italiassa<\/li>\n<\/ul>\n","protected":false},"excerpt":{"rendered":"<p>Bergs Potterin lasitettu K\u00f6\u00f6penhaminan ruukku \u00d814 cm on k\u00e4sin lasitettu saviruukku, joka on valmistettu korkealaatuisesta italialaisesta savesta, joka antaa kasvien juurien hengitt\u00e4\u00e4 ja s\u00e4ilytt\u00e4\u00e4 samalla kosteuden maaper\u00e4ss\u00e4. Intensiivinen lasitus yhdess\u00e4 kohokoristeen kanssa tekee ruukusta ikkunalaudan koristeen. Ruukun v\u00e4rin ja viimeistelyn vaihtelut lis\u00e4\u00e4v\u00e4t tuotteen vieh\u00e4tt\u00e4vyytt\u00e4 entisest\u00e4\u00e4n.  <\/p>\n","protected":false},"featured_media":22871,"comment_status":"open","ping_status":"closed","template":"","meta":{"_acf_changed":false},"product_brand":[],"product_cat":[344,324],"product_tag":[],"class_list":{"0":"post-23030","1":"product","2":"type-product","3":"status-publish","4":"has-post-thumbnail","6":"product_cat-ruukut","7":"product_cat-tradgard-fi","9":"first","10":"instock","11":"taxable","12":"shipping-taxable","13":"purchasable","14":"product-type-variable","15":"has-default-attributes"},"bundled_by":[],"bundle_stock_status":"instock","bundle_stock_quantity":10,"bundle_virtual":false,"bundle_layout":"","bundle_add_to_cart_form_location":"","bundle_editable_in_cart":false,"bundle_sold_individually_context":"","bundle_item_grouping":"","bundle_min_size":"","bundle_max_size":"","bundle_price":[],"bundled_items":[],"bundle_sell_ids":[],"acf":[],"_links":{"self":[{"href":"https:\/\/pippifoder.se\/fi\/wp-json\/wp\/v2\/product\/23030","targetHints":{"allow":["GET"]}}],"collection":[{"href":"https:\/\/pippifoder.se\/fi\/wp-json\/wp\/v2\/product"}],"about":[{"href":"https:\/\/pippifoder.se\/fi\/wp-json\/wp\/v2\/types\/product"}],"replies":[{"embeddable":true,"href":"https:\/\/pippifoder.se\/fi\/wp-json\/wp\/v2\/comments?post=23030"}],"wp:featuredmedia":[{"embeddable":true,"href":"https:\/\/pippifoder.se\/fi\/wp-json\/wp\/v2\/media\/22871"}],"wp:attachment":[{"href":"https:\/\/pippifoder.se\/fi\/wp-json\/wp\/v2\/media?parent=23030"}],"wp:term":[{"taxonomy":"product_brand","embeddable":true,"href":"https:\/\/pippifoder.se\/fi\/wp-json\/wp\/v2\/product_brand?post=23030"},{"taxonomy":"product_cat","embeddable":true,"href":"https:\/\/pippifoder.se\/fi\/wp-json\/wp\/v2\/product_cat?post=23030"},{"taxonomy":"product_tag","embeddable":true,"href":"https:\/\/pippifoder.se\/fi\/wp-json\/wp\/v2\/product_tag?post=23030"}],"curies":[{"name":"wp","href":"https:\/\/api.w.org\/{rel}","templated":true}]}}