{"id":23023,"date":"2025-03-03T18:50:07","date_gmt":"2025-03-03T18:50:07","guid":{"rendered":"https:\/\/pippifoder.se\/Ei-luokiteltu\/10-litran-vesiannostelija-jossa-on-jalat\/"},"modified":"2025-11-04T16:52:29","modified_gmt":"2025-11-04T16:52:29","slug":"10-litran-vesiannostelija-jossa-on-jalat","status":"publish","type":"product","link":"https:\/\/pippifoder.se\/fi\/tuote\/kanat\/vedenannostelija\/10-litran-vesiannostelija-jossa-on-jalat\/","title":{"rendered":"10 litran vesiannostelija, jossa on jalat"},"content":{"rendered":"","protected":false},"excerpt":{"rendered":"<p>Punainen muovinen 10 litran vesiannostelija, jossa on 3 jalkaa. S\u00e4ili\u00f6n yl\u00e4osassa olevien korvakkeiden ansiosta se seisoo tukevasti t\u00e4ytett\u00e4ess\u00e4 tai puhdistettaessa. Vesiannostelijassa kahva pit\u00e4mist\u00e4 tai ripustamista varten.  <\/p>\n","protected":false},"featured_media":22898,"comment_status":"open","ping_status":"closed","template":"","meta":{"_acf_changed":false},"product_brand":[],"product_cat":[340],"product_tag":[],"class_list":{"0":"post-23023","1":"product","2":"type-product","3":"status-publish","4":"has-post-thumbnail","6":"product_cat-vedenannostelija","8":"first","9":"instock","10":"taxable","11":"shipping-taxable","12":"purchasable","13":"product-type-simple"},"bundled_by":[],"bundle_stock_status":"instock","bundle_stock_quantity":24,"bundle_virtual":false,"bundle_layout":"","bundle_add_to_cart_form_location":"","bundle_editable_in_cart":false,"bundle_sold_individually_context":"","bundle_item_grouping":"","bundle_min_size":"","bundle_max_size":"","bundle_price":[],"bundled_items":[],"bundle_sell_ids":[],"acf":[],"_links":{"self":[{"href":"https:\/\/pippifoder.se\/fi\/wp-json\/wp\/v2\/product\/23023","targetHints":{"allow":["GET"]}}],"collection":[{"href":"https:\/\/pippifoder.se\/fi\/wp-json\/wp\/v2\/product"}],"about":[{"href":"https:\/\/pippifoder.se\/fi\/wp-json\/wp\/v2\/types\/product"}],"replies":[{"embeddable":true,"href":"https:\/\/pippifoder.se\/fi\/wp-json\/wp\/v2\/comments?post=23023"}],"wp:featuredmedia":[{"embeddable":true,"href":"https:\/\/pippifoder.se\/fi\/wp-json\/wp\/v2\/media\/22898"}],"wp:attachment":[{"href":"https:\/\/pippifoder.se\/fi\/wp-json\/wp\/v2\/media?parent=23023"}],"wp:term":[{"taxonomy":"product_brand","embeddable":true,"href":"https:\/\/pippifoder.se\/fi\/wp-json\/wp\/v2\/product_brand?post=23023"},{"taxonomy":"product_cat","embeddable":true,"href":"https:\/\/pippifoder.se\/fi\/wp-json\/wp\/v2\/product_cat?post=23023"},{"taxonomy":"product_tag","embeddable":true,"href":"https:\/\/pippifoder.se\/fi\/wp-json\/wp\/v2\/product_tag?post=23023"}],"curies":[{"name":"wp","href":"https:\/\/api.w.org\/{rel}","templated":true}]}}