{"id":23011,"date":"2025-03-04T09:02:21","date_gmt":"2025-03-04T09:02:21","guid":{"rendered":"https:\/\/pippifoder.se\/Ei-luokiteltu\/metallinen-lammitin-e27-o210mm\/"},"modified":"2025-03-04T09:02:21","modified_gmt":"2025-03-04T09:02:21","slug":"metallinen-lammitin-e27-o210mm","status":"publish","type":"product","link":"https:\/\/pippifoder.se\/fi\/tuote\/kanat\/metallinen-lammitin-e27-o210mm\/","title":{"rendered":"Metallinen l\u00e4mmitin E27 \u00d8210mm"},"content":{"rendered":"<p>Varoitus. L\u00e4mp\u00f6lamput ja l\u00e4mp\u00f6katot on asennettava siten, ett\u00e4 pistoke vedet\u00e4\u00e4n ulos ja j\u00e4nnite katkaistaan, jos ne putoavat. S\u00e4hk\u00f6pistorasiat on siksi asennettava alasp\u00e4in p\u00e4in sen paikan yl\u00e4puolelle, johon lamppu tai l\u00e4mp\u00f6katto on ripustettu. Ne on asennettava v\u00e4hint\u00e4\u00e4n 50 cm:n et\u00e4isyydelle palavasta materiaalista, ellei valmistaja m\u00e4\u00e4rit\u00e4 suurempaa et\u00e4isyytt\u00e4.   <\/p>\n<p>El\u00e4insuojien l\u00e4mmitysalustat eli l\u00e4mp\u00f6matot ja vastaavat olisi kytkett\u00e4v\u00e4 suojamuuntajan kautta. L\u00e4himp\u00e4n\u00e4 l\u00e4mmityspeti\u00e4 oleva liit\u00e4nt\u00e4johto olisi suojattava mekaanisesti esimerkiksi OMG-putkilla tai vastaavalla. <\/p>\n<p>Infrapunal\u00e4mmittimet ja aurinkotuolit, esimerkiksi hevostalleissa, on valmistettava siten, ett\u00e4 ne t\u00e4ytt\u00e4v\u00e4t tilalle vaaditun kotelointiluokan IP44, ja ne on varustettava ajastimella, jonka kesto on enint\u00e4\u00e4n 30 minuuttia. Alue on pidett\u00e4v\u00e4 puhtaana ja siistin\u00e4, ja p\u00f6lyn levi\u00e4minen on estett\u00e4v\u00e4. <\/p>\n","protected":false},"excerpt":{"rendered":"<p>S\u00e4teilyl\u00e4mp\u00f6lamppu, jossa on suojas\u00e4leikk\u00f6. Toimitetaan ripustuslaitteen, koukun, s\u00e4hk\u00f6kaapelin ja pistokkeen kanssa. T\u00e4ydennet\u00e4\u00e4n <a href=\"https:\/\/pippifoder.se\/produkt\/hons\/varmelampa-e27-infrarod-150w\/\">l\u00e4mp\u00f6lampulla<\/a>.  <\/p>\n","protected":false},"featured_media":22950,"comment_status":"open","ping_status":"closed","template":"","meta":{"_acf_changed":false},"product_brand":[],"product_cat":[335],"product_tag":[],"class_list":{"0":"post-23011","1":"product","2":"type-product","3":"status-publish","4":"has-post-thumbnail","6":"product_cat-kanat","8":"first","9":"instock","10":"taxable","11":"shipping-taxable","12":"purchasable","13":"product-type-simple"},"bundled_by":[],"bundle_stock_status":"instock","bundle_stock_quantity":35,"bundle_virtual":false,"bundle_layout":"","bundle_add_to_cart_form_location":"","bundle_editable_in_cart":false,"bundle_sold_individually_context":"","bundle_item_grouping":"","bundle_min_size":"","bundle_max_size":"","bundle_price":[],"bundled_items":[],"bundle_sell_ids":[],"acf":[],"_links":{"self":[{"href":"https:\/\/pippifoder.se\/fi\/wp-json\/wp\/v2\/product\/23011","targetHints":{"allow":["GET"]}}],"collection":[{"href":"https:\/\/pippifoder.se\/fi\/wp-json\/wp\/v2\/product"}],"about":[{"href":"https:\/\/pippifoder.se\/fi\/wp-json\/wp\/v2\/types\/product"}],"replies":[{"embeddable":true,"href":"https:\/\/pippifoder.se\/fi\/wp-json\/wp\/v2\/comments?post=23011"}],"wp:featuredmedia":[{"embeddable":true,"href":"https:\/\/pippifoder.se\/fi\/wp-json\/wp\/v2\/media\/22950"}],"wp:attachment":[{"href":"https:\/\/pippifoder.se\/fi\/wp-json\/wp\/v2\/media?parent=23011"}],"wp:term":[{"taxonomy":"product_brand","embeddable":true,"href":"https:\/\/pippifoder.se\/fi\/wp-json\/wp\/v2\/product_brand?post=23011"},{"taxonomy":"product_cat","embeddable":true,"href":"https:\/\/pippifoder.se\/fi\/wp-json\/wp\/v2\/product_cat?post=23011"},{"taxonomy":"product_tag","embeddable":true,"href":"https:\/\/pippifoder.se\/fi\/wp-json\/wp\/v2\/product_tag?post=23011"}],"curies":[{"name":"wp","href":"https:\/\/api.w.org\/{rel}","templated":true}]}}