{"id":23007,"date":"2025-03-04T08:58:22","date_gmt":"2025-03-04T08:58:22","guid":{"rendered":"https:\/\/pippifoder.se\/Ei-luokiteltu\/ruokintakaukalo-kanoille-ja-kanoille-sinkitty-50x10cm\/"},"modified":"2026-04-15T12:58:29","modified_gmt":"2026-04-15T10:58:29","slug":"ruokintakaukalo-kanoille-ja-kanoille-sinkitty-50x10cm","status":"publish","type":"product","link":"https:\/\/pippifoder.se\/fi\/tuote\/kanat\/syottolaite-ja-syottokaukalo\/ruokintakaukalo-kanoille-ja-kanoille-sinkitty-50x10cm\/","title":{"rendered":"Ruokintakaukalo kanoille ja kanoille Sinkitty 50x10cm"},"content":{"rendered":"","protected":false},"excerpt":{"rendered":"<p>Sinkitty ruokintakaukalo, jossa on irrotettava ritil\u00e4, joka on helppo puhdistaa. K\u00e4yt\u00e4nn\u00f6llinen ja helppohoitoinen, koko 50x10cm. Sijoitetaan sis\u00e4lle tai kannen alle. Eritt\u00e4in tiivis ritil\u00e4n v\u00e4liss\u00e4, jotta kanat mahtuvat siihen.   <\/p>\n","protected":false},"featured_media":22944,"comment_status":"open","ping_status":"closed","template":"","meta":{"_acf_changed":false},"product_brand":[],"product_cat":[338],"product_tag":[],"class_list":{"0":"post-23007","1":"product","2":"type-product","3":"status-publish","4":"has-post-thumbnail","6":"product_cat-syottolaite-ja-syottokaukalo","8":"first","9":"instock","10":"taxable","11":"shipping-taxable","12":"purchasable","13":"product-type-simple"},"bundled_by":[],"bundle_stock_status":"instock","bundle_stock_quantity":28,"bundle_virtual":false,"bundle_layout":"","bundle_add_to_cart_form_location":"","bundle_editable_in_cart":false,"bundle_sold_individually_context":"","bundle_item_grouping":"","bundle_min_size":"","bundle_max_size":"","bundle_price":[],"bundled_items":[],"bundle_sell_ids":[],"acf":[],"_links":{"self":[{"href":"https:\/\/pippifoder.se\/fi\/wp-json\/wp\/v2\/product\/23007","targetHints":{"allow":["GET"]}}],"collection":[{"href":"https:\/\/pippifoder.se\/fi\/wp-json\/wp\/v2\/product"}],"about":[{"href":"https:\/\/pippifoder.se\/fi\/wp-json\/wp\/v2\/types\/product"}],"replies":[{"embeddable":true,"href":"https:\/\/pippifoder.se\/fi\/wp-json\/wp\/v2\/comments?post=23007"}],"wp:featuredmedia":[{"embeddable":true,"href":"https:\/\/pippifoder.se\/fi\/wp-json\/wp\/v2\/media\/22944"}],"wp:attachment":[{"href":"https:\/\/pippifoder.se\/fi\/wp-json\/wp\/v2\/media?parent=23007"}],"wp:term":[{"taxonomy":"product_brand","embeddable":true,"href":"https:\/\/pippifoder.se\/fi\/wp-json\/wp\/v2\/product_brand?post=23007"},{"taxonomy":"product_cat","embeddable":true,"href":"https:\/\/pippifoder.se\/fi\/wp-json\/wp\/v2\/product_cat?post=23007"},{"taxonomy":"product_tag","embeddable":true,"href":"https:\/\/pippifoder.se\/fi\/wp-json\/wp\/v2\/product_tag?post=23007"}],"curies":[{"name":"wp","href":"https:\/\/api.w.org\/{rel}","templated":true}]}}