{"id":22974,"date":"2025-03-04T09:15:35","date_gmt":"2025-03-04T09:15:35","guid":{"rendered":"https:\/\/pippifoder.se\/?post_type=product&#038;p=22974"},"modified":"2025-09-26T08:13:12","modified_gmt":"2025-09-26T08:13:12","slug":"tallopalloteline-suuri-kopia-kopia","status":"publish","type":"product","link":"https:\/\/pippifoder.se\/fi\/tuote\/tarvikkeet\/rehusailio-ja-varastointi\/tallopalloteline-suuri-kopia-kopia\/","title":{"rendered":"Sy\u00f6tt\u00f6kauha"},"content":{"rendered":"","protected":false},"excerpt":{"rendered":"<p>K\u00e4tev\u00e4 ruokinta\u00e4mp\u00e4ri. Ruokinta\u00e4mp\u00e4riin on helppo t\u00e4ytt\u00e4\u00e4 lintujen ruokaa. Kapea muoto helpottaa lintujen ruokinta-astioiden t\u00e4ytt\u00e4mist\u00e4.  <\/p>\n","protected":false},"featured_media":22978,"comment_status":"closed","ping_status":"closed","template":"","meta":{"_acf_changed":false},"product_brand":[],"product_cat":[164,335,165],"product_tag":[],"class_list":{"0":"post-22974","1":"product","2":"type-product","3":"status-publish","4":"has-post-thumbnail","6":"product_cat-rehusailio-ja-varastointi","7":"product_cat-kanat","8":"product_cat-tarvikkeet","10":"first","11":"instock","12":"taxable","13":"shipping-taxable","14":"purchasable","15":"product-type-simple"},"bundled_by":[],"bundle_stock_status":"instock","bundle_stock_quantity":65,"bundle_virtual":false,"bundle_layout":"","bundle_add_to_cart_form_location":"","bundle_editable_in_cart":false,"bundle_sold_individually_context":"","bundle_item_grouping":"","bundle_min_size":"","bundle_max_size":"","bundle_price":[],"bundled_items":[],"bundle_sell_ids":[],"acf":[],"_links":{"self":[{"href":"https:\/\/pippifoder.se\/fi\/wp-json\/wp\/v2\/product\/22974","targetHints":{"allow":["GET"]}}],"collection":[{"href":"https:\/\/pippifoder.se\/fi\/wp-json\/wp\/v2\/product"}],"about":[{"href":"https:\/\/pippifoder.se\/fi\/wp-json\/wp\/v2\/types\/product"}],"replies":[{"embeddable":true,"href":"https:\/\/pippifoder.se\/fi\/wp-json\/wp\/v2\/comments?post=22974"}],"wp:featuredmedia":[{"embeddable":true,"href":"https:\/\/pippifoder.se\/fi\/wp-json\/wp\/v2\/media\/22978"}],"wp:attachment":[{"href":"https:\/\/pippifoder.se\/fi\/wp-json\/wp\/v2\/media?parent=22974"}],"wp:term":[{"taxonomy":"product_brand","embeddable":true,"href":"https:\/\/pippifoder.se\/fi\/wp-json\/wp\/v2\/product_brand?post=22974"},{"taxonomy":"product_cat","embeddable":true,"href":"https:\/\/pippifoder.se\/fi\/wp-json\/wp\/v2\/product_cat?post=22974"},{"taxonomy":"product_tag","embeddable":true,"href":"https:\/\/pippifoder.se\/fi\/wp-json\/wp\/v2\/product_tag?post=22974"}],"curies":[{"name":"wp","href":"https:\/\/api.w.org\/{rel}","templated":true}]}}