{"id":22703,"date":"2025-02-24T07:50:03","date_gmt":"2025-02-24T07:50:03","guid":{"rendered":"https:\/\/pippifoder.se\/Ei-luokiteltu\/syottotynnyri-jossa-on-kansi-50l\/"},"modified":"2026-04-15T13:04:00","modified_gmt":"2026-04-15T11:04:00","slug":"syottotynnyri-jossa-on-kansi-50l","status":"publish","type":"product","link":"https:\/\/pippifoder.se\/fi\/tuote\/tarvikkeet\/rehusailio-ja-varastointi\/syottotynnyri-jossa-on-kansi-50l\/","title":{"rendered":"Sy\u00f6tt\u00f6tynnyri, jossa on kansi 50l"},"content":{"rendered":"","protected":false},"excerpt":{"rendered":"<p>Ruotsalaisvalmisteinen 50 litran musta tynnyri kannella.<\/p>\n<p data-start=\"50\" data-end=\"405\">T\u00e4m\u00e4 ruotsalaisvalmisteinen 50 litran rehutynnyri on kest\u00e4v\u00e4 ja k\u00e4yt\u00e4nn\u00f6llinen valinta rehun, pellettien tai muiden kuivien aineiden s\u00e4ilytykseen. Se on valmistettu kierr\u00e4tetyst\u00e4 polypropeenimuovista, joten se on sek\u00e4 kest\u00e4v\u00e4 ett\u00e4 ymp\u00e4rist\u00f6yst\u00e4v\u00e4llinen. Mustassa tynnyriss\u00e4 on kahvat helppoa k\u00e4sittely\u00e4 varten. Rehutynnyri myyd\u00e4\u00e4n sis\u00e4lt\u00e4en kannen.   <\/p>\n<p data-start=\"407\" data-end=\"624\">\u2705 Tilavuus: 50 <strong data-start=\"409\" data-end=\"419\">litraa<\/strong><br data-start=\"428\" data-end=\"431\">\u2705 <strong data-start=\"433\" data-end=\"446\" data-is-only-node=\"\">Materiaali: Kierr\u00e4tetty polypropyleenimuovi<\/strong><br data-start=\"473\" data-end=\"476\">\u2705 <strong data-start=\"478\" data-end=\"487\">Mitat: Korkeus<\/strong> 47 cm, pohjan halkaisija 33 cm, yl\u00e4osan halkaisija 40 cm<br data-start=\"537\" data-end=\"540\">\u2705 Ymp\u00e4rist\u00f6\u00e4 s\u00e4\u00e4st\u00e4v\u00e4 valinta &#8211; valmistettu kierr\u00e4tysmuovista<br data-start=\"593\" data-end=\"596\">\u274c Ei elintarvikelaatuinen<\/p>\n<p data-start=\"626\" data-end=\"690\" data-is-last-node=\"\" data-is-only-node=\"\">T\u00e4ydellinen niille, jotka tarvitsevat vakaan ja kest\u00e4v\u00e4n s\u00e4ilytystynnyrin!<\/p>\n","protected":false},"featured_media":22244,"comment_status":"open","ping_status":"closed","template":"","meta":{"_acf_changed":false},"product_brand":[],"product_cat":[164,165],"product_tag":[],"class_list":{"0":"post-22703","1":"product","2":"type-product","3":"status-publish","4":"has-post-thumbnail","6":"product_cat-rehusailio-ja-varastointi","7":"product_cat-tarvikkeet","9":"first","10":"instock","11":"taxable","12":"shipping-taxable","13":"purchasable","14":"product-type-simple"},"bundled_by":[],"bundle_stock_status":"instock","bundle_stock_quantity":15,"bundle_virtual":false,"bundle_layout":"","bundle_add_to_cart_form_location":"","bundle_editable_in_cart":false,"bundle_sold_individually_context":"","bundle_item_grouping":"","bundle_min_size":"","bundle_max_size":"","bundle_price":[],"bundled_items":[],"bundle_sell_ids":[],"acf":[],"_links":{"self":[{"href":"https:\/\/pippifoder.se\/fi\/wp-json\/wp\/v2\/product\/22703","targetHints":{"allow":["GET"]}}],"collection":[{"href":"https:\/\/pippifoder.se\/fi\/wp-json\/wp\/v2\/product"}],"about":[{"href":"https:\/\/pippifoder.se\/fi\/wp-json\/wp\/v2\/types\/product"}],"replies":[{"embeddable":true,"href":"https:\/\/pippifoder.se\/fi\/wp-json\/wp\/v2\/comments?post=22703"}],"wp:featuredmedia":[{"embeddable":true,"href":"https:\/\/pippifoder.se\/fi\/wp-json\/wp\/v2\/media\/22244"}],"wp:attachment":[{"href":"https:\/\/pippifoder.se\/fi\/wp-json\/wp\/v2\/media?parent=22703"}],"wp:term":[{"taxonomy":"product_brand","embeddable":true,"href":"https:\/\/pippifoder.se\/fi\/wp-json\/wp\/v2\/product_brand?post=22703"},{"taxonomy":"product_cat","embeddable":true,"href":"https:\/\/pippifoder.se\/fi\/wp-json\/wp\/v2\/product_cat?post=22703"},{"taxonomy":"product_tag","embeddable":true,"href":"https:\/\/pippifoder.se\/fi\/wp-json\/wp\/v2\/product_tag?post=22703"}],"curies":[{"name":"wp","href":"https:\/\/api.w.org\/{rel}","templated":true}]}}