{"id":22567,"date":"2025-02-02T19:19:29","date_gmt":"2025-02-02T19:19:29","guid":{"rendered":"https:\/\/pippifoder.se\/Ei-luokiteltu\/blomstra-orchid-nutrition-300-ml\/"},"modified":"2025-11-09T17:10:25","modified_gmt":"2025-11-09T17:10:25","slug":"blomstra-orchid-nutrition-300-ml","status":"publish","type":"product","link":"https:\/\/pippifoder.se\/fi\/tuote\/tradgard-fi\/kasvien-ravitsemus\/blomstra-orchid-nutrition-300-ml\/","title":{"rendered":"Blomstra Orchid Nutrition 300 ml"},"content":{"rendered":"","protected":false},"excerpt":{"rendered":"<p>Blomstra Orchid Nutrition on kehitetty erityisesti antamaan orkideoille ravintoa, jota ne tarvitsevat kukkiakseen kauniisti ja pysy\u00e4kseen tervein\u00e4. Sen ainutlaatuinen koostumus tukee sek\u00e4 kasvua ett\u00e4 kukintaa, mik\u00e4 johtaa vahvoihin ja elinvoimaisiin kasveihin. <\/p>\n<p>Parhaiden tulosten saavuttamiseksi lis\u00e4\u00e4 Blossom Orchid Nutrient -ravinnetta jokaisen kastelun yhteydess\u00e4 maaliskuun ja lokakuun v\u00e4lisen\u00e4 aikana. Tehokas menetelm\u00e4 on upottaa koko ruukku ravinneliuokseen &#8211; varmista kuitenkin, ett\u00e4 v\u00e4lt\u00e4t veden joutumista lehtiruusuihin. Anna kasvin valua perusteellisesti, ennen kuin asetat sen takaisin ulkoruukkuun.  <\/p>\n<ul>\n<li><strong>Annostus:<\/strong> 2 ml litraa vett\u00e4 kohti.<\/li>\n<li><strong>Sis\u00e4lt\u00f6:<\/strong> 300 ml riitt\u00e4\u00e4 150 litraan kasteluvett\u00e4.<\/li>\n<li><strong>Edut:<\/strong><br \/>\n\u2705 Optimaalinen ravinto orkideoille<br \/>\n\u2705 Korkki sis\u00e4\u00e4nrakennetulla annostelumittarilla<br \/>\n\u2705 Kuiva ja helppok\u00e4ytt\u00f6inen<\/li>\n<\/ul>\n<p>Anna orkideoillesi parasta mahdollista hoitoa Blomstra Orchid Nutritionin avulla &#8211; pitk\u00e4aikaiseen kukintaan ja vahvoihin, terveisiin kasveihin! \ud83c\udf38\u2728 <\/p>\n","protected":false},"featured_media":20506,"comment_status":"open","ping_status":"closed","template":"","meta":{"_acf_changed":false},"product_brand":[],"product_cat":[308],"product_tag":[],"class_list":{"0":"post-22567","1":"product","2":"type-product","3":"status-publish","4":"has-post-thumbnail","6":"product_cat-kasvien-ravitsemus","8":"first","9":"instock","10":"taxable","11":"shipping-taxable","12":"purchasable","13":"product-type-simple"},"bundled_by":[],"bundle_stock_status":"instock","bundle_stock_quantity":43,"bundle_virtual":false,"bundle_layout":"","bundle_add_to_cart_form_location":"","bundle_editable_in_cart":false,"bundle_sold_individually_context":"","bundle_item_grouping":"","bundle_min_size":"","bundle_max_size":"","bundle_price":[],"bundled_items":[],"bundle_sell_ids":[],"acf":[],"_links":{"self":[{"href":"https:\/\/pippifoder.se\/fi\/wp-json\/wp\/v2\/product\/22567","targetHints":{"allow":["GET"]}}],"collection":[{"href":"https:\/\/pippifoder.se\/fi\/wp-json\/wp\/v2\/product"}],"about":[{"href":"https:\/\/pippifoder.se\/fi\/wp-json\/wp\/v2\/types\/product"}],"replies":[{"embeddable":true,"href":"https:\/\/pippifoder.se\/fi\/wp-json\/wp\/v2\/comments?post=22567"}],"wp:featuredmedia":[{"embeddable":true,"href":"https:\/\/pippifoder.se\/fi\/wp-json\/wp\/v2\/media\/20506"}],"wp:attachment":[{"href":"https:\/\/pippifoder.se\/fi\/wp-json\/wp\/v2\/media?parent=22567"}],"wp:term":[{"taxonomy":"product_brand","embeddable":true,"href":"https:\/\/pippifoder.se\/fi\/wp-json\/wp\/v2\/product_brand?post=22567"},{"taxonomy":"product_cat","embeddable":true,"href":"https:\/\/pippifoder.se\/fi\/wp-json\/wp\/v2\/product_cat?post=22567"},{"taxonomy":"product_tag","embeddable":true,"href":"https:\/\/pippifoder.se\/fi\/wp-json\/wp\/v2\/product_tag?post=22567"}],"curies":[{"name":"wp","href":"https:\/\/api.w.org\/{rel}","templated":true}]}}