{"id":22561,"date":"2025-02-02T19:16:23","date_gmt":"2025-02-02T19:16:23","guid":{"rendered":"https:\/\/pippifoder.se\/Ei-luokiteltu\/blomstra-tomaatin-ravinne-750-ml\/"},"modified":"2025-02-02T19:16:23","modified_gmt":"2025-02-02T19:16:23","slug":"blomstra-tomaatin-ravinne-750-ml","status":"publish","type":"product","link":"https:\/\/pippifoder.se\/fi\/tuote\/tradgard-fi\/kasvien-ravitsemus\/blomstra-tomaatin-ravinne-750-ml\/","title":{"rendered":"Blomstra Tomaatin ravinne 750 ml"},"content":{"rendered":"","protected":false},"excerpt":{"rendered":"<p>Blomstra-tomaattilannoite on edistyksellinen kasvinravinne, joka perustuu Ruotsin maatalousyliopiston palkittuun tutkimukseen.<\/p>\n<p>T\u00e4m\u00e4 erityisesti kehitetty ravinne sis\u00e4lt\u00e4\u00e4 kaikki olennaiset ravintoaineet t\u00e4ydellisess\u00e4 tasapainossa, mik\u00e4 takaa optimaalisen kasvun ja v\u00e4hent\u00e4\u00e4 ymp\u00e4rist\u00f6vaikutuksia. Kun kastelet Blomstra-tomaattilannoitteella, tomaattikasvisi saavat oikeat ravinteet jokaisessa kehitysvaiheessa &#8211; it\u00e4misest\u00e4 sadonkorjuuseen &#8211; ja tuloksena ovat vahvat kasvit, runsas sato ja erityisen maukkaat tomaatit. <\/p>\n<ul>\n<li><strong>K\u00e4ytt\u00f6:<\/strong> Lis\u00e4\u00e4 jokaisen kastelun yhteydess\u00e4 parhaan tuloksen saavuttamiseksi.<\/li>\n<li><strong>Annostus:<\/strong> 2 ml litraa vett\u00e4 kohti.<\/li>\n<li><strong>Sis\u00e4lt\u00f6:<\/strong> 750 ml riitt\u00e4\u00e4 375 litraan kasteluvett\u00e4.<\/li>\n<li><strong>Edut:<\/strong><br \/>\n\u2705 Optimaalinen ravintoainekoostumus tomaateille<br \/>\n\u2705 Korkki, jossa on sis\u00e4\u00e4nrakennettu annostelumittari<br \/>\n\u2705 Kuiva ja tehokas<\/li>\n<\/ul>\n<p>Anna tomaattikasveillesi parhaat edellytykset runsaalle ja maukkaalle sadolle Blomstran avulla! \ud83c\udf45\u2728 <\/p>\n","protected":false},"featured_media":20501,"comment_status":"open","ping_status":"closed","template":"","meta":{"_acf_changed":false},"product_brand":[],"product_cat":[308],"product_tag":[],"class_list":{"0":"post-22561","1":"product","2":"type-product","3":"status-publish","4":"has-post-thumbnail","6":"product_cat-kasvien-ravitsemus","8":"first","9":"instock","10":"taxable","11":"shipping-taxable","12":"purchasable","13":"product-type-simple"},"bundled_by":[],"bundle_stock_status":"instock","bundle_stock_quantity":26,"bundle_virtual":false,"bundle_layout":"","bundle_add_to_cart_form_location":"","bundle_editable_in_cart":false,"bundle_sold_individually_context":"","bundle_item_grouping":"","bundle_min_size":"","bundle_max_size":"","bundle_price":[],"bundled_items":[],"bundle_sell_ids":[],"acf":[],"_links":{"self":[{"href":"https:\/\/pippifoder.se\/fi\/wp-json\/wp\/v2\/product\/22561","targetHints":{"allow":["GET"]}}],"collection":[{"href":"https:\/\/pippifoder.se\/fi\/wp-json\/wp\/v2\/product"}],"about":[{"href":"https:\/\/pippifoder.se\/fi\/wp-json\/wp\/v2\/types\/product"}],"replies":[{"embeddable":true,"href":"https:\/\/pippifoder.se\/fi\/wp-json\/wp\/v2\/comments?post=22561"}],"wp:featuredmedia":[{"embeddable":true,"href":"https:\/\/pippifoder.se\/fi\/wp-json\/wp\/v2\/media\/20501"}],"wp:attachment":[{"href":"https:\/\/pippifoder.se\/fi\/wp-json\/wp\/v2\/media?parent=22561"}],"wp:term":[{"taxonomy":"product_brand","embeddable":true,"href":"https:\/\/pippifoder.se\/fi\/wp-json\/wp\/v2\/product_brand?post=22561"},{"taxonomy":"product_cat","embeddable":true,"href":"https:\/\/pippifoder.se\/fi\/wp-json\/wp\/v2\/product_cat?post=22561"},{"taxonomy":"product_tag","embeddable":true,"href":"https:\/\/pippifoder.se\/fi\/wp-json\/wp\/v2\/product_tag?post=22561"}],"curies":[{"name":"wp","href":"https:\/\/api.w.org\/{rel}","templated":true}]}}