{"id":22541,"date":"2025-02-13T12:46:25","date_gmt":"2025-02-13T11:46:25","guid":{"rendered":"https:\/\/pippifoder.se\/Ei-luokiteltu\/fynd-20-kg-hienonnettuja-ja-kuorittuja-auringonkukansiemenia-rehusailiossa\/"},"modified":"2026-05-08T11:15:58","modified_gmt":"2026-05-08T09:15:58","slug":"fynd-20-kg-hienonnettuja-ja-kuorittuja-auringonkukansiemenia-rehusailiossa","status":"publish","type":"product","link":"https:\/\/pippifoder.se\/fi\/tuote\/alennuskulma\/fynd-20-kg-hienonnettuja-ja-kuorittuja-auringonkukansiemenia-rehusailiossa\/","title":{"rendered":"FYND &#8211; 20 kg hienonnettuja ja kuorittuja auringonkukansiemeni\u00e4 rehus\u00e4ili\u00f6ss\u00e4."},"content":{"rendered":"","protected":false},"excerpt":{"rendered":"<p>Noin 20 kg hienonnettuja ja kuorittuja auringonkukansiemeni\u00e4 punaisessa rehutynnyriss\u00e4. HUOM, tynnyriss\u00e4 ei ole s\u00e4kki\u00e4, siemenet ovat rikkoutuneista s\u00e4kkeist\u00e4, jotka kaadoimme rehutynnyriin. Rehussa ei ole mit\u00e4\u00e4n vikaa, mutta emme voi myyd\u00e4 sit\u00e4, kun s\u00e4kki on rikki.  <\/p>\n","protected":false},"featured_media":21539,"comment_status":"open","ping_status":"closed","template":"","meta":{"_acf_changed":false},"product_brand":[],"product_cat":[295,132,131,50,112,122],"product_tag":[],"class_list":{"0":"post-22541","1":"product","2":"type-product","3":"status-publish","4":"has-post-thumbnail","6":"product_cat-alennuskulma","7":"product_cat-auringonkukansiemenet","8":"product_cat-auringonkukansiemenet-linnuille","9":"product_cat-fagelfron-fagelmat-pa-rea","10":"product_cat-lintujen-ruokaa","11":"product_cat-lintujen-siemenia-ja-lintujen-ruokaa-myynnissa","13":"first","14":"outofstock","15":"sale","16":"taxable","17":"shipping-taxable","18":"purchasable","19":"product-type-simple"},"bundled_by":[],"bundle_stock_status":"outofstock","bundle_stock_quantity":0,"bundle_virtual":false,"bundle_layout":"","bundle_add_to_cart_form_location":"","bundle_editable_in_cart":false,"bundle_sold_individually_context":"","bundle_item_grouping":"","bundle_min_size":"","bundle_max_size":"","bundle_price":[],"bundled_items":[],"bundle_sell_ids":[],"acf":[],"_links":{"self":[{"href":"https:\/\/pippifoder.se\/fi\/wp-json\/wp\/v2\/product\/22541","targetHints":{"allow":["GET"]}}],"collection":[{"href":"https:\/\/pippifoder.se\/fi\/wp-json\/wp\/v2\/product"}],"about":[{"href":"https:\/\/pippifoder.se\/fi\/wp-json\/wp\/v2\/types\/product"}],"replies":[{"embeddable":true,"href":"https:\/\/pippifoder.se\/fi\/wp-json\/wp\/v2\/comments?post=22541"}],"wp:featuredmedia":[{"embeddable":true,"href":"https:\/\/pippifoder.se\/fi\/wp-json\/wp\/v2\/media\/21539"}],"wp:attachment":[{"href":"https:\/\/pippifoder.se\/fi\/wp-json\/wp\/v2\/media?parent=22541"}],"wp:term":[{"taxonomy":"product_brand","embeddable":true,"href":"https:\/\/pippifoder.se\/fi\/wp-json\/wp\/v2\/product_brand?post=22541"},{"taxonomy":"product_cat","embeddable":true,"href":"https:\/\/pippifoder.se\/fi\/wp-json\/wp\/v2\/product_cat?post=22541"},{"taxonomy":"product_tag","embeddable":true,"href":"https:\/\/pippifoder.se\/fi\/wp-json\/wp\/v2\/product_tag?post=22541"}],"curies":[{"name":"wp","href":"https:\/\/api.w.org\/{rel}","templated":true}]}}