{"id":21092,"date":"2025-02-07T07:29:59","date_gmt":"2025-02-07T07:29:59","guid":{"rendered":"https:\/\/pippifoder.se\/?post_type=product&#038;p=21092"},"modified":"2025-03-01T08:02:27","modified_gmt":"2025-03-01T08:02:27","slug":"villielainpuutarha-decobird-keltainen-varpunen-kopia-kopia-3","status":"publish","type":"product","link":"https:\/\/pippifoder.se\/fi\/tuote\/tarvikkeet\/woodbirds-fi\/villielainpuutarha-decobird-keltainen-varpunen-kopia-kopia-3\/","title":{"rendered":"K\u00e4sin veistetty puoliksi puinen lintu &#8211; sinitiainen"},"content":{"rendered":"<h2>K\u00e4sin veistetty keltainen varpunen puusta<\/h2>\n<p>DecoBird Yellow Sparrow on el\u00e4v\u00e4 puinen lintu, joka on veistetty ja maalattu k\u00e4sin ymp\u00e4rist\u00f6yst\u00e4v\u00e4llisill\u00e4 v\u00e4reill\u00e4.<br \/>\nSe toimitetaan lahjapakkauksessa, jossa on ikkuna.<br \/>\nJokaisen linnun mukana tulee pieni vihkonen, jossa on tietoa lajista.<br \/>\nDecoBirdin valikoima laajenee jatkuvasti uusilla lajeilla.<br \/>\nPuuttuuko suosikkisi?<br \/>\nOta meihin yhteytt\u00e4!     <\/p>\n<h3>Yellowhammer muilla kielill\u00e4:<\/h3>\n<p>Tieteellinen nimi: Emberiza citrinella Englanti: Yellowhammer Saksa: Goldammer Ranska: Bruant jaune Italia: Zigolo Giallo Hollanti: Geelgors Espanja: Escribano Cerillo<\/p>\n","protected":false},"excerpt":{"rendered":"<p>T\u00e4m\u00e4 kaunis sinitiainen on puolikas, ja se ripustetaan parhaiten sein\u00e4lle. Sinitiaisen on luonut Alings\u00e5sissa asuva puunveist\u00e4j\u00e4 Thomas Anstrin, joka on yksi Ruotsin johtavista lintujen puunveist\u00e4jist\u00e4. <\/p>\n","protected":false},"featured_media":21096,"comment_status":"open","ping_status":"closed","template":"","meta":{"_acf_changed":false},"product_brand":[],"product_cat":[307,165],"product_tag":[],"class_list":{"0":"post-21092","1":"product","2":"type-product","3":"status-publish","4":"has-post-thumbnail","6":"product_cat-woodbirds-fi","7":"product_cat-tarvikkeet","8":"product_shipping_class-ruotsi","10":"first","11":"outofstock","12":"taxable","13":"shipping-taxable","14":"purchasable","15":"product-type-simple"},"bundled_by":[],"bundle_stock_status":"outofstock","bundle_stock_quantity":0,"bundle_virtual":false,"bundle_layout":"","bundle_add_to_cart_form_location":"","bundle_editable_in_cart":false,"bundle_sold_individually_context":"","bundle_item_grouping":"","bundle_min_size":"","bundle_max_size":"","bundle_price":[],"bundled_items":[],"bundle_sell_ids":[],"acf":[],"_links":{"self":[{"href":"https:\/\/pippifoder.se\/fi\/wp-json\/wp\/v2\/product\/21092","targetHints":{"allow":["GET"]}}],"collection":[{"href":"https:\/\/pippifoder.se\/fi\/wp-json\/wp\/v2\/product"}],"about":[{"href":"https:\/\/pippifoder.se\/fi\/wp-json\/wp\/v2\/types\/product"}],"replies":[{"embeddable":true,"href":"https:\/\/pippifoder.se\/fi\/wp-json\/wp\/v2\/comments?post=21092"}],"wp:featuredmedia":[{"embeddable":true,"href":"https:\/\/pippifoder.se\/fi\/wp-json\/wp\/v2\/media\/21096"}],"wp:attachment":[{"href":"https:\/\/pippifoder.se\/fi\/wp-json\/wp\/v2\/media?parent=21092"}],"wp:term":[{"taxonomy":"product_brand","embeddable":true,"href":"https:\/\/pippifoder.se\/fi\/wp-json\/wp\/v2\/product_brand?post=21092"},{"taxonomy":"product_cat","embeddable":true,"href":"https:\/\/pippifoder.se\/fi\/wp-json\/wp\/v2\/product_cat?post=21092"},{"taxonomy":"product_tag","embeddable":true,"href":"https:\/\/pippifoder.se\/fi\/wp-json\/wp\/v2\/product_tag?post=21092"}],"curies":[{"name":"wp","href":"https:\/\/api.w.org\/{rel}","templated":true}]}}