{"id":20092,"date":"2024-09-18T18:48:13","date_gmt":"2024-09-18T18:48:13","guid":{"rendered":"https:\/\/pippifoder.se\/Ei-luokiteltu\/kananrehun-kuivikepelletit-25kg-2\/"},"modified":"2024-09-18T18:48:13","modified_gmt":"2024-09-18T18:48:13","slug":"kananrehun-kuivikepelletit-25kg-2","status":"publish","type":"product","link":"https:\/\/pippifoder.se\/fi\/tuote\/fagelmat\/kananrehun-kuivikepelletit-25kg-2\/","title":{"rendered":"Kananrehun kuivikepelletit 25kg"},"content":{"rendered":"<p>Optimoi kanojesi terveys Pippifoderin &#8221;Hen Food Laying Pellets&#8221; -rehulla, joka on muniville kanoille ja muulle siipikarjalle tarkoitettu, ruotsalaisvalmisteinen ja kasvipohjainen t\u00e4ysrehu. T\u00e4m\u00e4 siipikarjan rehu sopii erinomaisesti munantuotannon tukemiseen ja varmistaa, ett\u00e4 siipikarjaa saa kaikki tarvittavat ravintoaineet optimaaliseen terveyteen. T\u00e4m\u00e4 monipuolinen rehu soveltuu erilaisille muniville siipikarjalajeille, kuten ankoille, hanhille, fasaaneille ja kalkkunoille. Suositeltu p\u00e4iv\u00e4annos on 100-350 g rodusta ja i\u00e4st\u00e4 riippuen, ja se on mukautettava yksil\u00f6n tarpeiden ja terveydentilan mukaan. Kuoren laadun parantamiseksi on suositeltavaa lis\u00e4t\u00e4 simpukankuoria kalsiumin lis\u00e4l\u00e4hteen\u00e4. Jos haluat pit\u00e4\u00e4 siipikarjaa aktiivisena, anna sille mahdollisuus ulkoilla tai p\u00e4\u00e4st\u00e4 sinimailaselle, joka my\u00f6s parantaa keltuaista. Varmista, ett\u00e4 vesi on aina vapaasti saatavilla, ja tarkista lintujen yleiskunto s\u00e4\u00e4nn\u00f6llisesti, jotta voit mukauttaa rehun saantia. <\/p>\n","protected":false},"excerpt":{"rendered":"<p>Kananrehun munintapelletit 25kg, valmistettu Ruotsissa. Kanapelletit ovat kanojen t\u00e4ysrehua. Kanapelletit sis\u00e4lt\u00e4v\u00e4t: ohraa, sinimailasta, vehn\u00e4\u00e4, kauraa, vehn\u00e4leseet. Rehu on Ruotsissa valmistettu kasviper\u00e4inen t\u00e4ysrehu, joka t\u00e4ytt\u00e4\u00e4 munivan siipikarjan perustarpeet munantuotantoa varten.   <\/p>\n","protected":false},"featured_media":0,"comment_status":"closed","ping_status":"closed","template":"","meta":{"_acf_changed":false},"product_brand":[],"product_cat":[15],"product_tag":[],"class_list":{"0":"post-20092","1":"product","2":"type-product","3":"status-publish","5":"product_cat-fagelmat","7":"first","8":"instock","9":"taxable","10":"shipping-taxable","11":"product-type-simple"},"bundled_by":[],"bundle_stock_status":"instock","bundle_stock_quantity":null,"bundle_virtual":false,"bundle_layout":"","bundle_add_to_cart_form_location":"","bundle_editable_in_cart":false,"bundle_sold_individually_context":"","bundle_item_grouping":"","bundle_min_size":"","bundle_max_size":"","bundle_price":[],"bundled_items":[],"bundle_sell_ids":[],"acf":[],"_links":{"self":[{"href":"https:\/\/pippifoder.se\/fi\/wp-json\/wp\/v2\/product\/20092","targetHints":{"allow":["GET"]}}],"collection":[{"href":"https:\/\/pippifoder.se\/fi\/wp-json\/wp\/v2\/product"}],"about":[{"href":"https:\/\/pippifoder.se\/fi\/wp-json\/wp\/v2\/types\/product"}],"replies":[{"embeddable":true,"href":"https:\/\/pippifoder.se\/fi\/wp-json\/wp\/v2\/comments?post=20092"}],"wp:attachment":[{"href":"https:\/\/pippifoder.se\/fi\/wp-json\/wp\/v2\/media?parent=20092"}],"wp:term":[{"taxonomy":"product_brand","embeddable":true,"href":"https:\/\/pippifoder.se\/fi\/wp-json\/wp\/v2\/product_brand?post=20092"},{"taxonomy":"product_cat","embeddable":true,"href":"https:\/\/pippifoder.se\/fi\/wp-json\/wp\/v2\/product_cat?post=20092"},{"taxonomy":"product_tag","embeddable":true,"href":"https:\/\/pippifoder.se\/fi\/wp-json\/wp\/v2\/product_tag?post=20092"}],"curies":[{"name":"wp","href":"https:\/\/api.w.org\/{rel}","templated":true}]}}