{"id":20086,"date":"2024-12-12T18:42:13","date_gmt":"2024-12-12T18:42:13","guid":{"rendered":"https:\/\/pippifoder.se\/Ei-luokiteltu\/birdbuddy-linnunruokinta-kameralla-sininen\/"},"modified":"2026-04-15T12:54:57","modified_gmt":"2026-04-15T10:54:57","slug":"birdbuddy-linnunruokinta-kameralla-sininen","status":"publish","type":"product","link":"https:\/\/pippifoder.se\/fi\/tuote\/lintujen-ruokinta\/birdbuddy-linnunruokinta-kameralla-sininen\/","title":{"rendered":"Birdbuddy, linnunruokinta kameralla, sininen"},"content":{"rendered":"<p>Bird Buddy -kameralinturuokinta &#8211; havaitsee ja tunnistaa linnut reaaliajassa. Kehittyneen teko\u00e4lyteknologian avulla saat h\u00e4lytyksen lintujen vierailuista ja voit seurata niit\u00e4 suorassa l\u00e4hetyksess\u00e4 matkapuhelimesi kautta. <\/p>\n<h2><strong>Bird Buddy Blue &#8211; Lintujen ruokintalaite, jossa on integroitu kamera<\/strong><\/h2>\n<p>Bird Buddy mahdollistaa lintujen tarkkailun ja tallentamisen ruokintalaitteessa vierailevien lintujen osalta. \u00c4lyk\u00e4s kamera tuottaa ter\u00e4vi\u00e4 kuvia ja l\u00e4hett\u00e4\u00e4 vierailut suorana l\u00e4hetyksen\u00e4 puhelimeesi. Teko\u00e4lyteknologian ansiosta Bird Buddy tunnistaa yli 1000 lintulajia ja ilmoittaa heti, kun uusi laji havaitaan.  <\/p>\n<p>T\u00e4m\u00e4 lintujen ruokinta toimii aurinkoenergialla, joten paristoa ei tarvitse vaihtaa. Se on my\u00f6s s\u00e4\u00e4nkest\u00e4v\u00e4 ja valmistettu kierr\u00e4tysmateriaaleista, joten se on sek\u00e4 kest\u00e4v\u00e4 ett\u00e4 ymp\u00e4rist\u00f6yst\u00e4v\u00e4llinen. <\/p>\n<p><strong>Siksi sinun kannattaa valita Bird Buddy:<\/strong><\/p>\n<ul>\n<li><strong>\u00c4lyk\u00e4s kamera, jossa on teko\u00e4ly:<\/strong> Ottaa yksityiskohtaisia kuvia ja tarjoaa suoratoistoa laajalla 120 asteen katselukulmalla.<\/li>\n<li><strong>Aurinkok\u00e4ytt\u00f6inen:<\/strong> Aurinkokennot lataavat akkua jatkuvasti ja vaativat vain v\u00e4h\u00e4n huoltoa.<\/li>\n<li><strong>Automaattinen lintujen tunnistus:<\/strong> Tunnistaa yli 1000 lintulajia ja l\u00e4hett\u00e4\u00e4 h\u00e4lytykset suoraan matkapuhelimeesi.<\/li>\n<li><strong>S\u00e4\u00e4nkest\u00e4v\u00e4:<\/strong> Kest\u00e4\u00e4 sadetta, lunta ja korkeita l\u00e4mp\u00f6tiloja, t\u00e4ydellinen ymp\u00e4rivuotiseen k\u00e4ytt\u00f6\u00f6n.<\/li>\n<\/ul>\n<p>Bird Buddyn avulla voit kokea luonnon l\u00e4helt\u00e4 poistumatta kotoa. Lataa sovellus ja jaa ilo perheen ja yst\u00e4vien kanssa. Osta Bird Buddy -lintusy\u00f6tt\u00f6laite Pippifoderista ja aloita lintujen el\u00e4m\u00e4n l\u00f6yt\u00e4minen jo t\u00e4n\u00e4\u00e4n!  <\/p>\n","protected":false},"excerpt":{"rendered":"<p>Birdbuddy, linnunruokkija, jossa on kamera ja aurinkokennot! Birdbuddy on linnunruokkija, jossa on integroitu kamera, jonka avulla voit seurata reaaliajassa lintuja, jotka vierailevat ruokinnassa!  Ilmainen sovellus voi my\u00f6s tunnistaa lintuja teko\u00e4lyn avulla ja ilmoittaa, kun sinulla on vierailijoita, mik\u00e4 on sek\u00e4 opettavaista ett\u00e4 hauskaa!<\/p>\n<p>Lintujen ruokintalaite on sininen.<\/p>\n<p>&nbsp;<\/p>\n","protected":false},"featured_media":17024,"comment_status":"open","ping_status":"closed","template":"","meta":{"_acf_changed":false},"product_brand":[],"product_cat":[174,171,122,173],"product_tag":[],"class_list":{"0":"post-20086","1":"product","2":"type-product","3":"status-publish","4":"has-post-thumbnail","6":"product_cat-lintujen-ruokinta","7":"product_cat-linnunsyottolaite-linnunsiemenia-varten","8":"product_cat-lintujen-siemenia-ja-lintujen-ruokaa-myynnissa","9":"product_cat-lintupoyta","11":"first","12":"outofstock","13":"sale","14":"taxable","15":"shipping-taxable","16":"purchasable","17":"product-type-simple"},"bundled_by":[],"bundle_stock_status":"outofstock","bundle_stock_quantity":0,"bundle_virtual":false,"bundle_layout":"","bundle_add_to_cart_form_location":"","bundle_editable_in_cart":false,"bundle_sold_individually_context":"","bundle_item_grouping":"","bundle_min_size":"","bundle_max_size":"","bundle_price":[],"bundled_items":[],"bundle_sell_ids":[],"acf":[],"_links":{"self":[{"href":"https:\/\/pippifoder.se\/fi\/wp-json\/wp\/v2\/product\/20086","targetHints":{"allow":["GET"]}}],"collection":[{"href":"https:\/\/pippifoder.se\/fi\/wp-json\/wp\/v2\/product"}],"about":[{"href":"https:\/\/pippifoder.se\/fi\/wp-json\/wp\/v2\/types\/product"}],"replies":[{"embeddable":true,"href":"https:\/\/pippifoder.se\/fi\/wp-json\/wp\/v2\/comments?post=20086"}],"wp:featuredmedia":[{"embeddable":true,"href":"https:\/\/pippifoder.se\/fi\/wp-json\/wp\/v2\/media\/17024"}],"wp:attachment":[{"href":"https:\/\/pippifoder.se\/fi\/wp-json\/wp\/v2\/media?parent=20086"}],"wp:term":[{"taxonomy":"product_brand","embeddable":true,"href":"https:\/\/pippifoder.se\/fi\/wp-json\/wp\/v2\/product_brand?post=20086"},{"taxonomy":"product_cat","embeddable":true,"href":"https:\/\/pippifoder.se\/fi\/wp-json\/wp\/v2\/product_cat?post=20086"},{"taxonomy":"product_tag","embeddable":true,"href":"https:\/\/pippifoder.se\/fi\/wp-json\/wp\/v2\/product_tag?post=20086"}],"curies":[{"name":"wp","href":"https:\/\/api.w.org\/{rel}","templated":true}]}}