{"id":20082,"date":"2024-12-03T19:09:13","date_gmt":"2024-12-03T19:09:13","guid":{"rendered":"https:\/\/pippifoder.se\/Ei-luokiteltu\/birdfy-linnunruokinta-kameralla-sininen\/"},"modified":"2026-02-08T19:29:55","modified_gmt":"2026-02-08T19:29:55","slug":"birdfy-linnunruokinta-kameralla-sininen","status":"publish","type":"product","link":"https:\/\/pippifoder.se\/fi\/tuote\/lintujen-ruokinta\/lintujen-ruokinta-ja-linnunpontto-kameran-kanssa\/birdfy-linnunruokinta-kameralla-sininen\/","title":{"rendered":"Birdfy, linnunruokinta kameralla, sininen"},"content":{"rendered":"<div style=\"width: 1280px;\" class=\"wp-video\"><video class=\"wp-video-shortcode\" id=\"video-20082-1\" width=\"1280\" height=\"720\" poster=\"https:\/\/pippifoder.se\/app\/uploads\/2024\/12\/bildfy_film.png\" preload=\"metadata\" controls=\"controls\"><source type=\"video\/mp4\" src=\"https:\/\/pippifoder.se\/app\/uploads\/2024\/12\/Birdfy-ugc-1.mp4?_=1\" \/><a href=\"https:\/\/pippifoder.se\/app\/uploads\/2024\/12\/Birdfy-ugc-1.mp4\">https:\/\/pippifoder.se\/app\/uploads\/2024\/12\/Birdfy-ugc-1.mp4<\/a><\/video><\/div>\n<p>&nbsp;<\/p>\n<p>Birdfy saa virtansa <strong>aurinkopaneeleista<\/strong>, joten sinun ei tarvitse huolehtia paristojen vaihtamisesta. Se on my\u00f6s s\u00e4\u00e4nkest\u00e4v\u00e4 ja valmistettu kierr\u00e4tysmuovista, joten se on sek\u00e4 kest\u00e4v\u00e4 ett\u00e4 ymp\u00e4rist\u00f6yst\u00e4v\u00e4llinen. <\/p>\n<h2>Birdfyn edut<\/h2>\n<ul>\n<li><strong>Teko\u00e4lyavusteinen kamera: <\/strong>Ottaa korkearesoluutioisia kuvia (1080HD) 155 asteen kuvakulmalla.<\/li>\n<li><strong>Aurinkokennokatto:<\/strong> Aurinkokennot voidaan sijoittaa eri paikkaan kuin itse sy\u00f6tt\u00f6laite. <\/li>\n<li><strong>Lintujen tunnistus:<\/strong> Tunnistaa yli 6 000 lajia ja l\u00e4hett\u00e4\u00e4 ilmoituksia \u00e4lypuhelimeesi.<\/li>\n<li><strong>S\u00e4\u00e4nkest\u00e4v\u00e4<\/strong>: Kest\u00e4\u00e4 sadetta, lunta ja kuumuutta, ihanteellinen ymp\u00e4rivuotiseen k\u00e4ytt\u00f6\u00f6n (IP65).<\/li>\n<li><strong>Tallennus<\/strong>: Micro SD-korttipaikka lis\u00e4tallennusta varten.<\/li>\n<li><strong>Takuu<\/strong>: 2 vuotta<\/li>\n<\/ul>\n<p>Valmistaja: NETVUE Asennustyyppi: Sein\u00e4kiinnitys (kiinnike on sy\u00f6tt\u00f6laitteen takana, voit kiinnitt\u00e4\u00e4 sen my\u00f6s pylv\u00e4\u00e4seen tai vastaavaan) Virtal\u00e4hde: Aurinkoenergialla toimiva Tilavuus: 1,5 litraa K\u00e4ytt\u00f6kohde: Lintujen tarkkailu.<\/p>\n<h2>Birdfy-k\u00e4ytt\u00f6opas ruotsiksi<\/h2>\n<p>T\u00e4ss\u00e4 on k\u00e4\u00e4nnetty Birdfyn k\u00e4ytt\u00f6ohjeet ruotsiksi:<\/p>\n<p><a href=\"https:\/\/pippifoder.se\/app\/uploads\/2024\/12\/Birdfy-Feeder-Series_A0QSG.pdf\">Birdfy-pikaopas<\/a><\/p>\n<p><a href=\"https:\/\/pippifoder.se\/app\/uploads\/2024\/12\/Birdfy-Feeder-Series_A1User-Manual.pdf\">Birdfy-k\u00e4ytt\u00f6opas<\/a><\/p>\n","protected":false},"excerpt":{"rendered":"<p>Birdfy, lintujen ruokinta kameralla ja aurinkokennoilla! Birdfy on ruokintalaite, jossa on integroitu kamera, jonka avulla voit seurata reaaliajassa lintuja, jotka vierailevat ruokintalaitteessa! Ilmainen sovellus voi my\u00f6s tunnistaa lintuja teko\u00e4lyn avulla ja ilmoittaa, kun sinulla on vierailijoita, mik\u00e4 on sek\u00e4 opettavaista ett\u00e4 hauskaa!<\/p>\n<p>Linnunruokinta on sininen, ja siin\u00e4 on 1,5 litraa siemeni\u00e4.<\/p>\n<p>&nbsp;<\/p>\n","protected":false},"featured_media":16376,"comment_status":"open","ping_status":"closed","template":"","meta":{"_acf_changed":false},"product_brand":[],"product_cat":[580,570,171,174,173],"product_tag":[],"class_list":{"0":"post-20082","1":"product","2":"type-product","3":"status-publish","4":"has-post-thumbnail","6":"product_cat-lintujen-ruokinta-ja-linnunpontto-kameran-kanssa","7":"product_cat-joululahjaideoita-lintujen-ystaville-vuonna-2025","8":"product_cat-linnunsyottolaite-linnunsiemenia-varten","9":"product_cat-lintujen-ruokinta","10":"product_cat-lintupoyta","12":"first","13":"instock","14":"taxable","15":"shipping-taxable","16":"purchasable","17":"product-type-simple"},"bundled_by":[],"bundle_stock_status":"instock","bundle_stock_quantity":155,"bundle_virtual":false,"bundle_layout":"","bundle_add_to_cart_form_location":"","bundle_editable_in_cart":false,"bundle_sold_individually_context":"","bundle_item_grouping":"","bundle_min_size":"","bundle_max_size":"","bundle_price":[],"bundled_items":[],"bundle_sell_ids":[],"acf":[],"_links":{"self":[{"href":"https:\/\/pippifoder.se\/fi\/wp-json\/wp\/v2\/product\/20082","targetHints":{"allow":["GET"]}}],"collection":[{"href":"https:\/\/pippifoder.se\/fi\/wp-json\/wp\/v2\/product"}],"about":[{"href":"https:\/\/pippifoder.se\/fi\/wp-json\/wp\/v2\/types\/product"}],"replies":[{"embeddable":true,"href":"https:\/\/pippifoder.se\/fi\/wp-json\/wp\/v2\/comments?post=20082"}],"wp:featuredmedia":[{"embeddable":true,"href":"https:\/\/pippifoder.se\/fi\/wp-json\/wp\/v2\/media\/16376"}],"wp:attachment":[{"href":"https:\/\/pippifoder.se\/fi\/wp-json\/wp\/v2\/media?parent=20082"}],"wp:term":[{"taxonomy":"product_brand","embeddable":true,"href":"https:\/\/pippifoder.se\/fi\/wp-json\/wp\/v2\/product_brand?post=20082"},{"taxonomy":"product_cat","embeddable":true,"href":"https:\/\/pippifoder.se\/fi\/wp-json\/wp\/v2\/product_cat?post=20082"},{"taxonomy":"product_tag","embeddable":true,"href":"https:\/\/pippifoder.se\/fi\/wp-json\/wp\/v2\/product_tag?post=20082"}],"curies":[{"name":"wp","href":"https:\/\/api.w.org\/{rel}","templated":true}]}}