{"id":20081,"date":"2024-11-24T11:29:40","date_gmt":"2024-11-24T11:29:40","guid":{"rendered":"https:\/\/pippifoder.se\/Ei-luokiteltu\/lintujen-ruokintakalenteri-2025\/"},"modified":"2026-04-15T12:59:33","modified_gmt":"2026-04-15T10:59:33","slug":"lintujen-ruokintakalenteri-2025","status":"publish","type":"product","link":"https:\/\/pippifoder.se\/fi\/tuote\/tarvikkeet\/lintujen-ruokintakalenteri-2025\/","title":{"rendered":"Lintujen ruokintakalenteri 2026"},"content":{"rendered":"","protected":false},"excerpt":{"rendered":"<p>Lintujen ruokintakalenteri 2026! Seuraa vuotta Facebook-seuraajiemme kauniiden valokuvien avulla! Koko vuoden ajan meill\u00e4 on ollut kuukausittainen valokuvakilpailu, jonka teemana ovat olleet linnut ja lintujen ruokinta kauniissa maisemissa! Kaikki voittajaty\u00f6t l\u00f6ytyv\u00e4t kalenterista. Kalenteri on vuoden 2026 sein\u00e4kalenteri, jossa on nimip\u00e4iv\u00e4t ja juhlapyh\u00e4t maustettuna hyv\u00e4ll\u00e4 muistamisella kaikille, jotka ruokkii lintuja tai ovat kiinnostuneita siit\u00e4, mit\u00e4 lintumaailmassa tapahtuu vuoden aikana.    <\/p>\n<p>Tammikuu: aihe: Entita, <a href=\"https:\/\/pippifoder.se\/fi\/linnut\/sinitiainen-cyanistes-caeruleus\/\">valokuvaaja<\/a>: Annika Lavin Johansson<br \/>\nHelmikuu: motiivi: <a href=\"https:\/\/pippifoder.se\/fi\/linnut\/nokkavarpunen-coccothraustes-coccothraustes\/\">Kivihalkeama, valokuvaaja<\/a>: Gustav Westergren<br \/>\nMaaliskuu: aihe: Sinitiainen, <a href=\"https:\/\/pippifoder.se\/fi\/linnut\/sinitiainen-cyanistes-caeruleus\/\">valokuvaaja<\/a>: Rickard Falk<br \/>\nHuhtikuu: aihe: Linnut <a href=\"https:\/\/pippifoder.se\/fi\/linnut\/kottarainen-sturnus-vulgaris\/\">, valokuvaaja<\/a>: Annika Lavin Johansson<br \/>\nToukokuu: motiivi: <a href=\"https:\/\/pippifoder.se\/fi\/linnut\/pikkuvarpunen-passer-montanus\/\">Arrowfinches, valokuvaaja<\/a>: Rickard Falk<br \/>\nKes\u00e4kuu: motiivi: <a href=\"https:\/\/pippifoder.se\/fi\/linnut\/nokkavarpunen-coccothraustes-coccothraustes\/\">kivikeksej\u00e4, kuvaaja<\/a>: Annika Lavin Johansson<br \/>\nHein\u00e4kuu: motiivi: <a href=\"https:\/\/pippifoder.se\/fi\/linnut\/viherpeippo-chloris-chloris\/\">Vihervarpunen, kuvaaja<\/a>: Karin Thorell<br \/>\nElokuu: aihe: Chaffinch <a href=\"https:\/\/pippifoder.se\/fi\/linnut\/peippo-fringilla-coelebs\/\">, valokuvaaja<\/a>: Lena Gy\u00f6ri<br \/>\nSyyskuu: aihe: Siniset tissit <a href=\"https:\/\/pippifoder.se\/fi\/linnut\/sinitiainen-cyanistes-caeruleus\/\">, valokuvaaja<\/a>: Emmeli Johansson<br \/>\nLokakuu: aihe: Sinitiainen, <a href=\"https:\/\/pippifoder.se\/fi\/linnut\/sinitiainen-cyanistes-caeruleus\/\">valokuvaaja<\/a>: Ida Wallin Sanneb\u00e4ck<br \/>\nMarraskuu: aihe: Sinitiainen, <a href=\"https:\/\/pippifoder.se\/fi\/linnut\/sinitiainen-cyanistes-caeruleus\/\">valokuvaaja<\/a>: Cattis Olows<br \/>\nJoulukuu: aihe: <a href=\"https:\/\/pippifoder.se\/fi\/linnut\/keltasirkku-emberiza-citrinella\/\">Yellowhammer, valokuvaaja<\/a>: Annika Lavin Johansson <\/p>\n","protected":false},"featured_media":43520,"comment_status":"closed","ping_status":"closed","template":"","meta":{"_acf_changed":false},"product_brand":[],"product_cat":[165,570],"product_tag":[],"class_list":{"0":"post-20081","1":"product","2":"type-product","3":"status-publish","4":"has-post-thumbnail","6":"product_cat-tarvikkeet","7":"product_cat-joululahjaideoita-lintujen-ystaville-vuonna-2025","9":"first","10":"outofstock","11":"taxable","12":"shipping-taxable","13":"purchasable","14":"product-type-simple"},"bundled_by":[],"bundle_stock_status":"outofstock","bundle_stock_quantity":0,"bundle_virtual":false,"bundle_layout":"","bundle_add_to_cart_form_location":"","bundle_editable_in_cart":false,"bundle_sold_individually_context":"","bundle_item_grouping":"","bundle_min_size":"","bundle_max_size":"","bundle_price":[],"bundled_items":[],"bundle_sell_ids":[],"acf":[],"_links":{"self":[{"href":"https:\/\/pippifoder.se\/fi\/wp-json\/wp\/v2\/product\/20081","targetHints":{"allow":["GET"]}}],"collection":[{"href":"https:\/\/pippifoder.se\/fi\/wp-json\/wp\/v2\/product"}],"about":[{"href":"https:\/\/pippifoder.se\/fi\/wp-json\/wp\/v2\/types\/product"}],"replies":[{"embeddable":true,"href":"https:\/\/pippifoder.se\/fi\/wp-json\/wp\/v2\/comments?post=20081"}],"wp:featuredmedia":[{"embeddable":true,"href":"https:\/\/pippifoder.se\/fi\/wp-json\/wp\/v2\/media\/43520"}],"wp:attachment":[{"href":"https:\/\/pippifoder.se\/fi\/wp-json\/wp\/v2\/media?parent=20081"}],"wp:term":[{"taxonomy":"product_brand","embeddable":true,"href":"https:\/\/pippifoder.se\/fi\/wp-json\/wp\/v2\/product_brand?post=20081"},{"taxonomy":"product_cat","embeddable":true,"href":"https:\/\/pippifoder.se\/fi\/wp-json\/wp\/v2\/product_cat?post=20081"},{"taxonomy":"product_tag","embeddable":true,"href":"https:\/\/pippifoder.se\/fi\/wp-json\/wp\/v2\/product_tag?post=20081"}],"curies":[{"name":"wp","href":"https:\/\/api.w.org\/{rel}","templated":true}]}}