{"id":17775,"date":"2024-12-22T10:32:30","date_gmt":"2024-12-22T10:32:30","guid":{"rendered":"https:\/\/pippifoder.se\/?post_type=product&#038;p=17775"},"modified":"2026-05-04T09:26:44","modified_gmt":"2026-05-04T07:26:44","slug":"leo-wolf-lintujen-ruokkija-kopia","status":"publish","type":"product","link":"https:\/\/pippifoder.se\/fi\/tuote\/lintujen-ruokaa\/talsamin-siemenpalkki\/leo-wolf-lintujen-ruokkija-kopia\/","title":{"rendered":"Leo &amp; Wolf lintujen ruokintalaite + mokkapalojen siemenpalkki"},"content":{"rendered":"<h2>Miksi valita Leo &amp; Wolf -lintujen ruokinta?<\/h2>\n<ul>\n<li>\nS<strong>opii 1 kg:n ja 600 g:n lintujen sy\u00f6tt\u00f6tankoihin<\/strong> Lintujen sy\u00f6tt\u00f6laite on suunniteltu erityisesti Leo &amp; Wolfin<strong>1 kg:n ja 600 g:n lintujen sy\u00f6tt\u00f6tankoihin<\/strong>, ja se tarjoaa linnuille vakaan ja k\u00e4tev\u00e4n paikan, josta ne voivat sy\u00f6d\u00e4. Ruoki suosikkituotteitasi Leo &amp; Wolf -tuotteilla helposti. <\/li>\n<li>\nS<strong>uojaa lintujen ja el\u00e4inten tekemilt\u00e4 ruokavarkauksilta<\/strong> Innovatiivinen muotoilu auttaa<strong>est\u00e4m\u00e4\u00e4n lintuja ja muita el\u00e4imi\u00e4 varastamasta ruokaa<\/strong> tangoista, jolloin ruoka p\u00e4\u00e4tyy sen tarkoitetuille kuluttajille eli luonnonvaraisille linnuille. T\u00e4m\u00e4 tehostaa ruokintaa ja v\u00e4hent\u00e4\u00e4 ruokah\u00e4vikki\u00e4. <\/li>\n<li>\nH<strong>elppo ripustaa k\u00f6ydell\u00e4 tai ketjulla<\/strong> \u00c4lykk\u00e4\u00e4sti muotoillun yl\u00e4kahvan ansiosta lintujen ruokinta voidaan ripustaa helposti<strong>k\u00f6yden tai ketjun<\/strong> avulla. T\u00e4m\u00e4n joustavuuden ansiosta ruokinta on helppo sijoittaa linnuille parhaaseen paikkaan, olipa se sitten puutarhassa, parvekkeella tai puistossa. <\/li>\n<li>\nV<strong>almistettu kest\u00e4v\u00e4st\u00e4, kierr\u00e4tetyst\u00e4 muovista<\/strong> <strong>Kierr\u00e4tetyst\u00e4 muovista<\/strong> valmistetut Leo &amp; Wolf -lintujen ruokintap\u00f6yd\u00e4t ovat ymp\u00e4rist\u00f6yst\u00e4v\u00e4llinen valinta, joka auttaa v\u00e4hent\u00e4m\u00e4\u00e4n muovij\u00e4tett\u00e4 ja edist\u00e4\u00e4 resurssien kest\u00e4v\u00e4\u00e4 k\u00e4ytt\u00f6\u00e4. Kest\u00e4v\u00e4 rakenne takaa pitk\u00e4aikaisen k\u00e4yt\u00f6n ja s\u00e4\u00e4nkest\u00e4vyyden. <\/li>\n<li>\nT<strong>urvallinen linnuille<\/strong> Suunniteltu lintujen turvallisuutta ajatellen, ja sen muotoilu eliminoi loukkaantumisriskin ruokinnan aikana. Ruokinta on vapaa ter\u00e4vist\u00e4 reunoista ja vaarallisista materiaaleista, joten se on turvallinen paikka luonnonvaraisille linnuillesi. <\/li>\n<li><strong>Uudelleenk\u00e4ytett\u00e4v\u00e4 ja helppo huoltaa<\/strong><br \/>\n<strong>Uudelleenk\u00e4ytett\u00e4v\u00e4<\/strong> ja helppo puhdistaa, t\u00e4m\u00e4 lintujen sy\u00f6tt\u00f6laite on pitk\u00e4ik\u00e4inen. S\u00e4\u00e4nn\u00f6llinen puhdistus l\u00e4mpim\u00e4ll\u00e4 vedell\u00e4 ja miedolla saippualla pit\u00e4\u00e4 ruokintalaitteen hygieenisen\u00e4 ja valmiina jatkuvaan ruokintaan. <\/li>\n<\/ul>\n<h2>Edut luonnonvaraisille linnuille<\/h2>\n<ul>\n<li>\nT<strong>ehokas ruokinta ilman h\u00e4iri\u00f6it\u00e4<\/strong> Varma ruokinta v\u00e4hent\u00e4\u00e4 muiden el\u00e4inten aiheuttaman h\u00e4iri\u00f6n riski\u00e4, joten luonnonvaraiset linnut saavat tarvitsemansa ravinnon ilman kilpailua.<\/li>\n<li><strong>Helppo asennus ja mukauttaminen<\/strong><br \/>\nJoustava ripustus k\u00f6yden tai ketjun avulla helpottaa ruokintapaikan l\u00f6yt\u00e4mist\u00e4, jolloin linnut p\u00e4\u00e4sev\u00e4t parhaalla mahdollisella tavalla ruokintaan.<\/li>\n<li>\nK<strong>est\u00e4v\u00e4 ja ymp\u00e4rist\u00f6yst\u00e4v\u00e4llinen rakenne<\/strong> Kierr\u00e4tysmuovin k\u00e4ytt\u00f6 tekee Leo &amp; Wolf -lintujen ruokintap\u00f6yd\u00e4st\u00e4 ymp\u00e4rist\u00f6yst\u00e4v\u00e4llisen valinnan, joka tarjoaa samalla kest\u00e4vyytt\u00e4 ja pitk\u00e4aikaiskest\u00e4vyytt\u00e4.<\/li>\n<\/ul>\n<h2>Miten Leo &amp; Wolf -lintujen ruokintap\u00f6yti\u00e4 k\u00e4ytet\u00e4\u00e4n<\/h2>\n<ol>\n<li><strong>Asenna ja aseta<\/strong>\n<ul>\n<li>Pujota k\u00f6ysi tai ketju yl\u00e4kahvan l\u00e4pi ja ripusta sy\u00f6tt\u00f6laite tukevaan oksaan, koukkuun tai tolppaan. Varmista, ett\u00e4 sijoitat sen turvalliseen paikkaan, jossa linnut p\u00e4\u00e4sev\u00e4t helposti siihen k\u00e4siksi ja jossa se on suojassa saalistajilta. <\/li>\n<\/ul>\n<\/li>\n<li><strong>T\u00e4ytt\u00f6 ja huolto<\/strong>\n<ul>\n<li>Aseta Leo &amp; Wolf 1 kg:n tai 600 g:n lintujen ruokintapalkit sy\u00f6tt\u00f6laitteeseen. Tarkista ja puhdista ruokintalaite s\u00e4\u00e4nn\u00f6llisesti l\u00e4mpim\u00e4ll\u00e4 vedell\u00e4 ja miedolla saippualla hygienian ja tuoreen ruokinnan varmistamiseksi. <\/li>\n<\/ul>\n<\/li>\n<li><strong>Seuraa ja r\u00e4\u00e4t\u00e4l\u00f6i<\/strong>\n<ul>\n<li>Tarkkaile ruokintapaikkaa varmistaaksesi, ett\u00e4 linnut voivat sy\u00f6d\u00e4 ongelmitta ja ett\u00e4 ruoka ei ole tukossa. S\u00e4\u00e4d\u00e4 tarvittaessa sijoitusta, jotta se houkuttelisi enemm\u00e4n lintuja. <\/li>\n<\/ul>\n<\/li>\n<\/ol>\n<h2>Tilaa Leo &amp; Wolf lintujen ruokinta t\u00e4n\u00e4\u00e4n!<\/h2>\n<p>Tarjoa luonnonvaraisille linnuillesi <strong>turvallisempi ja kest\u00e4v\u00e4mpi ruokintakokemus<\/strong> Leo &amp; Wolf -linturuokintalaitteilla. Tilaa nyt ja luo tehokas ja suojattu ruokintapaikka h\u00f6yhenpeitteisille yst\u00e4villesi! <\/p>\n","protected":false},"excerpt":{"rendered":"<p>Tutustu <strong>Leo &amp; Wolf -lintujen ruokintav\u00e4lineen<\/strong> etuihin, joka on suunniteltu sopimaan t\u00e4ydellisesti 1 kg:n ja 600 g:n Leo &amp; Wolf -lintujen ruokintapalkkien kanssa. T\u00e4m\u00e4 kierr\u00e4tysmuovista valmistettu ruokintalaite on vankka ja turvallinen ratkaisu lintujen ruoan suojaamiseksi sek\u00e4 linnuilta ett\u00e4 muilta el\u00e4imilt\u00e4. <\/p>\n<p><strong>Paketin hinta: Osta sy\u00f6tt\u00f6laite ja talisiemenpalkki 99kr:lla!<\/strong><\/p>\n","protected":false},"featured_media":18282,"comment_status":"open","ping_status":"closed","template":"","meta":{"_acf_changed":false},"product_brand":[],"product_cat":[181,174,126],"product_tag":[],"class_list":{"0":"post-17775","1":"product","2":"type-product","3":"status-publish","4":"has-post-thumbnail","6":"product_cat-talsamin-siemenpalkki","7":"product_cat-lintujen-ruokinta","8":"product_cat-rasvasiemenseos","10":"first","11":"instock","12":"sale","13":"taxable","14":"shipping-taxable","15":"purchasable","16":"product-type-variable","17":"has-default-attributes"},"bundled_by":[],"bundle_stock_status":"instock","bundle_stock_quantity":66,"bundle_virtual":false,"bundle_layout":"","bundle_add_to_cart_form_location":"","bundle_editable_in_cart":false,"bundle_sold_individually_context":"","bundle_item_grouping":"","bundle_min_size":"","bundle_max_size":"","bundle_price":[],"bundled_items":[],"bundle_sell_ids":[],"acf":[],"_links":{"self":[{"href":"https:\/\/pippifoder.se\/fi\/wp-json\/wp\/v2\/product\/17775","targetHints":{"allow":["GET"]}}],"collection":[{"href":"https:\/\/pippifoder.se\/fi\/wp-json\/wp\/v2\/product"}],"about":[{"href":"https:\/\/pippifoder.se\/fi\/wp-json\/wp\/v2\/types\/product"}],"replies":[{"embeddable":true,"href":"https:\/\/pippifoder.se\/fi\/wp-json\/wp\/v2\/comments?post=17775"}],"wp:featuredmedia":[{"embeddable":true,"href":"https:\/\/pippifoder.se\/fi\/wp-json\/wp\/v2\/media\/18282"}],"wp:attachment":[{"href":"https:\/\/pippifoder.se\/fi\/wp-json\/wp\/v2\/media?parent=17775"}],"wp:term":[{"taxonomy":"product_brand","embeddable":true,"href":"https:\/\/pippifoder.se\/fi\/wp-json\/wp\/v2\/product_brand?post=17775"},{"taxonomy":"product_cat","embeddable":true,"href":"https:\/\/pippifoder.se\/fi\/wp-json\/wp\/v2\/product_cat?post=17775"},{"taxonomy":"product_tag","embeddable":true,"href":"https:\/\/pippifoder.se\/fi\/wp-json\/wp\/v2\/product_tag?post=17775"}],"curies":[{"name":"wp","href":"https:\/\/api.w.org\/{rel}","templated":true}]}}