{"id":17263,"date":"2024-12-14T18:43:58","date_gmt":"2024-12-14T18:43:58","guid":{"rendered":"https:\/\/pippifoder.se\/?post_type=product&#038;p=17263"},"modified":"2026-04-03T05:01:59","modified_gmt":"2026-04-03T05:01:59","slug":"kuoritut-auringonkukansiemenet-15kg-rehutynnyri-kopia-kopia","status":"publish","type":"product","link":"https:\/\/pippifoder.se\/fi\/tuote\/tarvikkeet\/rehusailio-ja-varastointi\/kuoritut-auringonkukansiemenet-15kg-rehutynnyri-kopia-kopia\/","title":{"rendered":"Villiintyneiden lintujen seos ilman kuorta 15kg + rehutynnyri"},"content":{"rendered":"<h2>Tietoa ruokintakaukalosta<\/h2>\n<p>Rehutynnyri on valmistettu Ruotsissa elintarvikehyv\u00e4ksytyst\u00e4 polypropeenimuovista, ja se sopii erinomaisesti kaikenlaisten rehujen ja tietenkin sek\u00e4 <a href=\"https:\/\/pippifoder.se\/fi\/auringonkukansiemenet-linnuille\/\">auringonkukansiementen ett\u00e4<\/a> <a href=\"https:\/\/pippifoder.se\/fi\/maapahkinat\/\">maap\u00e4hkin\u00f6iden s\u00e4ilytykseen, joita<\/a> me myymme t\u00e4\u00e4ll\u00e4 Pippifoderissa. Rehutynnyri suojaa saastumiselta, tuholaisilta ja hiirilt\u00e4. Jos ostat useita tynnyreit\u00e4, ne ovat pinottavia.<\/p>\n<p>Tynnyriss\u00e4 on kansi, joka on helppo laittaa ja ottaa pois.<\/p>\n<p>Sy\u00f6tt\u00f6tynnyri on 37 litraa.<\/p>\n<h2>Ruokintakaukalon k\u00e4ytt\u00f6<\/h2>\n<p>Rehun varastointi rehus\u00e4ili\u00f6\u00f6n on t\u00e4rke\u00e4\u00e4 sen suojaamiseksi saastumiselta, tuholaisilta ja hiirilt\u00e4. Valikoimastamme l\u00f6yd\u00e4t hyvin valmistettuja, tiiviit\u00e4 ja kannellisia tynnyreit\u00e4, jotka sopivat erinomaisesti sek\u00e4 talleille ett\u00e4 maatiloille, sis\u00e4tiloihin ja ulkotiloihin. Rehutynnyri on varustettu kannella, ja se suojaa rehusi tehokkaasti ilmatiiviiss\u00e4 tynnyriss\u00e4, joka pit\u00e4\u00e4 sen turvallisesti poissa hy\u00f6nteisilt\u00e4 ja muilta ei-toivotuilta vierailijoilta. Tyylikk\u00e4\u00e4n ja toimivan ruokintakaukalon avulla el\u00e4inten ruokkiminen on helpompaa ja puhtaampaa.<\/p>\n<p>Osta rehutynnyreit\u00e4 verkossa Pippifoderista, toimitus suoraan kotiovellesi!<\/p>\n","protected":false},"excerpt":{"rendered":"<p>Osta suosittu <a href=\"https:\/\/pippifoder.se\/fi\/produkt\/lintujen-ruokaa\/wild-bird-mix\/villilintusekoitus-ilman-kuorta-15kg\/\">15kg villiintyneiden lintujen seos ilman kuorta +<\/a> kannellinen rehutynnyri (37 litraa) ly\u00f6m\u00e4tt\u00f6m\u00e4\u00e4n pakettihintaan! Valitse vihre\u00e4, punainen, sininen tai keltainen tynnyri.<\/p>\n","protected":false},"featured_media":6512,"comment_status":"closed","ping_status":"closed","template":"","meta":{"_acf_changed":false},"product_brand":[],"product_cat":[164,131,113,127,112,165,179],"product_tag":[103,100],"class_list":{"0":"post-17263","1":"product","2":"type-product","3":"status-publish","4":"has-post-thumbnail","6":"product_cat-rehusailio-ja-varastointi","7":"product_cat-auringonkukansiemenet-linnuille","8":"product_cat-illiintyneiden-lintujen-siemenet-villiintyneiden-lintujen-ruoka","9":"product_cat-linnunsiemen","10":"product_cat-lintujen-ruokaa","11":"product_cat-tarvikkeet","12":"product_cat-wild-bird-mix","13":"product_tag-auringonkukansiemenet","14":"product_tag-lintujen-ruokaa","15":"product_shipping_class-ruotsi","16":"pa_fodertunna-farg-bla-fi","17":"pa_fodertunna-farg-keltainen-vari","18":"pa_fodertunna-farg-punainen-vari","19":"pa_fodertunna-farg-vihrea-vari","20":"product_group-fodertunna-med-innehall","22":"first","23":"instock","24":"sale","25":"taxable","26":"shipping-taxable","27":"purchasable","28":"product-type-variable","29":"has-default-attributes"},"bundled_by":[],"bundle_stock_status":"instock","bundle_stock_quantity":null,"bundle_virtual":false,"bundle_layout":"","bundle_add_to_cart_form_location":"","bundle_editable_in_cart":false,"bundle_sold_individually_context":"","bundle_item_grouping":"","bundle_min_size":"","bundle_max_size":"","bundle_price":[],"bundled_items":[],"bundle_sell_ids":[],"acf":[],"_links":{"self":[{"href":"https:\/\/pippifoder.se\/fi\/wp-json\/wp\/v2\/product\/17263","targetHints":{"allow":["GET"]}}],"collection":[{"href":"https:\/\/pippifoder.se\/fi\/wp-json\/wp\/v2\/product"}],"about":[{"href":"https:\/\/pippifoder.se\/fi\/wp-json\/wp\/v2\/types\/product"}],"replies":[{"embeddable":true,"href":"https:\/\/pippifoder.se\/fi\/wp-json\/wp\/v2\/comments?post=17263"}],"wp:featuredmedia":[{"embeddable":true,"href":"https:\/\/pippifoder.se\/fi\/wp-json\/wp\/v2\/media\/6512"}],"wp:attachment":[{"href":"https:\/\/pippifoder.se\/fi\/wp-json\/wp\/v2\/media?parent=17263"}],"wp:term":[{"taxonomy":"product_brand","embeddable":true,"href":"https:\/\/pippifoder.se\/fi\/wp-json\/wp\/v2\/product_brand?post=17263"},{"taxonomy":"product_cat","embeddable":true,"href":"https:\/\/pippifoder.se\/fi\/wp-json\/wp\/v2\/product_cat?post=17263"},{"taxonomy":"product_tag","embeddable":true,"href":"https:\/\/pippifoder.se\/fi\/wp-json\/wp\/v2\/product_tag?post=17263"}],"curies":[{"name":"wp","href":"https:\/\/api.w.org\/{rel}","templated":true}]}}