{"id":17224,"date":"2024-12-14T18:35:22","date_gmt":"2024-12-14T18:35:22","guid":{"rendered":"https:\/\/pippifoder.se\/?post_type=product&#038;p=17224"},"modified":"2026-04-03T05:01:30","modified_gmt":"2026-04-03T05:01:30","slug":"kuoritut-auringonkukansiemenet-15kg-rehutynnyri-kopia","status":"publish","type":"product","link":"https:\/\/pippifoder.se\/fi\/tuote\/tarvikkeet\/rehusailio-ja-varastointi\/kuoritut-auringonkukansiemenet-15kg-rehutynnyri-kopia\/","title":{"rendered":"Kuorettomat maap\u00e4hkin\u00e4t 10 kg + rehutynnyri"},"content":{"rendered":"<h2>Tietoa ruokintakaukalosta<\/h2>\n<p>Rehutynnyri on valmistettu Ruotsissa elintarvikehyv\u00e4ksytyst\u00e4 polypropeenimuovista, ja se sopii erinomaisesti kaikenlaisten rehujen ja tietenkin sek\u00e4 <a href=\"https:\/\/pippifoder.se\/fi\/auringonkukka\/\">auringonkukansiementen<\/a> ett\u00e4 <a href=\"https:\/\/pippifoder.se\/fi\/maapahkinat\/\">maap\u00e4hkin\u00f6iden<\/a> s\u00e4ilytykseen, joita me myymme t\u00e4\u00e4ll\u00e4 Pippifoderissa. Rehutynnyri suojaa saastumiselta, tuholaisilta ja hiirilt\u00e4. Jos ostat useita tynnyreit\u00e4, ne ovat pinottavia. Tynnyriss\u00e4 on kansi, joka on helppo laittaa ja ottaa pois. Rehutynnyri on 37 litraa.  <\/p>\n<h2>Ruokintakaukalon k\u00e4ytt\u00f6<\/h2>\n<p>Rehun s\u00e4ilytt\u00e4minen rehutynnyriss\u00e4 on t\u00e4rke\u00e4\u00e4, jotta se voidaan suojata saastumiselta, tuholaisilta ja hiirilt\u00e4. Valikoimastamme l\u00f6yd\u00e4t hyvin valmistettuja, tiiviit\u00e4 ja kannellisia tynnyreit\u00e4, jotka sopivat erinomaisesti sek\u00e4 talleille ett\u00e4 maatiloille, sis\u00e4tiloihin ja ulkotiloihin. Kannellinen tynnyri suojaa rehusi tehokkaasti ilmatiiviiss\u00e4 tynnyriss\u00e4 ja pit\u00e4\u00e4 sen turvallisesti poissa hy\u00f6nteisilt\u00e4 ja muilta ei-toivotuilta vierailijoilta. Tyylikk\u00e4\u00e4n ja toimivan tynnyrin avulla el\u00e4inten ruokinta on sek\u00e4 helpompaa ett\u00e4 puhtaampaa. Osta rehutynnyreit\u00e4 verkossa Pippifoderin verkkokaupasta, toimitus suoraan kotiovellesi!   <\/p>\n","protected":false},"excerpt":{"rendered":"<p>Osta suositut <a href=\"https:\/\/pippifoder.se\/produkt\/fagelmat\/jordnotter\/skalade-jordnotter-10kg\/\">10 kg kuorettomat maap\u00e4hkin\u00e4t<\/a> + kannellinen rehutynnyri (37 litraa) ly\u00f6m\u00e4tt\u00f6m\u00e4\u00e4n pakettihintaan! Valitse vihre\u00e4, punainen, sininen tai keltainen tynnyri. <\/p>\n","protected":false},"featured_media":6512,"comment_status":"closed","ping_status":"closed","template":"","meta":{"_acf_changed":false},"product_brand":[],"product_cat":[164,252,112,130,165],"product_tag":[103,100],"class_list":{"0":"post-17224","1":"product","2":"type-product","3":"status-publish","4":"has-post-thumbnail","6":"product_cat-rehusailio-ja-varastointi","7":"product_cat-kuorettomat-maapahkinat","8":"product_cat-lintujen-ruokaa","9":"product_cat-maapahkinat","10":"product_cat-tarvikkeet","11":"product_tag-auringonkukansiemenet","12":"product_tag-lintujen-ruokaa","13":"product_shipping_class-ruotsi","14":"pa_fodertunna-farg-bla-fi","15":"pa_fodertunna-farg-keltainen-vari","16":"pa_fodertunna-farg-punainen-vari","17":"pa_fodertunna-farg-vihrea-vari","18":"product_group-fodertunna-med-innehall","20":"first","21":"instock","22":"sale","23":"taxable","24":"shipping-taxable","25":"purchasable","26":"product-type-variable","27":"has-default-attributes"},"bundled_by":[],"bundle_stock_status":"instock","bundle_stock_quantity":null,"bundle_virtual":false,"bundle_layout":"","bundle_add_to_cart_form_location":"","bundle_editable_in_cart":false,"bundle_sold_individually_context":"","bundle_item_grouping":"","bundle_min_size":"","bundle_max_size":"","bundle_price":[],"bundled_items":[],"bundle_sell_ids":[],"acf":[],"_links":{"self":[{"href":"https:\/\/pippifoder.se\/fi\/wp-json\/wp\/v2\/product\/17224","targetHints":{"allow":["GET"]}}],"collection":[{"href":"https:\/\/pippifoder.se\/fi\/wp-json\/wp\/v2\/product"}],"about":[{"href":"https:\/\/pippifoder.se\/fi\/wp-json\/wp\/v2\/types\/product"}],"replies":[{"embeddable":true,"href":"https:\/\/pippifoder.se\/fi\/wp-json\/wp\/v2\/comments?post=17224"}],"wp:featuredmedia":[{"embeddable":true,"href":"https:\/\/pippifoder.se\/fi\/wp-json\/wp\/v2\/media\/6512"}],"wp:attachment":[{"href":"https:\/\/pippifoder.se\/fi\/wp-json\/wp\/v2\/media?parent=17224"}],"wp:term":[{"taxonomy":"product_brand","embeddable":true,"href":"https:\/\/pippifoder.se\/fi\/wp-json\/wp\/v2\/product_brand?post=17224"},{"taxonomy":"product_cat","embeddable":true,"href":"https:\/\/pippifoder.se\/fi\/wp-json\/wp\/v2\/product_cat?post=17224"},{"taxonomy":"product_tag","embeddable":true,"href":"https:\/\/pippifoder.se\/fi\/wp-json\/wp\/v2\/product_tag?post=17224"}],"curies":[{"name":"wp","href":"https:\/\/api.w.org\/{rel}","templated":true}]}}