{"id":15964,"date":"2024-11-27T11:36:39","date_gmt":"2024-11-27T11:36:39","guid":{"rendered":"https:\/\/pippifoder.se\/Ei-luokiteltu\/jauhomadot-kuivatut-600g-amparissa\/"},"modified":"2026-02-08T19:29:50","modified_gmt":"2026-02-08T19:29:50","slug":"jauhomadot-kuivatut-600g-amparissa","status":"publish","type":"product","link":"https:\/\/pippifoder.se\/fi\/tuote\/lintujen-ruokaa\/jauhomato\/jauhomadot-kuivatut-600g-amparissa\/","title":{"rendered":"Jauhomato, kuivatut, 600g \u00e4mp\u00e4riss\u00e4"},"content":{"rendered":"","protected":false},"excerpt":{"rendered":"<p>Jauhomato \u00e4mp\u00e4riss\u00e4, 600 grammaa. Jauhomato on runsasproteiinista ruokaa, jossa on noin 50 % proteiinia, joten se on hyv\u00e4 lis\u00e4 lintujen ruokintaan. Jauhomato ei oikeastaan ole mato, vaan jauhokuoriaisten toukkia. Varsinkin pesim\u00e4aikana linnuilla on suuri proteiinin tarve. Halutessasi voit laittaa jauhomatoja hieman veteen ennen kuin annat ne linnuille (kes\u00e4ll\u00e4).    <\/p>\n<p>&#8211; Lintujen suojeluj\u00e4rjest\u00f6jen suosittelema<br \/>\n&#8211; Korkea proteiinipitoisuus<br \/>\n&#8211; Sopii hyvin nuorille linnuille <a href=\"https:\/\/pippifoder.se\/fi\/lintujen-ruokinta\/\">pesim\u00e4aikana<br \/>\n<\/a> &#8211; Sopii ruokintalaitteisiin, lintup\u00f6ytiin ja maaruokintaan<br \/>\n&#8211; Voidaan sekoittaa muuhun lintujen ruokaan<br \/>\n&#8211; Jauhomato voidaan liottaa pieness\u00e4 vedess\u00e4 niiden pehment\u00e4miseksi.<\/p>\n<p><strong>HUOM, loppuunmyyty, suosittelemme 1kg <a href=\"https:\/\/pippifoder.se\/fi\/produkt\/lintujen-ruokaa\/jauhomato\/jauhomadot-kuivatut-600g-amparissa-kopia\/\">jauhomatoa<\/a>.<\/strong><\/p>\n","protected":false},"featured_media":15799,"comment_status":"closed","ping_status":"closed","template":"","meta":{"_acf_changed":false},"product_brand":[],"product_cat":[205,112],"product_tag":[],"class_list":{"0":"post-15964","1":"product","2":"type-product","3":"status-publish","4":"has-post-thumbnail","6":"product_cat-jauhomato","7":"product_cat-lintujen-ruokaa","8":"product_group-hink-4kg","10":"first","11":"outofstock","12":"taxable","13":"shipping-taxable","14":"purchasable","15":"product-type-simple"},"bundled_by":[],"bundle_stock_status":"outofstock","bundle_stock_quantity":0,"bundle_virtual":false,"bundle_layout":"","bundle_add_to_cart_form_location":"","bundle_editable_in_cart":false,"bundle_sold_individually_context":"","bundle_item_grouping":"","bundle_min_size":"","bundle_max_size":"","bundle_price":[],"bundled_items":[],"bundle_sell_ids":[],"acf":[],"_links":{"self":[{"href":"https:\/\/pippifoder.se\/fi\/wp-json\/wp\/v2\/product\/15964","targetHints":{"allow":["GET"]}}],"collection":[{"href":"https:\/\/pippifoder.se\/fi\/wp-json\/wp\/v2\/product"}],"about":[{"href":"https:\/\/pippifoder.se\/fi\/wp-json\/wp\/v2\/types\/product"}],"replies":[{"embeddable":true,"href":"https:\/\/pippifoder.se\/fi\/wp-json\/wp\/v2\/comments?post=15964"}],"wp:featuredmedia":[{"embeddable":true,"href":"https:\/\/pippifoder.se\/fi\/wp-json\/wp\/v2\/media\/15799"}],"wp:attachment":[{"href":"https:\/\/pippifoder.se\/fi\/wp-json\/wp\/v2\/media?parent=15964"}],"wp:term":[{"taxonomy":"product_brand","embeddable":true,"href":"https:\/\/pippifoder.se\/fi\/wp-json\/wp\/v2\/product_brand?post=15964"},{"taxonomy":"product_cat","embeddable":true,"href":"https:\/\/pippifoder.se\/fi\/wp-json\/wp\/v2\/product_cat?post=15964"},{"taxonomy":"product_tag","embeddable":true,"href":"https:\/\/pippifoder.se\/fi\/wp-json\/wp\/v2\/product_tag?post=15964"}],"curies":[{"name":"wp","href":"https:\/\/api.w.org\/{rel}","templated":true}]}}