{"id":15137,"date":"2024-11-19T18:50:28","date_gmt":"2024-11-19T18:50:28","guid":{"rendered":"https:\/\/pippifoder.se\/?post_type=product&#038;p=15137"},"modified":"2026-02-08T19:29:56","modified_gmt":"2026-02-08T19:29:56","slug":"ruokinta-automaatti-katan-vihrea-2-litraa-kopia","status":"publish","type":"product","link":"https:\/\/pippifoder.se\/fi\/tuote\/lintujen-ruokinta\/ruokinta-automaatti-katan-vihrea-2-litraa-kopia\/","title":{"rendered":"Maailmanpy\u00f6r\u00e4 lintujen ruokinta"},"content":{"rendered":"<h2>Maailmanpy\u00f6r\u00e4n kokoonpano-ohjeet<\/h2>\n<p><a href=\"https:\/\/pippifoder.se\/app\/uploads\/2024\/11\/Pariserhjul_instruktion_right.pdf\">Lataa maailmanpy\u00f6r\u00e4n kokoamisohjeet<\/a><\/p>\n","protected":false},"excerpt":{"rendered":"<p>Ruotsalaisvalmisteinen lintujen ruokintapaikka, jossa linnut py\u00f6riv\u00e4t iloisesti \u00e4mp\u00e4reiden v\u00e4liss\u00e4. Lis\u00e4ksi ruokinta n\u00e4ytt\u00e4\u00e4 olevan turvallinen my\u00f6s suuremmille lintulajeille, kuten harakoille, peipposille ja kaakkureille.<\/p>\n<p>T\u00e4m\u00e4 linnunruokinta myyd\u00e4\u00e4n pakettina, jossa on ohjeet sen kokoamiseen.<\/p>\n<p>Keltaiset muovisangot, joihin kuhunkin mahtuu noin 1,5 dl siemeni\u00e4, on varustettu valutusaukoilla. Jos tarvitset sy\u00f6tt\u00f6laitteelle suojaa sateelta ja lumelta, voit joko rakentaa katon itse tai sijoittaa py\u00f6r\u00e4n mink\u00e4 tahansa olemassa olevan katon alle.<\/p>\n","protected":false},"featured_media":15146,"comment_status":"open","ping_status":"closed","template":"","meta":{"_acf_changed":false},"product_brand":[],"product_cat":[174,570,171,166,173],"product_tag":[],"class_list":{"0":"post-15137","1":"product","2":"type-product","3":"status-publish","4":"has-post-thumbnail","6":"product_cat-lintujen-ruokinta","7":"product_cat-joululahjaideoita-lintujen-ystaville-vuonna-2025","8":"product_cat-linnunsyottolaite-linnunsiemenia-varten","9":"product_cat-lintujen-syottolaitteita-pahkinoita-varten","10":"product_cat-lintupoyta","11":"product_shipping_class-ruotsi","13":"first","14":"instock","15":"taxable","16":"shipping-taxable","17":"purchasable","18":"product-type-simple"},"bundled_by":[],"bundle_stock_status":"instock","bundle_stock_quantity":72,"bundle_virtual":false,"bundle_layout":"","bundle_add_to_cart_form_location":"","bundle_editable_in_cart":false,"bundle_sold_individually_context":"","bundle_item_grouping":"","bundle_min_size":"","bundle_max_size":"","bundle_price":[],"bundled_items":[],"bundle_sell_ids":[],"acf":[],"_links":{"self":[{"href":"https:\/\/pippifoder.se\/fi\/wp-json\/wp\/v2\/product\/15137","targetHints":{"allow":["GET"]}}],"collection":[{"href":"https:\/\/pippifoder.se\/fi\/wp-json\/wp\/v2\/product"}],"about":[{"href":"https:\/\/pippifoder.se\/fi\/wp-json\/wp\/v2\/types\/product"}],"replies":[{"embeddable":true,"href":"https:\/\/pippifoder.se\/fi\/wp-json\/wp\/v2\/comments?post=15137"}],"wp:featuredmedia":[{"embeddable":true,"href":"https:\/\/pippifoder.se\/fi\/wp-json\/wp\/v2\/media\/15146"}],"wp:attachment":[{"href":"https:\/\/pippifoder.se\/fi\/wp-json\/wp\/v2\/media?parent=15137"}],"wp:term":[{"taxonomy":"product_brand","embeddable":true,"href":"https:\/\/pippifoder.se\/fi\/wp-json\/wp\/v2\/product_brand?post=15137"},{"taxonomy":"product_cat","embeddable":true,"href":"https:\/\/pippifoder.se\/fi\/wp-json\/wp\/v2\/product_cat?post=15137"},{"taxonomy":"product_tag","embeddable":true,"href":"https:\/\/pippifoder.se\/fi\/wp-json\/wp\/v2\/product_tag?post=15137"}],"curies":[{"name":"wp","href":"https:\/\/api.w.org\/{rel}","templated":true}]}}