{"id":13154,"date":"2024-10-30T13:10:11","date_gmt":"2024-10-30T12:10:11","guid":{"rendered":"https:\/\/pippifoder.se\/?post_type=product&#038;p=13154"},"modified":"2025-10-15T07:11:15","modified_gmt":"2025-10-15T07:11:15","slug":"pahkinoiden-ruokintatalo-sininen-talo-kopia","status":"publish","type":"product","link":"https:\/\/pippifoder.se\/fi\/tuote\/lintujen-ruokinta\/pahkinoiden-ruokintatalo-sininen-talo-kopia\/","title":{"rendered":"P\u00e4hkin\u00f6iden ruokintatalo, kasvihuone"},"content":{"rendered":"","protected":false},"excerpt":{"rendered":"<p>Pastellinv\u00e4rinen vihre\u00e4 lintujen ruokinta <a href=\"https:\/\/pippifoder.se\/fi\/maapahkinat\/\">p\u00e4hkin\u00f6ille<\/a>, valmistettu FSC-sertifioidusta puusta, jossa on puinen klinkkerikatto. Valmistettu puusta, jossa ruokintakammiossa on verkko. <\/p>\n","protected":false},"featured_media":13158,"comment_status":"closed","ping_status":"closed","template":"","meta":{"_acf_changed":false},"product_brand":[],"product_cat":[174,166],"product_tag":[],"class_list":{"0":"post-13154","1":"product","2":"type-product","3":"status-publish","4":"has-post-thumbnail","6":"product_cat-lintujen-ruokinta","7":"product_cat-lintujen-syottolaitteita-pahkinoita-varten","9":"first","10":"instock","11":"taxable","12":"shipping-taxable","13":"purchasable","14":"product-type-simple"},"bundled_by":[],"bundle_stock_status":"instock","bundle_stock_quantity":19,"bundle_virtual":false,"bundle_layout":"","bundle_add_to_cart_form_location":"","bundle_editable_in_cart":false,"bundle_sold_individually_context":"","bundle_item_grouping":"","bundle_min_size":"","bundle_max_size":"","bundle_price":[],"bundled_items":[],"bundle_sell_ids":[],"acf":[],"_links":{"self":[{"href":"https:\/\/pippifoder.se\/fi\/wp-json\/wp\/v2\/product\/13154","targetHints":{"allow":["GET"]}}],"collection":[{"href":"https:\/\/pippifoder.se\/fi\/wp-json\/wp\/v2\/product"}],"about":[{"href":"https:\/\/pippifoder.se\/fi\/wp-json\/wp\/v2\/types\/product"}],"replies":[{"embeddable":true,"href":"https:\/\/pippifoder.se\/fi\/wp-json\/wp\/v2\/comments?post=13154"}],"wp:featuredmedia":[{"embeddable":true,"href":"https:\/\/pippifoder.se\/fi\/wp-json\/wp\/v2\/media\/13158"}],"wp:attachment":[{"href":"https:\/\/pippifoder.se\/fi\/wp-json\/wp\/v2\/media?parent=13154"}],"wp:term":[{"taxonomy":"product_brand","embeddable":true,"href":"https:\/\/pippifoder.se\/fi\/wp-json\/wp\/v2\/product_brand?post=13154"},{"taxonomy":"product_cat","embeddable":true,"href":"https:\/\/pippifoder.se\/fi\/wp-json\/wp\/v2\/product_cat?post=13154"},{"taxonomy":"product_tag","embeddable":true,"href":"https:\/\/pippifoder.se\/fi\/wp-json\/wp\/v2\/product_tag?post=13154"}],"curies":[{"name":"wp","href":"https:\/\/api.w.org\/{rel}","templated":true}]}}