{"id":10035,"date":"2024-09-26T03:59:29","date_gmt":"2024-09-26T03:59:29","guid":{"rendered":"https:\/\/pippifoder.se\/?post_type=product&#038;p=10035"},"modified":"2026-05-03T19:33:03","modified_gmt":"2026-05-03T17:33:03","slug":"puolikas-kookospahkinan-kuori-jossa-on-rasvaa-ja-siemenia-2","status":"publish","type":"product","link":"https:\/\/pippifoder.se\/fi\/tuote\/lintujen-ruokaa\/rasvasiemenseos\/puolikas-kookospahkinan-kuori-jossa-on-rasvaa-ja-siemenia-2\/","title":{"rendered":"Rehupalkki, jossa on jauhomatoja ja siemeni\u00e4"},"content":{"rendered":"","protected":false},"excerpt":{"rendered":"<p>Jauhomatotikku Rehutikku, jossa on jauhomatoja ja siemeni\u00e4, 200 g 18 cm:n pituinen h\u00e4r\u00e4nh\u00e4nt\u00e4tikku, jossa on siemenlajikkeita ja peittokerros kuivattuja jauhomatoja. Naru ripustamista varten. <\/p>\n","protected":false},"featured_media":10272,"comment_status":"closed","ping_status":"closed","template":"","meta":{"_acf_changed":false},"product_brand":[],"product_cat":[126,205,112],"product_tag":[],"class_list":{"0":"post-10035","1":"product","2":"type-product","3":"status-publish","4":"has-post-thumbnail","6":"product_cat-rasvasiemenseos","7":"product_cat-jauhomato","8":"product_cat-lintujen-ruokaa","10":"first","11":"instock","12":"taxable","13":"shipping-taxable","14":"purchasable","15":"product-type-simple"},"bundled_by":["30024"],"bundle_stock_status":"instock","bundle_stock_quantity":201,"bundle_virtual":false,"bundle_layout":"","bundle_add_to_cart_form_location":"","bundle_editable_in_cart":false,"bundle_sold_individually_context":"","bundle_item_grouping":"","bundle_min_size":"","bundle_max_size":"","bundle_price":[],"bundled_items":[],"bundle_sell_ids":[],"acf":[],"_links":{"self":[{"href":"https:\/\/pippifoder.se\/fi\/wp-json\/wp\/v2\/product\/10035","targetHints":{"allow":["GET"]}}],"collection":[{"href":"https:\/\/pippifoder.se\/fi\/wp-json\/wp\/v2\/product"}],"about":[{"href":"https:\/\/pippifoder.se\/fi\/wp-json\/wp\/v2\/types\/product"}],"replies":[{"embeddable":true,"href":"https:\/\/pippifoder.se\/fi\/wp-json\/wp\/v2\/comments?post=10035"}],"wp:featuredmedia":[{"embeddable":true,"href":"https:\/\/pippifoder.se\/fi\/wp-json\/wp\/v2\/media\/10272"}],"wp:attachment":[{"href":"https:\/\/pippifoder.se\/fi\/wp-json\/wp\/v2\/media?parent=10035"}],"wp:term":[{"taxonomy":"product_brand","embeddable":true,"href":"https:\/\/pippifoder.se\/fi\/wp-json\/wp\/v2\/product_brand?post=10035"},{"taxonomy":"product_cat","embeddable":true,"href":"https:\/\/pippifoder.se\/fi\/wp-json\/wp\/v2\/product_cat?post=10035"},{"taxonomy":"product_tag","embeddable":true,"href":"https:\/\/pippifoder.se\/fi\/wp-json\/wp\/v2\/product_tag?post=10035"}],"curies":[{"name":"wp","href":"https:\/\/api.w.org\/{rel}","templated":true}]}}