{"id":10031,"date":"2024-09-26T03:58:23","date_gmt":"2024-09-26T03:58:23","guid":{"rendered":"https:\/\/pippifoder.se\/?post_type=product&#038;p=10031"},"modified":"2026-05-03T19:32:58","modified_gmt":"2026-05-03T17:32:58","slug":"puolikas-kookospahkinan-kuori-jossa-on-rasvaa-ja-siemenia-3","status":"publish","type":"product","link":"https:\/\/pippifoder.se\/fi\/tuote\/lintujen-ruokaa\/rasvasiemenseos\/puolikas-kookospahkinan-kuori-jossa-on-rasvaa-ja-siemenia-3\/","title":{"rendered":"Auringonkukansiemeni\u00e4 sis\u00e4lt\u00e4v\u00e4 rehupatukka"},"content":{"rendered":"","protected":false},"excerpt":{"rendered":"<p>Auringonkukkatikku Ruokintatikku auringonkukansiemenill\u00e4, 200 g 18 cm pitk\u00e4, h\u00e4r\u00e4n talista valmistettu tikku, jossa on paksu kerros puhdistettuja auringonkukansiemeni\u00e4. Naru ripustamista varten. <\/p>\n","protected":false},"featured_media":10268,"comment_status":"closed","ping_status":"closed","template":"","meta":{"_acf_changed":false},"product_brand":[],"product_cat":[126,132,112],"product_tag":[],"class_list":{"0":"post-10031","1":"product","2":"type-product","3":"status-publish","4":"has-post-thumbnail","6":"product_cat-rasvasiemenseos","7":"product_cat-auringonkukansiemenet","8":"product_cat-lintujen-ruokaa","10":"first","11":"instock","12":"taxable","13":"shipping-taxable","14":"purchasable","15":"product-type-simple"},"bundled_by":["30024"],"bundle_stock_status":"instock","bundle_stock_quantity":497,"bundle_virtual":false,"bundle_layout":"","bundle_add_to_cart_form_location":"","bundle_editable_in_cart":false,"bundle_sold_individually_context":"","bundle_item_grouping":"","bundle_min_size":"","bundle_max_size":"","bundle_price":[],"bundled_items":[],"bundle_sell_ids":[],"acf":[],"_links":{"self":[{"href":"https:\/\/pippifoder.se\/fi\/wp-json\/wp\/v2\/product\/10031","targetHints":{"allow":["GET"]}}],"collection":[{"href":"https:\/\/pippifoder.se\/fi\/wp-json\/wp\/v2\/product"}],"about":[{"href":"https:\/\/pippifoder.se\/fi\/wp-json\/wp\/v2\/types\/product"}],"replies":[{"embeddable":true,"href":"https:\/\/pippifoder.se\/fi\/wp-json\/wp\/v2\/comments?post=10031"}],"wp:featuredmedia":[{"embeddable":true,"href":"https:\/\/pippifoder.se\/fi\/wp-json\/wp\/v2\/media\/10268"}],"wp:attachment":[{"href":"https:\/\/pippifoder.se\/fi\/wp-json\/wp\/v2\/media?parent=10031"}],"wp:term":[{"taxonomy":"product_brand","embeddable":true,"href":"https:\/\/pippifoder.se\/fi\/wp-json\/wp\/v2\/product_brand?post=10031"},{"taxonomy":"product_cat","embeddable":true,"href":"https:\/\/pippifoder.se\/fi\/wp-json\/wp\/v2\/product_cat?post=10031"},{"taxonomy":"product_tag","embeddable":true,"href":"https:\/\/pippifoder.se\/fi\/wp-json\/wp\/v2\/product_tag?post=10031"}],"curies":[{"name":"wp","href":"https:\/\/api.w.org\/{rel}","templated":true}]}}