{"id":8144,"date":"2023-10-02T12:53:50","date_gmt":"2023-10-02T12:53:50","guid":{"rendered":"https:\/\/pippifoder.se\/jalleenmyyjat\/"},"modified":"2025-02-03T08:50:41","modified_gmt":"2025-02-03T08:50:41","slug":"jalleenmyyjat","status":"publish","type":"page","link":"https:\/\/pippifoder.se\/fi\/jalleenmyyjat\/","title":{"rendered":"J\u00e4lleenmyyj\u00e4t"},"content":{"rendered":"<div class=\"wp-block-text-image-simple\">\n    \n    <figure class=\"wp-block-text-image-simple__figure\">\n                    <picture>\n                  <source media=\"(max-width: 500px)\" srcset=\"https:\/\/pippifoder.se\/app\/uploads\/2023\/10\/handmata-bofink-300x300.png.avif\" type=\"image\/avif\"\n          width=\"300\" height=\"300\">\n              <source media=\"(max-width: 500px)\" srcset=\"https:\/\/pippifoder.se\/app\/uploads\/2023\/10\/handmata-bofink-300x300.png\" type=\"image\/png\"\n          width=\"300\" height=\"300\">\n                        <source media=\"(min-width: 500px)\" srcset=\"https:\/\/pippifoder.se\/app\/uploads\/2023\/10\/handmata-bofink-768x768.png.avif\" type=\"image\/avif\"\n          width=\"768\" height=\"768\">\n              <source media=\"(min-width: 500px)\" srcset=\"https:\/\/pippifoder.se\/app\/uploads\/2023\/10\/handmata-bofink-768x768.png\" type=\"image\/png\"\n          width=\"768\" height=\"768\">\n          \n    <img fetchpriority=\"high\" decoding=\"async\" src=\"https:\/\/pippifoder.se\/app\/uploads\/2023\/10\/handmata-bofink-300x300.png\" alt=\"Fuglemater for fuglefr\u00f8\" loading=\"eager\" width=\"300\" height=\"300\" title=\"\">\n  <\/picture>\n            <\/figure>\n    \n\n    \n    <article class=\"wp-block-text-image-simple__text order-first p-4 lg:pl-0 lg:pr-36\">\n                    \n\n<h1 class=\"wp-block-heading wp-block-text-image-simple__heading\">Paikallinen yhteisty\u00f6<\/h1>\n\n\n\n<p class=\"wp-block-text-image-simple__paragraph\">Lintujen ruokkiminen on luonnosta ja ymp\u00e4rist\u00f6st\u00e4 huolehtimista, ja yksi vaihe t\u00e4ss\u00e4 on tietenkin kuljetus.<br\/>Kuten miss\u00e4 tahansa tavallisessa verkkokaupassa, voit ostaa ja saada tavarat kotiin, jos ostat muutaman tuotteen, sinun t\u00e4ytyy maksaa postikulut, mutta melko pian se on viel\u00e4 ilmainen postikulut. Luomme yh\u00e4 enemm\u00e4n yhteisty\u00f6t\u00e4 paikallisten toimijoiden kanssa, se voi olla kauppapuutarhoja, rakennusmyyji\u00e4, maalaiskauppoja ja vastaavia, joissa olet kiinnostunut myym\u00e4\u00e4n tuotteitamme. Silloin teemme yhteisty\u00f6t\u00e4 ja otamme tilauksia etuk\u00e4teen, jotta tied\u00e4mme, kuinka paljon kiinnostusta on. Sitten l\u00e4het\u00e4mme yhden (1) kuljetuksen kumppanillemme ja asiakkaat voivat noutaa. T\u00e4m\u00e4 on tietenkin hyv\u00e4, v\u00e4henn\u00e4mme kuljetuksia ja s\u00e4\u00e4st\u00e4mme kuljetuskustannuksia kaikille, mik\u00e4 mahdollistaa todella alhaiset hinnat.    <\/p>\n\n\n                    <\/article>\n    \n\n<\/div>\n","protected":false},"excerpt":{"rendered":"","protected":false},"author":1,"featured_media":0,"parent":0,"menu_order":0,"comment_status":"closed","ping_status":"closed","template":"","meta":{"_acf_changed":false,"footnotes":""},"class_list":["post-8144","page","type-page","status-publish","hentry"],"acf":[],"_links":{"self":[{"href":"https:\/\/pippifoder.se\/fi\/wp-json\/wp\/v2\/pages\/8144","targetHints":{"allow":["GET"]}}],"collection":[{"href":"https:\/\/pippifoder.se\/fi\/wp-json\/wp\/v2\/pages"}],"about":[{"href":"https:\/\/pippifoder.se\/fi\/wp-json\/wp\/v2\/types\/page"}],"author":[{"embeddable":true,"href":"https:\/\/pippifoder.se\/fi\/wp-json\/wp\/v2\/users\/1"}],"replies":[{"embeddable":true,"href":"https:\/\/pippifoder.se\/fi\/wp-json\/wp\/v2\/comments?post=8144"}],"version-history":[{"count":0,"href":"https:\/\/pippifoder.se\/fi\/wp-json\/wp\/v2\/pages\/8144\/revisions"}],"wp:attachment":[{"href":"https:\/\/pippifoder.se\/fi\/wp-json\/wp\/v2\/media?parent=8144"}],"curies":[{"name":"wp","href":"https:\/\/api.w.org\/{rel}","templated":true}]}}