{"id":8138,"date":"2023-09-18T12:12:30","date_gmt":"2023-09-18T12:12:30","guid":{"rendered":"https:\/\/pippifoder.se\/ostoehdot\/"},"modified":"2025-02-03T08:51:44","modified_gmt":"2025-02-03T08:51:44","slug":"ostoehdot","status":"publish","type":"page","link":"https:\/\/pippifoder.se\/fi\/ostoehdot\/","title":{"rendered":"Ostoehdot"},"content":{"rendered":"\n<h1 class=\"wp-block-heading\">Ostoehdot<\/h1>\n\n<p>Yritys: Pippifoder Sverige AB (559443-0091)<\/p>\n\n<p>Yrityksen osoite: Pippifoder Sverige AB, Hantverkaregatan 4, 66130 S\u00e4ffle.<\/p>\n\n<h3 class=\"wp-block-heading\">Hinnat<\/h3>\n\n<p>Kaikki hinnat sis\u00e4lt\u00e4v\u00e4t arvonlis\u00e4veron. Toimituskulut lis\u00e4t\u00e4\u00e4n.<\/p>\n\n<h3 class=\"wp-block-heading\">Maksu<\/h3>\n\n<p>Maksaminen sivustolla tapahtuu Payson Checkoutin kautta.  <\/p>\n\n<h3 class=\"wp-block-heading\">Toimitus<\/h3>\n\n<p>Tilaukset l\u00e4hetet\u00e4\u00e4n ensisijaisesti DHL:ll\u00e4 ja toimitetaan edustajille tai suoraan toimitusosoitteeseen. Toimitusaika on 3-7 ty\u00f6p\u00e4iv\u00e4\u00e4.<br\/> Jos toimitus viiv\u00e4styy (ilman, ett\u00e4 ilmoitamme sinulle pidemm\u00e4st\u00e4 toimitusajasta), ota meihin yhteytt\u00e4 suoraan s\u00e4hk\u00f6postitse<a href=\"mailto:kontakt@pippifoder.se\">(kontakt@pippifoder.se)<\/a> tai puhelimitse<a href=\"tel:0730267410\">(0730267410<\/a>).  <\/p>\n\n<h3 class=\"wp-block-heading\">Peruuttamisoikeus<\/h3>\n\n<p>Tuotteen on oltava myyntikelpoisessa kunnossa ja vahingoittumattomassa pakkauksessa. Sinulla on lakis\u00e4\u00e4teinen 14 p\u00e4iv\u00e4n peruutusoikeus siit\u00e4, kun olet vastaanottanut tilaamasi tuotteen.<br\/>Kun k\u00e4yt\u00e4t peruutusoikeutta, olet asiakkaana vastuussa palautusl\u00e4hetyksest\u00e4. Peruuttamisoikeutta k\u00e4ytett\u00e4ess\u00e4 palautetaan koko summa, lukuun ottamatta toimituskuluja. Palautetuille tavaroille aiheutuneet vahingot ovat l\u00e4hett\u00e4j\u00e4n vastuulla. Kaikki palautusl\u00e4hetykset hoitaa Pippifoder.     <\/p>\n\n<p>Jos olet k\u00e4ytt\u00e4nyt peruutusoikeuttasi, laadimme sinulle rahtikirjan ja varasimme noutoajan DHL:lle, joka tulee noutamaan tavarat.  <\/p>\n\n<h3 class=\"wp-block-heading\">Valitukset<\/h3>\n\n<p>Ilmoita meille s\u00e4hk\u00f6postitse<a href=\"mailto:kontakt@pippifoder.se\">(kontakt@pippifoder.se)<\/a> tai puhelimitse<a href=\"tel:0730267410\">(0730267410<\/a>), miksi et hyv\u00e4ksy tavaroita ja miten katsot tavaroiden olevan viallisia. Ilmoita mahdollisista valituksista aina mahdollisimman pian. Lain mukaan sinulla on oikeus reklamoida tuotteesta 3 vuoden ajan edellytt\u00e4en, ett\u00e4 virheeseen voidaan vedota myyj\u00e4lle alkuper\u00e4isen\u00e4 6 kuukauden kuluessa ostohetkest\u00e4. Hyv\u00e4ksymme yleisen valituslautakunnan (ARN).   <\/p>\n\n<p>Jos kyseess\u00e4 on reklamaatio, laadimme sinulle rahtikirjan ja varaamme noutoajan DHL:lle, joka tulee noutamaan tavarat.  <\/p>\n\n<h3 class=\"wp-block-heading\">Vaihto-olosuhteet<\/h3>\n\n<p>Kun vaihdat tuotteen. Olet vastuussa paluukuljetuksesta takaisin meille ja kuljetus tapahtuu meid\u00e4n kauttamme, kun olemme rahdinvaraaja. Vaihdon yhteydess\u00e4 ostajalta veloitetaan uudet toimituskulut. HUOM! Muista aina ilmoittaa meille s\u00e4hk\u00f6postitse<a href=\"mailto:kontakt@pippifoder.se\">(kontakt@pippifoder.se)<\/a> tai puhelimitse<a href=\"tel:0730267410\">(0730267410<\/a>) ennen tavaran l\u00e4hett\u00e4mist\u00e4!    <\/p>\n\n<h3 class=\"wp-block-heading\">Noutamattomat paketit<\/h3>\n\n<p>Jos pakettia ei noudeta, l\u00e4hetys- ja palautuskuljetuksista sek\u00e4 pakkauksista veloitetaan 390 kruunua (sis. alv). Ruotsin lain mukaan sinun on aina ilmoitettava meille, kun k\u00e4yt\u00e4t tilauksen peruutus-, reklamaatio-, vaihto- tai palautusoikeutta.  <\/p>\n\n<figure class=\"wp-block-table\"><table><tbody><tr><td>Tilaus yhteens\u00e4<\/td><td>Hinta<\/td><td>Toimitustapa<\/td><\/tr><tr><td>1-1 499kr<\/td><td>99kr<\/td><td>Piirt\u00e4\u00e4<\/td><\/tr><tr><td>1 500kr +<\/td><td>Ilmainen toimitus<\/td><td>Piirt\u00e4\u00e4<\/td><\/tr><\/tbody><\/table><\/figure>\n\n<h3 class=\"wp-block-heading\">Asiakaspalvelu<\/h3>\n\n<p>Siirry <a href=\"https:\/\/pippifoder.se\/fi\/yhteystiedot\/\" data-type=\"page\" data-id=\"17\">yhteystietosivulle<\/a><\/p>\n\n<h3 class=\"wp-block-heading\"><strong><strong>Suostumus tuotearvosteluja koskeviin seurantas\u00e4hk\u00f6posteihin<\/strong><\/strong><\/h3>\n\n<p>Kun teet ostoksen Pippifoderissa, l\u00e4het\u00e4mme sinulle seurantas\u00e4hk\u00f6postin 14 p\u00e4iv\u00e4n kuluttua ostoksestasi. T\u00e4m\u00e4n s\u00e4hk\u00f6postin tarkoituksena on pyyt\u00e4\u00e4 sinua j\u00e4tt\u00e4m\u00e4\u00e4n arvostelu ostamistasi tuotteista.<br\/>Uskomme, ett\u00e4 mielipiteesi ja kokemuksesi ovat arvokkaita sek\u00e4 meille ett\u00e4 muille asiakkaille. N\u00e4iden kutsujen l\u00e4hett\u00e4miseen k\u00e4yt\u00e4mme s\u00e4hk\u00f6postiosoitetta, jonka annoit ostohetkell\u00e4.<br\/>S\u00e4hk\u00f6postiosoitettasi ja ostotietojasi k\u00e4sitell\u00e4\u00e4n tietosuojak\u00e4yt\u00e4nt\u00f6mme mukaisesti. Sinulla on oikeus kielt\u00e4yty\u00e4 n\u00e4ist\u00e4 kutsuista milloin tahansa ottamalla meihin yhteytt\u00e4 tai napsauttamalla kussakin kutsus\u00e4hk\u00f6postissa olevaa tilauksen peruuttamislinkki\u00e4. Kunnioitamme p\u00e4\u00e4t\u00f6st\u00e4si emmek\u00e4 l\u00e4het\u00e4 sinulle en\u00e4\u00e4 uusia kutsuja, jos p\u00e4\u00e4t\u00e4t peruuttaa tilauksen.    <\/p>\n","protected":false},"excerpt":{"rendered":"<p>Ostoehdot Yritys: Pippifoder Sverige AB (559443-0091) Yrityksen osoite: Pippifoder Sverige AB, Hantverkaregatan 4, 66130 S\u00e4ffle. Hinnat Kaikki hinnat sis\u00e4lt\u00e4v\u00e4t arvonlis\u00e4veron. Toimituskulut lis\u00e4t\u00e4\u00e4n. Maksu Maksaminen sivustolla tapahtuu Payson Checkoutin kautta. Toimitus Tilaukset l\u00e4hetet\u00e4\u00e4n ensisijaisesti DHL:ll\u00e4 ja toimitetaan edustajille tai suoraan toimitusosoitteeseen. Toimitusaika on 3-7 ty\u00f6p\u00e4iv\u00e4\u00e4. Jos toimitus viiv\u00e4styy (ilman, ett\u00e4 ilmoitamme sinulle pidemm\u00e4st\u00e4 toimitusajasta), ota meihin&#8230;<\/p>\n","protected":false},"author":1,"featured_media":0,"parent":0,"menu_order":0,"comment_status":"closed","ping_status":"closed","template":"","meta":{"_acf_changed":false,"footnotes":""},"class_list":["post-8138","page","type-page","status-publish","hentry"],"acf":[],"_links":{"self":[{"href":"https:\/\/pippifoder.se\/fi\/wp-json\/wp\/v2\/pages\/8138","targetHints":{"allow":["GET"]}}],"collection":[{"href":"https:\/\/pippifoder.se\/fi\/wp-json\/wp\/v2\/pages"}],"about":[{"href":"https:\/\/pippifoder.se\/fi\/wp-json\/wp\/v2\/types\/page"}],"author":[{"embeddable":true,"href":"https:\/\/pippifoder.se\/fi\/wp-json\/wp\/v2\/users\/1"}],"replies":[{"embeddable":true,"href":"https:\/\/pippifoder.se\/fi\/wp-json\/wp\/v2\/comments?post=8138"}],"version-history":[{"count":0,"href":"https:\/\/pippifoder.se\/fi\/wp-json\/wp\/v2\/pages\/8138\/revisions"}],"wp:attachment":[{"href":"https:\/\/pippifoder.se\/fi\/wp-json\/wp\/v2\/media?parent=8138"}],"curies":[{"name":"wp","href":"https:\/\/api.w.org\/{rel}","templated":true}]}}