{"id":8109,"date":"2023-09-18T12:07:33","date_gmt":"2023-09-18T10:07:33","guid":{"rendered":"https:\/\/pippifoder.se\/yhteystiedot\/"},"modified":"2025-09-17T08:43:01","modified_gmt":"2025-09-17T08:43:01","slug":"yhteystiedot","status":"publish","type":"page","link":"https:\/\/pippifoder.se\/fi\/yhteystiedot\/","title":{"rendered":"Ota yhteytt\u00e4"},"content":{"rendered":"<div class=\"wp-block-contact\">\n  \n  \n\n<h1 class=\"wp-block-heading wp-block-contact__heading\">Ota yhteytt\u00e4 Pippifoderiin<\/h1>\n\n\n\n<p class=\"wp-block-contact__paragraph\">Jos haluat ottaa meihin yhteytt\u00e4, l\u00f6yd\u00e4t kaikki yhteystiedot alla.<\/p>\n\n\n\n<p class=\"wp-block-contact__paragraph\"><\/p>\n\n\n\n<h2 class=\"wp-block-heading\">Usein kysytyt kysymykset<\/h2>\n\n\n<div class=\"wp-block-plusbox\">\n                    <details class=\"single-plus-box\" id=\"plus-box\">\n\n        \n                    <summary class=\"single-plus-box__title\">\n                Miss\u00e4 toimitukseni on?\n                <span class=\"single-plus-box__toggle\">\n                    <i class=\"far fa-chevron-down\"><\/i>\n                <\/span>\n            <\/summary>\n        \n\n        \n            \n            <div id=\"plus-box-content\" class=\"single-plus-box__content\">\n                <div class=\"single-plus-box__answer\">\n                    <p>L\u00e4het\u00e4mme toimituksen DHL:ll\u00e4.<br \/>\nKun tilaus on l\u00e4hetetty meilt\u00e4, saat s\u00e4hk\u00f6postin, ja siin\u00e4 on seurantalinkki, josta n\u00e4et, miss\u00e4 pakettisi (pakettisi) on.<br \/>\nMeill\u00e4 ei ole enemp\u00e4\u00e4 mahdollisuuksia seurata l\u00e4hetyst\u00e4 kuin sinulla on linkin kautta.<br \/>\nJos sinulla on kysytt\u00e4v\u00e4\u00e4 l\u00e4hetyksest\u00e4si, on helpointa soittaa DHL:lle puhelinnumeroon: <a href=\"tel:077-1345345\">077-134 53 45<\/a>.<\/p>\n\n                <\/div>\n\n                \n            <\/div>\n        \n    <\/details>\n                        <details class=\"single-plus-box\" id=\"plus-box\">\n\n        \n                    <summary class=\"single-plus-box__title\">\n                Miten tilaus l\u00e4hetet\u00e4\u00e4n?\n                <span class=\"single-plus-box__toggle\">\n                    <i class=\"far fa-chevron-down\"><\/i>\n                <\/span>\n            <\/summary>\n        \n\n        \n            \n            <div id=\"plus-box-content\" class=\"single-plus-box__content\">\n                <div class=\"single-plus-box__answer\">\n                    Tavallisesti tilaus l\u00e4hetet\u00e4\u00e4n kotiisi DHL:ll\u00e4.\nDHL j\u00e4tt\u00e4\u00e4 sen paikalle sopivaksi katsomassaan paikassa.\nSaat yleens\u00e4 ilmoituksen ennen toimitusta.\nSuurempia tilauksia l\u00e4het\u00e4mme joskus Postnordilla kuormalavalla.\nKun ostat vain lintujen ruokinta-astioita tai pieni\u00e4 tarvikkeita, voimme l\u00e4hett\u00e4\u00e4 asiamiehille, jotta paketti ei h\u00e4vi\u00e4 tai tuhoudu k\u00e4sittelyss\u00e4.    \n                <\/div>\n\n                \n            <\/div>\n        \n    <\/details>\n                        <details class=\"single-plus-box\" id=\"plus-box\">\n\n        \n                    <summary class=\"single-plus-box__title\">\n                En tavoita sinua puhelimitse\n                <span class=\"single-plus-box__toggle\">\n                    <i class=\"far fa-chevron-down\"><\/i>\n                <\/span>\n            <\/summary>\n        \n\n        \n            \n            <div id=\"plus-box-content\" class=\"single-plus-box__content\">\n                <div class=\"single-plus-box__answer\">\n                    Pyrimme aina vastaamaan puhelimeen, mutta paras tapa on l\u00e4hett\u00e4\u00e4 meille s\u00e4hk\u00f6postia osoitteeseen <a href=\"mailto:kontakt@pippifoder.se\">kontakt@pippifoder.se.<\/a> Pyrimme aina vastaamaan s\u00e4hk\u00f6posteihin samana p\u00e4iv\u00e4n\u00e4. \n                <\/div>\n\n                \n            <\/div>\n        \n    <\/details>\n                        <details class=\"single-plus-box\" id=\"plus-box\">\n\n        \n                    <summary class=\"single-plus-box__title\">\n                En ole saanut kaikkia tilaukseni paketteja.\n                <span class=\"single-plus-box__toggle\">\n                    <i class=\"far fa-chevron-down\"><\/i>\n                <\/span>\n            <\/summary>\n        \n\n        \n            \n            <div id=\"plus-box-content\" class=\"single-plus-box__content\">\n                <div class=\"single-plus-box__answer\">\n                    Pyrimme aina l\u00e4hett\u00e4m\u00e4\u00e4n kaikki tilauksen paketit samaan aikaan, mutta joskus noutoauto ei saa kaikkia paketteja tai jokin paketti loppuu kesken. N\u00e4iss\u00e4 tapauksissa l\u00e4het\u00e4mme sen, mink\u00e4 voimme, ja loput saapuvat mahdollisimman pian. \n                <\/div>\n\n                \n            <\/div>\n        \n    <\/details>\n                        <details class=\"single-plus-box\" id=\"plus-box\">\n\n        \n                    <summary class=\"single-plus-box__title\">\n                Jotain tilauksessani on rikki\n                <span class=\"single-plus-box__toggle\">\n                    <i class=\"far fa-chevron-down\"><\/i>\n                <\/span>\n            <\/summary>\n        \n\n        \n            \n            <div id=\"plus-box-content\" class=\"single-plus-box__content\">\n                <div class=\"single-plus-box__answer\">\n                    On aina harmillista, kun jotain rikkoutuu kuljetuksen aikana. Ota aina kuva kaikista paketeista ennen niiden avaamista, jos ne ovat vahingoittuneet. Tarkista sitten sis\u00e4lt\u00f6, usein se on pahvipakkaus, joka rikkoutuu, ja vaikka se n\u00e4ytt\u00e4\u00e4 surulliselta, sis\u00e4lt\u00f6 on yleens\u00e4 kunnossa. Jos sis\u00e4lt\u00f6 on vaurioitunut, ota siit\u00e4kin kuvia. L\u00e4het\u00e4 sitten kuvia s\u00e4hk\u00f6postitse ja kuvaile, mit\u00e4 tapahtui, niin ratkaisemme asian parhaalla mahdollisella tavalla.   \n                <\/div>\n\n                \n            <\/div>\n        \n    <\/details>\n            <\/div>\n\n\n<div class=\"wp-block-contact-small\">\n  \n  \n\n<h2 class=\"wp-block-heading\">Aukioloajat<\/h2>\n\n\n\n<p>Avoinna asiakaspalvelua varten maanantaista perjantaihin klo 8-15<\/p>\n\n\n<\/div>\n\n\n<div class=\"wp-block-contact-small\">\n  \n  \n\n<h2 class=\"wp-block-heading\">Asiakkaille<\/h2>\n\n\n\n<p>L\u00e4het\u00e4 kyselysi s\u00e4hk\u00f6postitse, vastaamme yleens\u00e4 samana p\u00e4iv\u00e4n\u00e4. <br><a href=\"tel:0533684860\">0533-684860<\/a><br> kontakt@pippifoder.se.<\/p>\n\n\n<\/div>\n\n\n<div class=\"wp-block-contact-small\">\n  \n  \n\n<h2 class=\"wp-block-heading\">Osoite<\/h2>\n\n\n\n<p><br><br>Pippifoder Sverige AB Hantverkaregatan 4 66130 S\u00e4ffle<\/p>\n\n\n<\/div>\n\n\n<div class=\"wp-block-contact-small\">\n  \n  \n\n<h2 class=\"wp-block-heading\">J\u00e4lleenmyyjille<\/h2>\n\n\n\n<p>Christian Paulson<\/p>\n\n\n\n<p><a href=\"tel:0533684860\">0533-684860<\/a><\/p>\n\n\n\n<p><a href=\"mailto:christian@pippifoder.se\">christian@pippifoder.se<\/a><\/p>\n\n\n<\/div>\n\n\n<\/div>\n\n\n<script>\nvar gform;gform||(document.addEventListener(\"gform_main_scripts_loaded\",function(){gform.scriptsLoaded=!0}),document.addEventListener(\"gform\/theme\/scripts_loaded\",function(){gform.themeScriptsLoaded=!0}),window.addEventListener(\"DOMContentLoaded\",function(){gform.domLoaded=!0}),gform={domLoaded:!1,scriptsLoaded:!1,themeScriptsLoaded:!1,isFormEditor:()=>\"function\"==typeof InitializeEditor,callIfLoaded:function(o){return!(!gform.domLoaded||!gform.scriptsLoaded||!gform.themeScriptsLoaded&&!gform.isFormEditor()||(gform.isFormEditor()&&console.warn(\"The use of gform.initializeOnLoaded() is deprecated in the form editor context and will be removed in Gravity Forms 3.1.\"),o(),0))},initializeOnLoaded:function(o){gform.callIfLoaded(o)||(document.addEventListener(\"gform_main_scripts_loaded\",()=>{gform.scriptsLoaded=!0,gform.callIfLoaded(o)}),document.addEventListener(\"gform\/theme\/scripts_loaded\",()=>{gform.themeScriptsLoaded=!0,gform.callIfLoaded(o)}),window.addEventListener(\"DOMContentLoaded\",()=>{gform.domLoaded=!0,gform.callIfLoaded(o)}))},hooks:{action:{},filter:{}},addAction:function(o,r,e,t){gform.addHook(\"action\",o,r,e,t)},addFilter:function(o,r,e,t){gform.addHook(\"filter\",o,r,e,t)},doAction:function(o){gform.doHook(\"action\",o,arguments)},applyFilters:function(o){return gform.doHook(\"filter\",o,arguments)},removeAction:function(o,r){gform.removeHook(\"action\",o,r)},removeFilter:function(o,r,e){gform.removeHook(\"filter\",o,r,e)},addHook:function(o,r,e,t,n){null==gform.hooks[o][r]&&(gform.hooks[o][r]=[]);var d=gform.hooks[o][r];null==n&&(n=r+\"_\"+d.length),gform.hooks[o][r].push({tag:n,callable:e,priority:t=null==t?10:t})},doHook:function(r,o,e){var t;if(e=Array.prototype.slice.call(e,1),null!=gform.hooks[r][o]&&((o=gform.hooks[r][o]).sort(function(o,r){return o.priority-r.priority}),o.forEach(function(o){\"function\"!=typeof(t=o.callable)&&(t=window[t]),\"action\"==r?t.apply(null,e):e[0]=t.apply(null,e)})),\"filter\"==r)return e[0]},removeHook:function(o,r,t,n){var e;null!=gform.hooks[o][r]&&(e=(e=gform.hooks[o][r]).filter(function(o,r,e){return!!(null!=n&&n!=o.tag||null!=t&&t!=o.priority)}),gform.hooks[o][r]=e)}});\n<\/script>\n\n                <div class='gf_browser_gecko gform_wrapper gform-theme gform-theme--foundation gform-theme--framework gform-theme--orbital' data-form-theme='orbital' data-form-index='0' id='gform_wrapper_2' ><style>#gform_wrapper_2[data-form-index=\"0\"].gform-theme,[data-parent-form=\"2_0\"]{--gf-color-primary: #204ce5;--gf-color-primary-rgb: 32, 76, 229;--gf-color-primary-contrast: #fff;--gf-color-primary-contrast-rgb: 255, 255, 255;--gf-color-primary-darker: #001AB3;--gf-color-primary-lighter: #527EFF;--gf-color-secondary: #fff;--gf-color-secondary-rgb: 255, 255, 255;--gf-color-secondary-contrast: #112337;--gf-color-secondary-contrast-rgb: 17, 35, 55;--gf-color-secondary-darker: #F5F5F5;--gf-color-secondary-lighter: #FFFFFF;--gf-color-out-ctrl-light: rgba(17, 35, 55, 0.1);--gf-color-out-ctrl-light-rgb: 17, 35, 55;--gf-color-out-ctrl-light-darker: rgba(104, 110, 119, 0.35);--gf-color-out-ctrl-light-lighter: #F5F5F5;--gf-color-out-ctrl-dark: #585e6a;--gf-color-out-ctrl-dark-rgb: 88, 94, 106;--gf-color-out-ctrl-dark-darker: #112337;--gf-color-out-ctrl-dark-lighter: rgba(17, 35, 55, 0.65);--gf-color-in-ctrl: #fff;--gf-color-in-ctrl-rgb: 255, 255, 255;--gf-color-in-ctrl-contrast: #112337;--gf-color-in-ctrl-contrast-rgb: 17, 35, 55;--gf-color-in-ctrl-darker: #F5F5F5;--gf-color-in-ctrl-lighter: #FFFFFF;--gf-color-in-ctrl-primary: #204ce5;--gf-color-in-ctrl-primary-rgb: 32, 76, 229;--gf-color-in-ctrl-primary-contrast: #fff;--gf-color-in-ctrl-primary-contrast-rgb: 255, 255, 255;--gf-color-in-ctrl-primary-darker: #001AB3;--gf-color-in-ctrl-primary-lighter: #527EFF;--gf-color-in-ctrl-light: rgba(17, 35, 55, 0.1);--gf-color-in-ctrl-light-rgb: 17, 35, 55;--gf-color-in-ctrl-light-darker: rgba(104, 110, 119, 0.35);--gf-color-in-ctrl-light-lighter: #F5F5F5;--gf-color-in-ctrl-dark: #585e6a;--gf-color-in-ctrl-dark-rgb: 88, 94, 106;--gf-color-in-ctrl-dark-darker: #112337;--gf-color-in-ctrl-dark-lighter: rgba(17, 35, 55, 0.65);--gf-radius: 3px;--gf-font-size-secondary: 14px;--gf-font-size-tertiary: 13px;--gf-icon-ctrl-number: url(\"data:image\/svg+xml,%3Csvg width='8' height='14' viewBox='0 0 8 14' fill='none' xmlns='http:\/\/www.w3.org\/2000\/svg'%3E%3Cpath fill-rule='evenodd' clip-rule='evenodd' d='M4 0C4.26522 5.96046e-08 4.51957 0.105357 4.70711 0.292893L7.70711 3.29289C8.09763 3.68342 8.09763 4.31658 7.70711 4.70711C7.31658 5.09763 6.68342 5.09763 6.29289 4.70711L4 2.41421L1.70711 4.70711C1.31658 5.09763 0.683417 5.09763 0.292893 4.70711C-0.0976311 4.31658 -0.097631 3.68342 0.292893 3.29289L3.29289 0.292893C3.48043 0.105357 3.73478 0 4 0ZM0.292893 9.29289C0.683417 8.90237 1.31658 8.90237 1.70711 9.29289L4 11.5858L6.29289 9.29289C6.68342 8.90237 7.31658 8.90237 7.70711 9.29289C8.09763 9.68342 8.09763 10.3166 7.70711 10.7071L4.70711 13.7071C4.31658 14.0976 3.68342 14.0976 3.29289 13.7071L0.292893 10.7071C-0.0976311 10.3166 -0.0976311 9.68342 0.292893 9.29289Z' fill='rgba(17, 35, 55, 0.65)'\/%3E%3C\/svg%3E\");--gf-icon-ctrl-select: url(\"data:image\/svg+xml,%3Csvg width='10' height='6' viewBox='0 0 10 6' fill='none' xmlns='http:\/\/www.w3.org\/2000\/svg'%3E%3Cpath fill-rule='evenodd' clip-rule='evenodd' d='M0.292893 0.292893C0.683417 -0.097631 1.31658 -0.097631 1.70711 0.292893L5 3.58579L8.29289 0.292893C8.68342 -0.0976311 9.31658 -0.0976311 9.70711 0.292893C10.0976 0.683417 10.0976 1.31658 9.70711 1.70711L5.70711 5.70711C5.31658 6.09763 4.68342 6.09763 4.29289 5.70711L0.292893 1.70711C-0.0976311 1.31658 -0.0976311 0.683418 0.292893 0.292893Z' fill='rgba(17, 35, 55, 0.65)'\/%3E%3C\/svg%3E\");--gf-icon-ctrl-search: url(\"data:image\/svg+xml,%3Csvg width='640' height='640' xmlns='http:\/\/www.w3.org\/2000\/svg'%3E%3Cpath d='M256 128c-70.692 0-128 57.308-128 128 0 70.691 57.308 128 128 128 70.691 0 128-57.309 128-128 0-70.692-57.309-128-128-128zM64 256c0-106.039 85.961-192 192-192s192 85.961 192 192c0 41.466-13.146 79.863-35.498 111.248l154.125 154.125c12.496 12.496 12.496 32.758 0 45.254s-32.758 12.496-45.254 0L367.248 412.502C335.862 434.854 297.467 448 256 448c-106.039 0-192-85.962-192-192z' fill='rgba(17, 35, 55, 0.65)'\/%3E%3C\/svg%3E\");--gf-label-space-y-secondary: var(--gf-label-space-y-md-secondary);--gf-ctrl-border-color: #686e77;--gf-ctrl-size: var(--gf-ctrl-size-md);--gf-ctrl-label-color-primary: #112337;--gf-ctrl-label-color-secondary: #112337;--gf-ctrl-choice-size: var(--gf-ctrl-choice-size-md);--gf-ctrl-checkbox-check-size: var(--gf-ctrl-checkbox-check-size-md);--gf-ctrl-radio-check-size: var(--gf-ctrl-radio-check-size-md);--gf-ctrl-btn-font-size: var(--gf-ctrl-btn-font-size-md);--gf-ctrl-btn-padding-x: var(--gf-ctrl-btn-padding-x-md);--gf-ctrl-btn-size: var(--gf-ctrl-btn-size-md);--gf-ctrl-btn-border-color-secondary: #686e77;--gf-ctrl-file-btn-bg-color-hover: #EBEBEB;--gf-field-img-choice-size: var(--gf-field-img-choice-size-md);--gf-field-img-choice-card-space: var(--gf-field-img-choice-card-space-md);--gf-field-img-choice-check-ind-size: var(--gf-field-img-choice-check-ind-size-md);--gf-field-img-choice-check-ind-icon-size: var(--gf-field-img-choice-check-ind-icon-size-md);--gf-field-pg-steps-number-color: rgba(17, 35, 55, 0.8);}<\/style>\n                        <div class='gform_heading'>\n                            <h2 class=\"gform_title\">Yhteydenottolomake<\/h2>\n                            <p class='gform_description'><\/p>\n                        <\/div><form method='post' enctype='multipart\/form-data'  id='gform_2'  action='\/fi\/wp-json\/wp\/v2\/pages\/8109' data-formid='2' novalidate>\n                        <div class='gform-body gform_body'><div id='gform_fields_2' class='gform_fields top_label form_sublabel_below description_below validation_below'><div id=\"field_2_7\" class=\"gfield gfield--type-honeypot gform_validation_container field_sublabel_below gfield--has-description field_description_below field_validation_below gfield_visibility_visible\"  ><label class='gfield_label gform-field-label' for='input_2_7'>X\/Twitter<\/label><div class='ginput_container'><input name='input_7' id='input_2_7' type='text' value='' autocomplete='new-password'\/><\/div><div class='gfield_description' id='gfield_description_2_7'>Kentt\u00e4 on validointitarkoituksiin ja tulee j\u00e4tt\u00e4\u00e4 koskemattomaksi.<\/div><\/div><div id=\"field_2_3\" class=\"gfield gfield--type-select gfield--input-type-select gfield--width-full gfield_contains_required field_sublabel_below gfield--no-description field_description_below field_validation_below gfield_visibility_visible\"  ><label class='gfield_label gform-field-label' for='input_2_3'>Tapaus<span class=\"gfield_required\"><span class=\"gfield_required gfield_required_text\">(Pakollinen)<\/span><\/span><\/label><div class='ginput_container ginput_container_select'><select name='input_3' id='input_2_3' class='large gfield_select'    aria-required=\"true\" aria-invalid=\"false\" ><option value='Valitse tapaus' >Valitse tapaus<\/option><option value='Tilaa' >Tilaa<\/option><option value='Toimitus' >Toimitus<\/option><option value='Yhteisty\u00f6' >Yhteisty\u00f6<\/option><option value='Muut' >Muut<\/option><\/select><\/div><\/div><div id=\"field_2_1\" class=\"gfield gfield--type-text gfield--input-type-text gfield_contains_required field_sublabel_below gfield--no-description field_description_below field_validation_below gfield_visibility_visible\"  ><label class='gfield_label gform-field-label' for='input_2_1'>Nimi<span class=\"gfield_required\"><span class=\"gfield_required gfield_required_text\">(Pakollinen)<\/span><\/span><\/label><div class='ginput_container ginput_container_text'><input name='input_1' id='input_2_1' type='text' value='' class='large'     aria-required=\"true\" aria-invalid=\"false\"   \/><\/div><\/div><div id=\"field_2_4\" class=\"gfield gfield--type-email gfield--input-type-email gfield--width-full gfield_contains_required field_sublabel_below gfield--no-description field_description_below field_validation_below gfield_visibility_visible\"  ><label class='gfield_label gform-field-label' for='input_2_4'>S\u00e4hk\u00f6postiosoite<span class=\"gfield_required\"><span class=\"gfield_required gfield_required_text\">(Pakollinen)<\/span><\/span><\/label><div class='ginput_container ginput_container_email'>\n                            <input name='input_4' id='input_2_4' type='email' value='' class='large'    aria-required=\"true\" aria-invalid=\"false\"  \/>\n                        <\/div><\/div><div id=\"field_2_5\" class=\"gfield gfield--type-phone gfield--input-type-phone gfield--width-full field_sublabel_below gfield--no-description field_description_below field_validation_below gfield_visibility_visible\"  ><label class='gfield_label gform-field-label' for='input_2_5'>Puhelinnumero<\/label><div class='ginput_container ginput_container_phone'><input name='input_5' id='input_2_5' type='tel' value='' class='large'    aria-invalid=\"false\"   \/><\/div><\/div><div id=\"field_2_6\" class=\"gfield gfield--type-textarea gfield--input-type-textarea gfield--width-full gfield_contains_required field_sublabel_below gfield--no-description field_description_below field_validation_below gfield_visibility_visible\"  ><label class='gfield_label gform-field-label' for='input_2_6'>Ilmoitus<span class=\"gfield_required\"><span class=\"gfield_required gfield_required_text\">(Pakollinen)<\/span><\/span><\/label><div class='ginput_container ginput_container_textarea'><textarea name='input_6' id='input_2_6' class='textarea large'     aria-required=\"true\" aria-invalid=\"false\"   rows='10' cols='50'><\/textarea><\/div><\/div><\/div><\/div>\n        <div class='gform-footer gform_footer top_label'> <input type='submit' id='gform_submit_button_2' class='gform_button button' onclick='gform.submission.handleButtonClick(this);' data-submission-type='submit' value='L\u00e4het\u00e4'  \/> <input type='hidden' class='gform_hidden' name='gform_submission_speeds' value='{&quot;pages&quot;:[]}' \/>\n            <input type='hidden' class='gform_hidden' name='gform_submission_method' data-js='gform_submission_method_2' value='postback' \/>\n            <input type='hidden' class='gform_hidden' name='gform_theme' data-js='gform_theme_2' id='gform_theme_2' value='orbital' \/>\n            <input type='hidden' class='gform_hidden' name='gform_style_settings' data-js='gform_style_settings_2' id='gform_style_settings_2' value='{&quot;inputPrimaryColor&quot;:&quot;#204ce5&quot;}' \/>\n            <input type='hidden' class='gform_hidden' name='is_submit_2' value='1' \/>\n            <input type='hidden' class='gform_hidden' name='gform_submit' value='2' \/>\n            \n            <input type='hidden' class='gform_hidden' name='gform_currency' data-currency='EUR' value='Qv3xml7PDc1QLjQ6wGayVpdrWoWFtYmlAvGOyboRI1oLhjlGdN6wPAjH8TYTphpzRTFKNp\/m6G07e5kGChTLxRpfx85rQ5cpur3TaenUsIep1HU=' \/>\n            <input type='hidden' class='gform_hidden' name='gform_unique_id' value='' \/>\n            <input type='hidden' class='gform_hidden' name='state_2' value='WyJ7XCIzXCI6W1wiMzY3OWE4MjIxZWQyODBiNmUxOTUzMDg1YTJiMDk2MmNcIixcIjYwZDRiY2E3MmUwMDI5YmNmN2E4ZDAwOWRkZGZmYTYwXCIsXCJjM2E4MDdkZGZkYjc3MDc2Zjg3ZmE5OTg2OWYwMDY5M1wiLFwiYWFlYTYzZDVmYWQxMmQ5OWRhOTdlMzI5NGM2N2YyZGZcIixcIjhhOWI5YTZjMWMxZThjNjUyZmNmNzIzNWI2YzVmMzI3XCJdfSIsIjVlN2U3YmY3MzcwN2ZjYWRiNTgwZjE0YzI0YjVmNDhhIl0=' \/>\n            <input type='hidden' autocomplete='off' class='gform_hidden' name='gform_target_page_number_2' id='gform_target_page_number_2' value='0' \/>\n            <input type='hidden' autocomplete='off' class='gform_hidden' name='gform_source_page_number_2' id='gform_source_page_number_2' value='1' \/>\n            <input type='hidden' name='gform_field_values' value='' \/>\n            \n        <\/div>\n                        <\/form>\n                        <\/div><script>\ngform.initializeOnLoaded( function() {gformInitSpinner( 2, 'https:\/\/pippifoder.se\/app\/plugins\/gravityforms\/images\/spinner.svg', false );jQuery('#gform_ajax_frame_2').on('load',function(){var contents = jQuery(this).contents().find('*').html();var is_postback = contents.indexOf('GF_AJAX_POSTBACK') >= 0;if(!is_postback){return;}var form_content = jQuery(this).contents().find('#gform_wrapper_2');var is_confirmation = jQuery(this).contents().find('#gform_confirmation_wrapper_2').length > 0;var is_redirect = contents.indexOf('gformRedirect(){') >= 0;var is_form = form_content.length > 0 && ! is_redirect && ! is_confirmation;var mt = parseInt(jQuery('html').css('margin-top'), 10) + parseInt(jQuery('body').css('margin-top'), 10) + 100;if(is_form){jQuery('#gform_wrapper_2').html(form_content.html());if(form_content.hasClass('gform_validation_error')){jQuery('#gform_wrapper_2').addClass('gform_validation_error');} else {jQuery('#gform_wrapper_2').removeClass('gform_validation_error');}setTimeout( function() { \/* delay the scroll by 50 milliseconds to fix a bug in chrome *\/  }, 50 );if(window['gformInitDatepicker']) {gformInitDatepicker();}if(window['gformInitPriceFields']) {gformInitPriceFields();}var current_page = jQuery('#gform_source_page_number_2').val();gformInitSpinner( 2, 'https:\/\/pippifoder.se\/app\/plugins\/gravityforms\/images\/spinner.svg', false );jQuery(document).trigger('gform_page_loaded', [2, current_page]);window['gf_submitting_2'] = false;}else if(!is_redirect){var confirmation_content = jQuery(this).contents().find('.GF_AJAX_POSTBACK').html();if(!confirmation_content){confirmation_content = contents;}jQuery('#gform_wrapper_2').replaceWith(confirmation_content);jQuery(document).trigger('gform_confirmation_loaded', [2]);window['gf_submitting_2'] = false;wp.a11y.speak(jQuery('#gform_confirmation_message_2').text());}else{jQuery('#gform_2').append(contents);if(window['gformRedirect']) {gformRedirect();}}jQuery(document).trigger(\"gform_pre_post_render\", [{ formId: \"2\", currentPage: \"current_page\", abort: function() { this.preventDefault(); } }]);        if (event && event.defaultPrevented) {                return;        }        const gformWrapperDiv = document.getElementById( \"gform_wrapper_2\" );        if ( gformWrapperDiv ) {            const visibilitySpan = document.createElement( \"span\" );            visibilitySpan.id = \"gform_visibility_test_2\";            gformWrapperDiv.insertAdjacentElement( \"afterend\", visibilitySpan );        }        const visibilityTestDiv = document.getElementById( \"gform_visibility_test_2\" );        let postRenderFired = false;        function triggerPostRender() {            if ( postRenderFired ) {                return;            }            postRenderFired = true;            gform.core.triggerPostRenderEvents( 2, current_page );            if ( visibilityTestDiv ) {                visibilityTestDiv.parentNode.removeChild( visibilityTestDiv );            }        }        function debounce( func, wait, immediate ) {            var timeout;            return function() {                var context = this, args = arguments;                var later = function() {                    timeout = null;                    if ( !immediate ) func.apply( context, args );                };                var callNow = immediate && !timeout;                clearTimeout( timeout );                timeout = setTimeout( later, wait );                if ( callNow ) func.apply( context, args );            };        }        const debouncedTriggerPostRender = debounce( function() {            triggerPostRender();        }, 200 );        if ( visibilityTestDiv && visibilityTestDiv.offsetParent === null ) {            const observer = new MutationObserver( ( mutations ) => {                mutations.forEach( ( mutation ) => {                    if ( mutation.type === 'attributes' && visibilityTestDiv.offsetParent !== null ) {                        debouncedTriggerPostRender();                        observer.disconnect();                    }                });            });            observer.observe( document.body, {                attributes: true,                childList: false,                subtree: true,                attributeFilter: [ 'style', 'class' ],            });        } else {            triggerPostRender();        }    } );} );\n<\/script>\n","protected":false},"excerpt":{"rendered":"","protected":false},"author":1,"featured_media":0,"parent":0,"menu_order":0,"comment_status":"closed","ping_status":"closed","template":"template-narrow.blade.php","meta":{"_acf_changed":false,"footnotes":""},"class_list":["post-8109","page","type-page","status-publish","hentry"],"acf":[],"_links":{"self":[{"href":"https:\/\/pippifoder.se\/fi\/wp-json\/wp\/v2\/pages\/8109","targetHints":{"allow":["GET"]}}],"collection":[{"href":"https:\/\/pippifoder.se\/fi\/wp-json\/wp\/v2\/pages"}],"about":[{"href":"https:\/\/pippifoder.se\/fi\/wp-json\/wp\/v2\/types\/page"}],"author":[{"embeddable":true,"href":"https:\/\/pippifoder.se\/fi\/wp-json\/wp\/v2\/users\/1"}],"replies":[{"embeddable":true,"href":"https:\/\/pippifoder.se\/fi\/wp-json\/wp\/v2\/comments?post=8109"}],"version-history":[{"count":5,"href":"https:\/\/pippifoder.se\/fi\/wp-json\/wp\/v2\/pages\/8109\/revisions"}],"predecessor-version":[{"id":33087,"href":"https:\/\/pippifoder.se\/fi\/wp-json\/wp\/v2\/pages\/8109\/revisions\/33087"}],"wp:attachment":[{"href":"https:\/\/pippifoder.se\/fi\/wp-json\/wp\/v2\/media?parent=8109"}],"curies":[{"name":"wp","href":"https:\/\/api.w.org\/{rel}","templated":true}]}}