{"id":8083,"date":"2023-10-08T18:00:29","date_gmt":"2023-10-08T16:00:29","guid":{"rendered":"https:\/\/pippifoder.se\/tietoja-pippifoder\/"},"modified":"2025-05-27T06:48:29","modified_gmt":"2025-05-27T06:48:29","slug":"tietoja-pippifoder","status":"publish","type":"page","link":"https:\/\/pippifoder.se\/fi\/tietoja-pippifoder\/","title":{"rendered":"Tietoja Pippifoderista"},"content":{"rendered":"\n<div class=\"wp-block-columns is-layout-flex wp-container-core-columns-is-layout-9d6595d7 wp-block-columns-is-layout-flex\">\n<div class=\"wp-block-column is-layout-flow wp-block-column-is-layout-flow\">\n<h1 class=\"wp-block-heading\">Miksi Pippifoder aloitti toimintansa?<\/h1>\n\n\n\n<p class=\"wp-block-text-image-simple__paragraph\">Pippifoderin perustamiseen oli syyns\u00e4, sill\u00e4 rakastamme sit\u00e4, ett\u00e4 linnut ovat l\u00e4hell\u00e4 ja ett\u00e4 voimme auttaa niit\u00e4 ymp\u00e4ri vuoden. Tuloksena on pippifoder.se, hyvin kapea verkkokauppa meille kaikille, jotka haluamme ruokkia lintuja puutarhassa tyhjent\u00e4m\u00e4tt\u00e4 lompakkoa! <br><br>Ostamme suuria m\u00e4\u00e4ri\u00e4 suosittuja tuotteita, joista myydyimpi\u00e4 ovat <a href=\"https:\/\/pippifoder.se\/fi\/tuote\/lintujen-ruokaa\/auringonkukansiemenet-linnuille\/kuoritut-auringonkukansiemenet-15kg\/\" data-type=\"product\" data-id=\"31\">auringonkukansiemenet<\/a>, <a href=\"https:\/\/pippifoder.se\/fi\/tuote\/lintujen-ruokaa\/maapahkinat\/kuorettomat-maapahkinat-linnuille-25-kg\/\" data-type=\"product\" data-id=\"770\">maap\u00e4hkin\u00e4t<\/a> ja <a href=\"https:\/\/pippifoder.se\/fi\/tuote\/lintujen-ruokaa\/tallapallot-pienille-linnuille\/tallopallot-ilman-verkkoa-amparissa-50kpl\/\" data-type=\"product\" data-id=\"529\">talipallot<\/a>. Yleens\u00e4 meill\u00e4 on noin puolet halvempi hinta kuin kaupassa. <\/p>\n<\/div>\n\n\n\n<div class=\"wp-block-column is-layout-flow wp-block-column-is-layout-flow\"><div class=\"wp-block-counter\">\n      <div class=\"wp-block-counter__counter\">\n\n      \n      <h2>Tiesitk\u00f6, ett\u00e4&#8230;<\/h2>\n\n      \n      <figure class=\"wp-block-counter__figure\">\n        <img decoding=\"async\" src=\"https:\/\/pippifoder.se\/app\/themes\/pippifoder\/resources\/images\/grasparv2_small.png\" alt=\"Varpunen\" title=\"\">\n        <figcaption>\n          3 022 638\n        <\/figcaption>\n        <img decoding=\"async\" src=\"https:\/\/pippifoder.se\/app\/themes\/pippifoder\/resources\/images\/rodhake2_small.png\" alt=\"Punarinta\" title=\"\">\n      <\/figure>\n\n      \n      <p class=\"wp-block-counter__text\">\n        &#8230;pikkulinnut ovat saaneet ruokaa koko talvikauden ajan, kiitos kaikkien Pippifoderin mahtavien asiakkaiden?  \n      <\/p>\n\n    <\/div>\n  <\/div>\n<\/div>\n<\/div>\n\n\n<div class=\"wp-block-text-image-simple\">\n    \n    <figure class=\"wp-block-text-image-simple__figure\">\n                    <picture>\n                  <source media=\"(max-width: 500px)\" srcset=\"https:\/\/pippifoder.se\/app\/uploads\/2023\/10\/handmata-faglar-300x171.png.avif\" type=\"image\/avif\"\n          width=\"300\" height=\"171\">\n              <source media=\"(max-width: 500px)\" srcset=\"https:\/\/pippifoder.se\/app\/uploads\/2023\/10\/handmata-faglar-300x171.png\" type=\"image\/png\"\n          width=\"300\" height=\"171\">\n                        <source media=\"(min-width: 500px)\" srcset=\"https:\/\/pippifoder.se\/app\/uploads\/2023\/10\/handmata-faglar-768x439.png.avif\" type=\"image\/avif\"\n          width=\"768\" height=\"439\">\n              <source media=\"(min-width: 500px)\" srcset=\"https:\/\/pippifoder.se\/app\/uploads\/2023\/10\/handmata-faglar-768x439.png\" type=\"image\/png\"\n          width=\"768\" height=\"439\">\n          \n    <img fetchpriority=\"high\" decoding=\"async\" src=\"https:\/\/pippifoder.se\/app\/uploads\/2023\/10\/handmata-faglar-300x171.png\" alt=\"\" loading=\"eager\" width=\"300\" height=\"171\" title=\"\">\n  <\/picture>\n            <\/figure>\n    \n\n    \n    <article class=\"wp-block-text-image-simple__text order-last p-4 lg:pr-0 lg:pl-36\">\n                                    <h2 class=\"wp-block-text-image-simple__heading\">\n                    Kuka on Pippifoderin takana?\n                <\/h2>\n                                        <div class=\"wp-block-text-image-simple__paragraph\">\n                    <p>Pippifoderia py\u00f6ritt\u00e4v\u00e4t Christian ja Susanne Linhagen G\u00e5rdilla S\u00e4ffless\u00e4. Pippifoderin lis\u00e4ksi Susannella on&nbsp;<a href=\"https:\/\/linhagen.se\/\" target=\"\" rel=\"noopener\" data-type=\"\" data-id=\"\" data-mce-href=\"https:\/\/linhagen.se\/\" data-mce->S\u00e4ffless\u00e4 maalaiskauppa ja kahvila<\/a>. Christian py\u00f6ritt\u00e4\u00e4 Karlstadissa&nbsp;<a href=\"https:\/\/nobox.se\/\" target=\"\" rel=\"noopener\" data-mce-href=\"https:\/\/nobox.se\/\" data-mce->nobox-nimist\u00e4<\/a>&nbsp;web-toimistoa. Yhdess\u00e4 toivomme voivamme tarjota t\u00e4ydellisesti r\u00e4\u00e4t\u00e4l\u00f6ityj\u00e4 tuotteita meille kaikille, jotka rakastamme lintujen ruokkimista, ymp\u00e4ri vuoden!<\/p>\n\n                <\/div>\n                                <\/article>\n    \n\n<\/div>\n","protected":false},"excerpt":{"rendered":"<p>Miksi Pippifoder aloitti toimintansa? Pippifoderin perustamiseen oli syyns\u00e4, sill\u00e4 rakastamme sit\u00e4, ett\u00e4 linnut ovat l\u00e4hell\u00e4 ja ett\u00e4 voimme auttaa niit\u00e4 ymp\u00e4ri vuoden. Tuloksena on pippifoder.se, hyvin kapea verkkokauppa meille kaikille, jotka haluamme ruokkia lintuja puutarhassa tyhjent\u00e4m\u00e4tt\u00e4 lompakkoa! Ostamme suuria m\u00e4\u00e4ri\u00e4 suosittuja tuotteita, joista myydyimpi\u00e4 ovat auringonkukansiemenet, maap\u00e4hkin\u00e4t ja talipallot. Yleens\u00e4 meill\u00e4 on noin puolet halvempi&#8230;<\/p>\n","protected":false},"author":1,"featured_media":0,"parent":0,"menu_order":0,"comment_status":"closed","ping_status":"closed","template":"","meta":{"_acf_changed":false,"footnotes":""},"class_list":["post-8083","page","type-page","status-publish","hentry"],"acf":[],"_links":{"self":[{"href":"https:\/\/pippifoder.se\/fi\/wp-json\/wp\/v2\/pages\/8083","targetHints":{"allow":["GET"]}}],"collection":[{"href":"https:\/\/pippifoder.se\/fi\/wp-json\/wp\/v2\/pages"}],"about":[{"href":"https:\/\/pippifoder.se\/fi\/wp-json\/wp\/v2\/types\/page"}],"author":[{"embeddable":true,"href":"https:\/\/pippifoder.se\/fi\/wp-json\/wp\/v2\/users\/1"}],"replies":[{"embeddable":true,"href":"https:\/\/pippifoder.se\/fi\/wp-json\/wp\/v2\/comments?post=8083"}],"version-history":[{"count":3,"href":"https:\/\/pippifoder.se\/fi\/wp-json\/wp\/v2\/pages\/8083\/revisions"}],"predecessor-version":[{"id":25557,"href":"https:\/\/pippifoder.se\/fi\/wp-json\/wp\/v2\/pages\/8083\/revisions\/25557"}],"wp:attachment":[{"href":"https:\/\/pippifoder.se\/fi\/wp-json\/wp\/v2\/media?parent=8083"}],"curies":[{"name":"wp","href":"https:\/\/api.w.org\/{rel}","templated":true}]}}