{"id":9451,"date":"2024-07-24T05:33:34","date_gmt":"2024-07-24T05:33:34","guid":{"rendered":"https:\/\/pippifoder.se\/Ikke%20kategoriseret\/blancherede-jordnoedder-til-fugle-25-kg\/"},"modified":"2026-04-03T05:11:18","modified_gmt":"2026-04-03T05:11:18","slug":"blancherede-jordnoedder-til-fugle-25-kg","status":"publish","type":"product","link":"https:\/\/pippifoder.se\/da\/produkt\/fuglefoder\/jordnodder\/blancherede-jordnoedder-til-fugle-25-kg\/","title":{"rendered":"Blancherede jordn\u00f8dder til fugle 25 kg"},"content":{"rendered":"<h2>Peanuts-fugle<\/h2>\n<p>Blancherede jordn\u00f8dder til fugle er en favorit blandt fuglefoderautomater. Med deres lette spiselighed og n\u00e6ringsrige kerne tiltr\u00e6kker disse fr\u00f8 en lang r\u00e6kke vilde fugle til haven. Lad os unders\u00f8ge, hvorfor disse fr\u00f8 er et godt valg for at give fuglene det bedste.  <\/p>\n<h2>Hvorfor blancherede jordn\u00f8dder til fugle?<\/h2>\n<p>Vi har valgt at tage blancherede jordn\u00f8dder med hjem af flere grunde:<\/p>\n<ul>\n<li>N\u00f8dderne er helt rene, nogle gange kan det r\u00f8de skind blive lidt klistret i fuglefoderautomaten.<\/li>\n<\/ul>\n<h2>Hvilke fugle spiser jordn\u00f8dder?<\/h2>\n<p>Mange fuglearter elsker jordn\u00f8dder. Fra den nysgerrige sl\u00f8rugle til den farverige bl\u00e5fugl er jordn\u00f8dder en favorit for mange vilde fugle. Deres h\u00f8je protein- og fedtindhold g\u00f8r dem til en fremragende energikilde, is\u00e6r i de kolde m\u00e5neder.  <\/p>\n<h2>Hvor produceres jordn\u00f8dder?<\/h2>\n<p>Jordn\u00f8dder dyrkes i mange dele af verden, fra Nordamerika til Afrika og Asien. De trives i varme klimaer og kr\u00e6ver en lang v\u00e6ksts\u00e6son for at blive modne. Vores jordn\u00f8dder har forskellig oprindelse alt efter tilg\u00e6ngelighed.  <\/p>\n","protected":false},"excerpt":{"rendered":"<p>Afskallede, blancherede peanuts til fugle i topkvalitet, perfekt til alle typer fugle. Pakket i poser p\u00e5 25 kg. Jordn\u00f8dderne er halverede og helt fri for den r\u00f8de hinde, der ellers sidder p\u00e5 n\u00f8dden. Hvis du vil have n\u00f8dder med det r\u00f8de skind p\u00e5, s\u00e5 tjek vores <a href=\"https:\/\/pippifoder.se\/da\/produkt\/fagelmat\/jordnotter\/afskallede-jordnoedder-til-fugle-25-kg\/\">afskallede pe<\/a>anuts!   <\/p>\n<p><strong>Prisgaranti<\/strong>, hvis du finder et billigere tilsvarende produkt, matcher vi prisen!<\/p>\n","protected":false},"featured_media":13564,"comment_status":"closed","ping_status":"closed","template":"","meta":{"_acf_changed":false},"product_brand":[],"product_cat":[119,255,99,98],"product_tag":[],"class_list":{"0":"post-9451","1":"product","2":"type-product","3":"status-publish","4":"has-post-thumbnail","6":"product_cat-jordnodder","7":"product_cat-blancherede-jordnodder","8":"product_cat-fro-og-foder-til-vilde-fugle","9":"product_cat-fuglefoder","10":"product_shipping_class-sverige-da","11":"product_group-25kg-sack","13":"first","14":"instock","15":"taxable","16":"shipping-taxable","17":"purchasable","18":"product-type-simple"},"bundled_by":[],"bundle_stock_status":"instock","bundle_stock_quantity":149,"bundle_virtual":false,"bundle_layout":"","bundle_add_to_cart_form_location":"","bundle_editable_in_cart":false,"bundle_sold_individually_context":"","bundle_item_grouping":"","bundle_min_size":"","bundle_max_size":"","bundle_price":[],"bundled_items":[],"bundle_sell_ids":[],"acf":[],"_links":{"self":[{"href":"https:\/\/pippifoder.se\/da\/wp-json\/wp\/v2\/product\/9451","targetHints":{"allow":["GET"]}}],"collection":[{"href":"https:\/\/pippifoder.se\/da\/wp-json\/wp\/v2\/product"}],"about":[{"href":"https:\/\/pippifoder.se\/da\/wp-json\/wp\/v2\/types\/product"}],"replies":[{"embeddable":true,"href":"https:\/\/pippifoder.se\/da\/wp-json\/wp\/v2\/comments?post=9451"}],"wp:featuredmedia":[{"embeddable":true,"href":"https:\/\/pippifoder.se\/da\/wp-json\/wp\/v2\/media\/13564"}],"wp:attachment":[{"href":"https:\/\/pippifoder.se\/da\/wp-json\/wp\/v2\/media?parent=9451"}],"wp:term":[{"taxonomy":"product_brand","embeddable":true,"href":"https:\/\/pippifoder.se\/da\/wp-json\/wp\/v2\/product_brand?post=9451"},{"taxonomy":"product_cat","embeddable":true,"href":"https:\/\/pippifoder.se\/da\/wp-json\/wp\/v2\/product_cat?post=9451"},{"taxonomy":"product_tag","embeddable":true,"href":"https:\/\/pippifoder.se\/da\/wp-json\/wp\/v2\/product_tag?post=9451"}],"curies":[{"name":"wp","href":"https:\/\/api.w.org\/{rel}","templated":true}]}}