{"id":9449,"date":"2024-01-09T18:38:14","date_gmt":"2024-01-09T18:38:14","guid":{"rendered":"https:\/\/pippifoder.se\/Ikke%20kategoriseret\/skraellede-solsikkefroe-15-kg-helpall-50-stk\/"},"modified":"2026-04-15T12:58:43","modified_gmt":"2026-04-15T10:58:43","slug":"skraellede-solsikkefroe-15-kg-helpall-50-stk","status":"publish","type":"product","link":"https:\/\/pippifoder.se\/da\/produkt\/fuglefoder\/solsikkefro\/skraellede-solsikkefroe-15-kg-helpall-50-stk\/","title":{"rendered":"Skr\u00e6llede solsikkefr\u00f8 15 kg &#8211; Helpall (50 stk.)"},"content":{"rendered":"<h2>Pillede solsikkefr\u00f8 i stor pakke<\/h2>\n<p>K\u00f8b en hel palle med 50 stk. 15 kg poser med afskallede solsikkefr\u00f8 til den absolut laveste pris. Gratis forsendelse til din d\u00f8r. <\/p>\n<h2>Ofte stillede sp\u00f8rgsm\u00e5l om afskallede solsikkefr\u00f8<\/h2>\n<p>Her er de hyppigst stillede sp\u00f8rgsm\u00e5l om afskallede solsikkefr\u00f8.<\/p>\n<h3>Hvorfor afskallede solsikkefr\u00f8?<\/h3>\n<p>Vi har valgt at tage afskallede solsikkefr\u00f8 med hjem af flere grunde:<\/p>\n<ul>\n<li>En pose afskallede solsikkefr\u00f8 indeholder dobbelt s\u00e5 mange fr\u00f8 som en pose med skaller, og skallerne udg\u00f8r n\u00e6sten 50 % af v\u00e6gten!<\/li>\n<li>Vi bruger halvt s\u00e5 meget emballage, n\u00e5r vi ikke beh\u00f8ver at transportere skallen.<\/li>\n<li>Billigere forsendelse, fordi vi ikke sender skrammel (skaller)<\/li>\n<li>Afskallede solsikkefr\u00f8 optager kun halvt s\u00e5 meget plads til at opbevare den samme m\u00e6ngde mad<\/li>\n<li>Du og dine naboer slipper for at skulle h\u00e5ndtere en masse affald fra solsikkeskaller<\/li>\n<li>Flere fugle kan lettere spise afskallede solsikkefr\u00f8, ikke alle er begavet med et \u00e6gte skaldet n\u00e6b<\/li>\n<\/ul>\n<h3>Hvor kommer vores afskallede solsikkefr\u00f8 fra?<\/h3>\n<p>Solsikkefr\u00f8 dyrkes for det meste i \u00d8steuropa, og Ukraine er en stor eksport\u00f8r af solsikkefr\u00f8. Vores afskallede solsikkefr\u00f8 kommer fra Bulgarien, som er en stor producent og eksport\u00f8r af solsikkefr\u00f8. <\/p>\n<h3>Hvor meget svarer afskallede solsikkefr\u00f8 til?<\/h3>\n<p>Omkring halvdelen af almindelige solsikkefr\u00f8 er afskallede. Man kan sige, at 15 kg afskallede solsikkefr\u00f8 svarer til ca. 30 kg afskallede solsikkefr\u00f8. <\/p>\n<h3>Er vores afskallede solsikkefr\u00f8 hele?<\/h3>\n<p>Ja, vores afskallede solsikkekerner er hele, ikke knuste.<\/p>\n<h3>Er vores afskallede solsikkefr\u00f8 \u00f8kologiske?<\/h3>\n<p>Vores solsikkefr\u00f8 kommer fra s\u00e5kaldt &#8220;konventionel&#8221; dyrkning, hvilket betyder, at de er spr\u00f8jtede og derfor ikke \u00f8kologiske. Vi unders\u00f8ger muligheden for at f\u00e5 \u00f8kologiske skr\u00e6llede solsikkefr\u00f8 hjem. Hvis du vil k\u00f8be \u00f8kologiske solsikkefr\u00f8, s\u00e5 send en mail til <a href=\"mailto:kontakt@pippifoder.se\">kontakt@pippifoder.se<\/a>  <\/p>\n<h3>Kan kyllinger spise afskallede solsikkefr\u00f8?<\/h3>\n<p>Ja, h\u00f8ns elsker afskallede solsikkefr\u00f8! \ud83d\ude42<\/p>\n<h3>Kan fugle spise afskallede solsikkefr\u00f8?<\/h3>\n<p>Vores afskallede solsikkefr\u00f8 er f\u00f8devaregodkendte, men vi s\u00e6lger dem som fuglefoder.<\/p>\n<h3>Hvad er forskellen p\u00e5 solsikkefr\u00f8 og solsikkekerner?<\/h3>\n<p>Solsikkefr\u00f8 med skal er det korrekte navn for det, der nogle gange fejlagtigt kaldes solsikkekerner. Disse fr\u00f8 udg\u00f8r faktisk solsikkens fr\u00f8. De sidder i den brune del af den pr\u00e6gtige solsikkeblomst, hvor solsikkens sm\u00e5, faste frugter indeholder disse fr\u00f8.  <\/p>\n","protected":false},"excerpt":{"rendered":"<p>En hel palle med 50 s\u00e6kke \u00e1 15 kg med afskallede solsikkefr\u00f8 i topkvalitet. 750 kg i alt! Perfekt at bestille, hvis I er flere, der vil dele for at f\u00e5 vores allerede billige pris yderligere ned! Solsikkefr\u00f8 med skal er perfekte til alle typer fugle. 15 kg afskallede solsikkefr\u00f8 svarer til ca. 30 kg afskallede solsikkefr\u00f8. Fri fragt med hjemmelevering i hele Sverige!     <\/p>\n","protected":false},"featured_media":6670,"comment_status":"closed","ping_status":"closed","template":"","meta":{"_acf_changed":false},"product_brand":[],"product_cat":[120,99,98,116,111,121,185],"product_tag":[97,104],"class_list":{"0":"post-9449","1":"product","2":"type-product","3":"status-publish","4":"has-post-thumbnail","6":"product_cat-solsikkefro","7":"product_cat-fro-og-foder-til-vilde-fugle","8":"product_cat-fuglefoder","9":"product_cat-fuglefro","10":"product_cat-fuglefro-og-fuglefoder-pa-udsalg","11":"product_cat-solsikkefro-da","12":"product_cat-stor-pakke-da","13":"product_tag-fuglefoder","14":"product_tag-solsikkefroe","15":"product_shipping_class-sverige-da","17":"first","18":"instock","19":"sale","20":"taxable","21":"shipping-taxable","22":"purchasable","23":"product-type-simple"},"bundled_by":[],"bundle_stock_status":"instock","bundle_stock_quantity":null,"bundle_virtual":false,"bundle_layout":"","bundle_add_to_cart_form_location":"","bundle_editable_in_cart":false,"bundle_sold_individually_context":"","bundle_item_grouping":"","bundle_min_size":"","bundle_max_size":"","bundle_price":[],"bundled_items":[],"bundle_sell_ids":[],"acf":[],"_links":{"self":[{"href":"https:\/\/pippifoder.se\/da\/wp-json\/wp\/v2\/product\/9449","targetHints":{"allow":["GET"]}}],"collection":[{"href":"https:\/\/pippifoder.se\/da\/wp-json\/wp\/v2\/product"}],"about":[{"href":"https:\/\/pippifoder.se\/da\/wp-json\/wp\/v2\/types\/product"}],"replies":[{"embeddable":true,"href":"https:\/\/pippifoder.se\/da\/wp-json\/wp\/v2\/comments?post=9449"}],"wp:featuredmedia":[{"embeddable":true,"href":"https:\/\/pippifoder.se\/da\/wp-json\/wp\/v2\/media\/6670"}],"wp:attachment":[{"href":"https:\/\/pippifoder.se\/da\/wp-json\/wp\/v2\/media?parent=9449"}],"wp:term":[{"taxonomy":"product_brand","embeddable":true,"href":"https:\/\/pippifoder.se\/da\/wp-json\/wp\/v2\/product_brand?post=9449"},{"taxonomy":"product_cat","embeddable":true,"href":"https:\/\/pippifoder.se\/da\/wp-json\/wp\/v2\/product_cat?post=9449"},{"taxonomy":"product_tag","embeddable":true,"href":"https:\/\/pippifoder.se\/da\/wp-json\/wp\/v2\/product_tag?post=9449"}],"curies":[{"name":"wp","href":"https:\/\/api.w.org\/{rel}","templated":true}]}}