{"id":9437,"date":"2024-08-23T11:15:31","date_gmt":"2024-08-23T09:15:31","guid":{"rendered":"https:\/\/pippifoder.se\/Ikke%20kategoriseret\/kyllingemusli-25-kg\/"},"modified":"2026-05-12T09:58:09","modified_gmt":"2026-05-12T07:58:09","slug":"kyllingemusli-25-kg","status":"publish","type":"product","link":"https:\/\/pippifoder.se\/da\/produkt\/kyllinger\/foder-og-mad-til-kyllinger\/kyllingemusli-25-kg\/","title":{"rendered":"Kyllingem\u00fcsli 25 kg"},"content":{"rendered":"","protected":false},"excerpt":{"rendered":"<p>25 kg kyllingem\u00fcsli, produceret i Sverige. Kyllingem\u00fcsli er et tilskudsfoder til kyllinger og h\u00f8ns. Kyllingem\u00fcsli indeholder: <a href=\"https:\/\/pippifoder.se\/da\/produkt\/kyllinger\/foder-og-mad-til-kyllinger\/majsknusning-25-kg\/\">Majs<\/a>, hvede, byg, saflor, dari, hirse, <a href=\"https:\/\/pippifoder.se\/da\/produkt\/fuglefoder\/fuglefro\/noegen-havre-25-kg\/\">n\u00f8gen havre<\/a>, rapsfr\u00f8, <a href=\"https:\/\/pippifoder.se\/da\/solsikkefro\/\">solsikkefr\u00f8<\/a>, \u00e6rter. Perfekt som en ekstra godbid til h\u00f8nsene.   <\/p>\n","protected":false},"featured_media":7597,"comment_status":"closed","ping_status":"closed","template":"","meta":{"_acf_changed":false},"product_brand":[],"product_cat":[118,99,98],"product_tag":[],"class_list":{"0":"post-9437","1":"product","2":"type-product","3":"status-publish","4":"has-post-thumbnail","6":"product_cat-foder-og-mad-til-kyllinger","7":"product_cat-fro-og-foder-til-vilde-fugle","8":"product_cat-fuglefoder","10":"first","11":"instock","12":"taxable","13":"shipping-taxable","14":"purchasable","15":"product-type-simple"},"bundled_by":[],"bundle_stock_status":"instock","bundle_stock_quantity":56,"bundle_virtual":false,"bundle_layout":"","bundle_add_to_cart_form_location":"","bundle_editable_in_cart":false,"bundle_sold_individually_context":"","bundle_item_grouping":"","bundle_min_size":"","bundle_max_size":"","bundle_price":[],"bundled_items":[],"bundle_sell_ids":[],"acf":[],"_links":{"self":[{"href":"https:\/\/pippifoder.se\/da\/wp-json\/wp\/v2\/product\/9437","targetHints":{"allow":["GET"]}}],"collection":[{"href":"https:\/\/pippifoder.se\/da\/wp-json\/wp\/v2\/product"}],"about":[{"href":"https:\/\/pippifoder.se\/da\/wp-json\/wp\/v2\/types\/product"}],"replies":[{"embeddable":true,"href":"https:\/\/pippifoder.se\/da\/wp-json\/wp\/v2\/comments?post=9437"}],"wp:featuredmedia":[{"embeddable":true,"href":"https:\/\/pippifoder.se\/da\/wp-json\/wp\/v2\/media\/7597"}],"wp:attachment":[{"href":"https:\/\/pippifoder.se\/da\/wp-json\/wp\/v2\/media?parent=9437"}],"wp:term":[{"taxonomy":"product_brand","embeddable":true,"href":"https:\/\/pippifoder.se\/da\/wp-json\/wp\/v2\/product_brand?post=9437"},{"taxonomy":"product_cat","embeddable":true,"href":"https:\/\/pippifoder.se\/da\/wp-json\/wp\/v2\/product_cat?post=9437"},{"taxonomy":"product_tag","embeddable":true,"href":"https:\/\/pippifoder.se\/da\/wp-json\/wp\/v2\/product_tag?post=9437"}],"curies":[{"name":"wp","href":"https:\/\/api.w.org\/{rel}","templated":true}]}}