{"id":9435,"date":"2024-08-23T18:34:39","date_gmt":"2024-08-23T18:34:39","guid":{"rendered":"https:\/\/pippifoder.se\/Ikke%20kategoriseret\/majsknusning-25-kg\/"},"modified":"2026-04-03T05:03:19","modified_gmt":"2026-04-03T05:03:19","slug":"majsknusning-25-kg","status":"publish","type":"product","link":"https:\/\/pippifoder.se\/da\/produkt\/kyllinger\/foder-og-mad-til-kyllinger\/majsknusning-25-kg\/","title":{"rendered":"Majsknusning 25 kg"},"content":{"rendered":"<h2>Anvendelsesomr\u00e5de for majsgrits<\/h2>\n<p>Majsmel er alsidigt og kan bruges p\u00e5 flere m\u00e5der i h\u00f8nsenes kost:<\/p>\n<ul>\n<li><strong>Tils\u00e6t til kyllingefoderblandinger<\/strong>: Majsmel kan nemt blandes med andre fr\u00f8 og kerner for at skabe en afbalanceret og n\u00e6ringsrig kost.<\/li>\n<li><strong>Brug som<\/strong> mellemm\u00e5ltid: Majsmel kan gives som et energirigt mellemm\u00e5ltid, is\u00e6r p\u00e5 kolde dage, hvor h\u00f8nsene har brug for ekstra energi.<\/li>\n<li><strong>Spredning p\u00e5 g\u00e5rden: Spredning af<\/strong> majskolber direkte p\u00e5 jorden opmuntrer h\u00f8nsene til at s\u00f8ge f\u00f8de p\u00e5 naturlig vis og holder dem aktive og stimulerede.<\/li>\n<\/ul>\n<h2><strong>Ofte stillede sp\u00f8rgsm\u00e5l om majsgrits til h\u00f8ns<\/strong><\/h2>\n<p><em>Kan majsgrits bruges som hovedfoder?<\/em><\/p>\n<ul>\n<li>Majsmel b\u00f8r ikke bruges som det eneste foder, da det ikke indeholder nok protein eller andre vigtige n\u00e6ringsstoffer.<br \/>\nDet er bedst at bruge det som et supplement til en afbalanceret kost. <\/li>\n<\/ul>\n<p><em>Hvor meget majsmel skal jeg give mine kyllinger?<\/em><\/p>\n<ul>\n<li>M\u00e6ngden af majsgryn afh\u00e6nger af h\u00f8nernes st\u00f8rrelse og behov, men det anbefales generelt at give det i moderate m\u00e6ngder som en del af en varieret kost.<\/li>\n<\/ul>\n","protected":false},"excerpt":{"rendered":"<p>25 kg majsgrits, produceret i Sverige.<br \/>\nMajsgranulat er et tilskudsfoder til kyllinger og h\u00f8ns.<br \/>\nMajsgrits er knuste majskerner, der er blevet forarbejdet til mindre stykker.<br \/>\nDenne form for majs er lettere for h\u00f8ns at spise og ford\u00f8je.<br \/>\nMajsmel er rig p\u00e5 kulhydrater, men ogs\u00e5 p\u00e5 protein og fibre, og giver h\u00f8nsene den energi, de har brug for til at v\u00e6re aktive og l\u00e6gge regelm\u00e6ssigt.    <\/p>\n","protected":false},"featured_media":13560,"comment_status":"closed","ping_status":"closed","template":"","meta":{"_acf_changed":false},"product_brand":[],"product_cat":[118,98,581],"product_tag":[],"class_list":{"0":"post-9435","1":"product","2":"type-product","3":"status-publish","4":"has-post-thumbnail","6":"product_cat-foder-og-mad-til-kyllinger","7":"product_cat-fuglefoder","8":"product_cat-vildtfoder","9":"product_group-25kg-sack","11":"first","12":"instock","13":"taxable","14":"shipping-taxable","15":"purchasable","16":"product-type-simple"},"bundled_by":[],"bundle_stock_status":"instock","bundle_stock_quantity":19,"bundle_virtual":false,"bundle_layout":"","bundle_add_to_cart_form_location":"","bundle_editable_in_cart":false,"bundle_sold_individually_context":"","bundle_item_grouping":"","bundle_min_size":"","bundle_max_size":"","bundle_price":[],"bundled_items":[],"bundle_sell_ids":[],"acf":[],"_links":{"self":[{"href":"https:\/\/pippifoder.se\/da\/wp-json\/wp\/v2\/product\/9435","targetHints":{"allow":["GET"]}}],"collection":[{"href":"https:\/\/pippifoder.se\/da\/wp-json\/wp\/v2\/product"}],"about":[{"href":"https:\/\/pippifoder.se\/da\/wp-json\/wp\/v2\/types\/product"}],"replies":[{"embeddable":true,"href":"https:\/\/pippifoder.se\/da\/wp-json\/wp\/v2\/comments?post=9435"}],"wp:featuredmedia":[{"embeddable":true,"href":"https:\/\/pippifoder.se\/da\/wp-json\/wp\/v2\/media\/13560"}],"wp:attachment":[{"href":"https:\/\/pippifoder.se\/da\/wp-json\/wp\/v2\/media?parent=9435"}],"wp:term":[{"taxonomy":"product_brand","embeddable":true,"href":"https:\/\/pippifoder.se\/da\/wp-json\/wp\/v2\/product_brand?post=9435"},{"taxonomy":"product_cat","embeddable":true,"href":"https:\/\/pippifoder.se\/da\/wp-json\/wp\/v2\/product_cat?post=9435"},{"taxonomy":"product_tag","embeddable":true,"href":"https:\/\/pippifoder.se\/da\/wp-json\/wp\/v2\/product_tag?post=9435"}],"curies":[{"name":"wp","href":"https:\/\/api.w.org\/{rel}","templated":true}]}}