{"id":9431,"date":"2023-11-23T11:34:36","date_gmt":"2023-11-23T11:34:36","guid":{"rendered":"https:\/\/pippifoder.se\/Ikke%20kategoriseret\/afskallede-jordnoedder-til-fugle-25-kg\/"},"modified":"2026-02-08T18:57:01","modified_gmt":"2026-02-08T18:57:01","slug":"afskallede-jordnoedder-til-fugle-25-kg","status":"publish","type":"product","link":"https:\/\/pippifoder.se\/da\/produkt\/fuglefoder\/jordnodder\/afskallede-jordnoedder-til-fugle-25-kg\/","title":{"rendered":"Afskallede jordn\u00f8dder til fugle 25 kg"},"content":{"rendered":"<h2>Peanuts-fugle<\/h2>\n<p>Afskallede jordn\u00f8dder til fugle er en favorit blandt fuglefoderautomater. Med deres lette spiselighed og n\u00e6ringsrige kerne tiltr\u00e6kker disse fr\u00f8 en lang r\u00e6kke vilde fugle til haven. Lad os unders\u00f8ge, hvorfor disse fr\u00f8 er et godt valg for at give fuglene det bedste.  <\/p>\n<h2>Hvorfor afskallede jordn\u00f8dder til fugle?<\/h2>\n<p>Vi har valgt at tage afskallede jordn\u00f8dder med hjem af flere grunde:<\/p>\n<ul>\n<li>Dobbelt s\u00e5 mange peanuts i posen, skallerne udg\u00f8r n\u00e6sten 50 % af v\u00e6gten<\/li>\n<li>Du og dine naboer slipper for jordn\u00f8ddeskaller<\/li>\n<li>Flere fugle kan spise lettere, ikke alle er begavet med et rigtigt skaldyrsn\u00e6b<\/li>\n<\/ul>\n<h2>Hvilke fugle spiser jordn\u00f8dder?<\/h2>\n<p>Mange fuglearter elsker jordn\u00f8dder. Fra den nysgerrige sl\u00f8rugle til den farverige bl\u00e5fugl er jordn\u00f8dder en favorit for mange vilde fugle. Deres h\u00f8je protein- og fedtindhold g\u00f8r dem til en fremragende energikilde, is\u00e6r i de kolde m\u00e5neder.  <\/p>\n<h2>Hvor produceres jordn\u00f8dder?<\/h2>\n<p>Jordn\u00f8dder dyrkes i mange dele af verden, fra Nordamerika til Afrika og Asien. De trives i varme klimaer og kr\u00e6ver en lang v\u00e6ksts\u00e6son for at blive modne. Vores jordn\u00f8dder har forskellig oprindelse alt efter tilg\u00e6ngelighed.  <\/p>\n","protected":false},"excerpt":{"rendered":"<p>Afskallede peanuts i topkvalitet til fugle, perfekt til alle typer fugle. Pakket i poser p\u00e5 25 kg. Jordn\u00f8dderne er halve og har det lille r\u00f8de skind tilbage. Hvis du vil have helt hvide n\u00f8dder, s\u00e5 tjek vores <a href=\"https:\/\/pippifoder.se\/fagelmat\/jordnotter\/blancherade-jordnotter-till-faglar-25-kg\/\">blancherede peanuts<\/a>!   <\/p>\n<p><strong>Prisgaranti<\/strong>, hvis du finder et billigere tilsvarende produkt, matcher vi prisen!<\/p>\n","protected":false},"featured_media":6499,"comment_status":"closed","ping_status":"closed","template":"","meta":{"_acf_changed":false},"product_brand":[],"product_cat":[119,99,98,251],"product_tag":[],"class_list":{"0":"post-9431","1":"product","2":"type-product","3":"status-publish","4":"has-post-thumbnail","6":"product_cat-jordnodder","7":"product_cat-fro-og-foder-til-vilde-fugle","8":"product_cat-fuglefoder","9":"product_cat-jordnodder-med-skal","10":"product_shipping_class-sverige-da","12":"first","13":"instock","14":"taxable","15":"shipping-taxable","16":"purchasable","17":"product-type-simple"},"bundled_by":["21503"],"bundle_stock_status":"instock","bundle_stock_quantity":119,"bundle_virtual":false,"bundle_layout":"","bundle_add_to_cart_form_location":"","bundle_editable_in_cart":false,"bundle_sold_individually_context":"","bundle_item_grouping":"","bundle_min_size":"","bundle_max_size":"","bundle_price":[],"bundled_items":[],"bundle_sell_ids":[],"acf":[],"_links":{"self":[{"href":"https:\/\/pippifoder.se\/da\/wp-json\/wp\/v2\/product\/9431","targetHints":{"allow":["GET"]}}],"collection":[{"href":"https:\/\/pippifoder.se\/da\/wp-json\/wp\/v2\/product"}],"about":[{"href":"https:\/\/pippifoder.se\/da\/wp-json\/wp\/v2\/types\/product"}],"replies":[{"embeddable":true,"href":"https:\/\/pippifoder.se\/da\/wp-json\/wp\/v2\/comments?post=9431"}],"wp:featuredmedia":[{"embeddable":true,"href":"https:\/\/pippifoder.se\/da\/wp-json\/wp\/v2\/media\/6499"}],"wp:attachment":[{"href":"https:\/\/pippifoder.se\/da\/wp-json\/wp\/v2\/media?parent=9431"}],"wp:term":[{"taxonomy":"product_brand","embeddable":true,"href":"https:\/\/pippifoder.se\/da\/wp-json\/wp\/v2\/product_brand?post=9431"},{"taxonomy":"product_cat","embeddable":true,"href":"https:\/\/pippifoder.se\/da\/wp-json\/wp\/v2\/product_cat?post=9431"},{"taxonomy":"product_tag","embeddable":true,"href":"https:\/\/pippifoder.se\/da\/wp-json\/wp\/v2\/product_tag?post=9431"}],"curies":[{"name":"wp","href":"https:\/\/api.w.org\/{rel}","templated":true}]}}