{"id":9408,"date":"2023-09-20T11:33:22","date_gmt":"2023-09-20T11:33:22","guid":{"rendered":"https:\/\/pippifoder.se\/Ikke%20kategoriseret\/fuglefoder-vores-mest-populaere-produkter\/"},"modified":"2025-07-17T19:05:43","modified_gmt":"2025-07-17T19:05:43","slug":"fuglefoder-vores-mest-populaere-produkter","status":"publish","type":"product","link":"https:\/\/pippifoder.se\/da\/produkt\/fuglefoder\/fuglefoder-vores-mest-populaere-produkter\/","title":{"rendered":"Fuglefoder &#8211; vores mest popul\u00e6re produkter"},"content":{"rendered":"<p>K\u00f8b de mest almindelige produkter til fuglefodring p\u00e5 samme side til markedets laveste priser. Vi har samlet afskallede solsikkefr\u00f8 og jordn\u00f8dder i fornuftig emballage, god kvalitet og den laveste pris, kan det blive bedre? \ud83d\ude42 <strong>Gratis fragt hvis du k\u00f8ber for over 1.500kr.<\/strong>  <\/p>\n<h2>Hvorfor afskallede solsikkefr\u00f8?<\/h2>\n<p>Vi har valgt at tage afskallede solsikkefr\u00f8 med hjem af flere grunde:<\/p>\n<ul>\n<li>En pose afskallede solsikkefr\u00f8 indeholder dobbelt s\u00e5 mange fr\u00f8 som en pose med skaller, og skallerne udg\u00f8r n\u00e6sten 50 % af v\u00e6gten!<\/li>\n<li>Vi bruger halvt s\u00e5 meget emballage, n\u00e5r vi ikke beh\u00f8ver at transportere skallen.<\/li>\n<li>Billigere forsendelse, fordi vi ikke sender skrammel (skaller)<\/li>\n<li>Afskallede solsikkefr\u00f8 optager kun halvt s\u00e5 meget plads til at opbevare den samme m\u00e6ngde mad<\/li>\n<li>Du og dine naboer slipper for at skulle h\u00e5ndtere en masse affald fra solsikkeskaller<\/li>\n<li>Flere fugle kan lettere spise afskallede solsikkefr\u00f8, ikke alle er begavet med et \u00e6gte skaldet n\u00e6b<\/li>\n<\/ul>\n<h2 class=\"wp-block-heading\">Prissammenligning af afskallede solsikkefr\u00f8<\/h2>\n<p>For at kunne sammenligne s\u00e5 retf\u00e6rdigt som muligt har vi brugt en pakke p\u00e5 10-25 kg, som er den mest almindelige st\u00f8rrelse solsikkefr\u00f8, der k\u00f8bes. Vi har beregnet prisen pr. kg og har ikke taget h\u00f8jde for eventuel forsendelse, da de fleste (inklusive os p\u00e5 Pippifoder) har gratis forsendelse for relativt sm\u00e5 ordrer. <\/p>\n<figure class=\"wp-block-table\">\n<table>\n<tbody>\n<tr>\n<td><strong>Leverand\u00f8r<\/strong><\/td>\n<td><strong>Produkt<\/strong><\/td>\n<td><strong>Pris\/kg<\/strong><\/td>\n<\/tr>\n<tr>\n<td>Pippi-foder<\/td>\n<td><a href=\"https:\/\/pippifoder.se\/da\/produkt\/fuglefoder\/solsikkefro\/afskallede-solsikkefroe-15-kg\/\" data-type=\"link\" data-id=\"https:\/\/pippifoder.se\/skalade-solrosfron-15kg\/\">Afskallede solsikkefr\u00f8 15 kg<\/a><\/td>\n<td><strong>27,93 kr<\/strong><\/td>\n<\/tr>\n<tr>\n<td>Biltema<\/td>\n<td>Solsikkefr\u00f8 med skal 10 kg<\/td>\n<td>38,90 kr<\/td>\n<\/tr>\n<tr>\n<td>Pl\u00e6neklipper-mand<\/td>\n<td>Afskallede solsikkefr\u00f8 25 kg<\/td>\n<td>47,96 kr<\/td>\n<\/tr>\n<tr>\n<td>G\u00e5rd i nabolaget<\/td>\n<td>Afskallede solsikkefr\u00f8 10 kg<\/td>\n<td>56,90 kr<\/td>\n<\/tr>\n<\/tbody>\n<\/table><figcaption class=\"wp-element-caption\"><\/figcaption><\/figure>\n<p><strong>Konklusion: Pippifoder har de billigste afskallede solsikkefr\u00f8 p\u00e5 markedet!<\/strong><\/p>\n<h2 class=\"wp-block-heading\">Prissammenligning af afskallede jordn\u00f8dder<\/h2>\n<p>For at g\u00f8re sammenligningen s\u00e5 fair som muligt har vi brugt en pakke p\u00e5 10 kg, som er den mest almindelige st\u00f8rrelse peanut at k\u00f8be. Vi har beregnet prisen pr. kg og har ikke taget h\u00f8jde for eventuelle forsendelsesomkostninger, da de fleste (inklusive os p\u00e5 Pippifoder) har gratis forsendelse for relativt sm\u00e5 ordrer. <\/p>\n<figure class=\"wp-block-table\">\n<table>\n<tbody>\n<tr>\n<td><strong>Leverand\u00f8r<\/strong><\/td>\n<td><strong>Produkt<\/strong><\/td>\n<td><strong>Pris\/kg<\/strong><\/td>\n<\/tr>\n<tr>\n<td>Pippi mad<\/td>\n<td><a href=\"https:\/\/pippifoder.se\/skalade-jordnotter-10kg\/\" data-type=\"link\" data-id=\"https:\/\/pippifoder.se\/skalade-solrosfron-15kg\/\">Jordn\u00f8dder med skal 10 kg<\/a><\/td>\n<td><strong>39,90 kr<\/strong><\/td>\n<\/tr>\n<tr>\n<td>Biltema<\/td>\n<td>Skallede jordn\u00f8dder 10 kg<\/td>\n<td>43,90 kr<\/td>\n<\/tr>\n<tr>\n<td>G\u00e5rd i nabolaget<\/td>\n<td>Afskallede jordn\u00f8dder 10 kg<\/td>\n<td>49,90 kr<\/td>\n<\/tr>\n<tr>\n<td>H\u00f8tyven<\/td>\n<td>Jordn\u00f8dder med skal 10 kg<\/td>\n<td>64,76 kr<\/td>\n<\/tr>\n<\/tbody>\n<\/table><figcaption class=\"wp-element-caption\"><\/figcaption><\/figure>\n<p><strong>Konklusion: Pippifoder har de billigste afskallede jordn\u00f8dder p\u00e5 markedet!<\/strong><\/p>\n","protected":false},"excerpt":{"rendered":"<p>Her har vi samlet vores mest popul\u00e6re produkter til fuglefodring, <a href=\"https:\/\/pippifoder.se\/da\/solsikkefro\/\">solsikkefr\u00f8<\/a>, <a href=\"https:\/\/pippifoder.se\/da\/jordnodder\/\">jordn\u00f8dder<\/a>, <a href=\"https:\/\/pippifoder.se\/da\/talgkugler-til-sma-fugle\/\">talgkugler<\/a> og <a href=\"https:\/\/pippifoder.se\/da\/produkt\/fuglefoder\/blanding-til-vilde-fugle\/vildfugleblanding-uden-skal-15-kg\/\">vildtfugleblanding<\/a>.<\/p>\n","protected":false},"featured_media":7609,"comment_status":"closed","ping_status":"closed","template":"","meta":{"_acf_changed":false},"product_brand":[],"product_cat":[98,178,99,116,119,121,120],"product_tag":[],"class_list":{"0":"post-9408","1":"product","2":"type-product","3":"status-publish","4":"has-post-thumbnail","6":"product_cat-fuglefoder","7":"product_cat-blanding-til-vilde-fugle","8":"product_cat-fro-og-foder-til-vilde-fugle","9":"product_cat-fuglefro","10":"product_cat-jordnodder","11":"product_cat-solsikkefro-da","12":"product_cat-solsikkefro","14":"first","15":"instock","16":"taxable","17":"shipping-taxable","18":"product-type-grouped"},"bundled_by":[],"bundle_stock_status":"instock","bundle_stock_quantity":null,"bundle_virtual":false,"bundle_layout":"","bundle_add_to_cart_form_location":"","bundle_editable_in_cart":false,"bundle_sold_individually_context":"","bundle_item_grouping":"","bundle_min_size":"","bundle_max_size":"","bundle_price":[],"bundled_items":[],"bundle_sell_ids":[],"acf":[],"_links":{"self":[{"href":"https:\/\/pippifoder.se\/da\/wp-json\/wp\/v2\/product\/9408","targetHints":{"allow":["GET"]}}],"collection":[{"href":"https:\/\/pippifoder.se\/da\/wp-json\/wp\/v2\/product"}],"about":[{"href":"https:\/\/pippifoder.se\/da\/wp-json\/wp\/v2\/types\/product"}],"replies":[{"embeddable":true,"href":"https:\/\/pippifoder.se\/da\/wp-json\/wp\/v2\/comments?post=9408"}],"wp:featuredmedia":[{"embeddable":true,"href":"https:\/\/pippifoder.se\/da\/wp-json\/wp\/v2\/media\/7609"}],"wp:attachment":[{"href":"https:\/\/pippifoder.se\/da\/wp-json\/wp\/v2\/media?parent=9408"}],"wp:term":[{"taxonomy":"product_brand","embeddable":true,"href":"https:\/\/pippifoder.se\/da\/wp-json\/wp\/v2\/product_brand?post=9408"},{"taxonomy":"product_cat","embeddable":true,"href":"https:\/\/pippifoder.se\/da\/wp-json\/wp\/v2\/product_cat?post=9408"},{"taxonomy":"product_tag","embeddable":true,"href":"https:\/\/pippifoder.se\/da\/wp-json\/wp\/v2\/product_tag?post=9408"}],"curies":[{"name":"wp","href":"https:\/\/api.w.org\/{rel}","templated":true}]}}