{"id":9372,"date":"2024-04-16T05:18:16","date_gmt":"2024-04-16T05:18:16","guid":{"rendered":"https:\/\/pippifoder.se\/Ikke%20kategoriseret\/fuglebur-hvid-32mm\/"},"modified":"2025-01-27T14:06:36","modified_gmt":"2025-01-27T14:06:36","slug":"fuglebur-hvid-32mm","status":"publish","type":"product","link":"https:\/\/pippifoder.se\/da\/produkt\/fuglerede\/fuglebur-hvid-32mm\/","title":{"rendered":"Fuglebur hvid 32mm"},"content":{"rendered":"","protected":false},"excerpt":{"rendered":"<p class=\"short-description\">Stilfuldt fuglehus i tr\u00e6 med fuglebeskyttelse i metal ved indgangen til beskyttelse mod sp\u00e6tter.<br \/>\nDet er ogs\u00e5 riflet indvendigt, hvilket g\u00f8r det nemt for ungerne at komme ud.<br \/>\nIndgangshul 32 mm.  <\/p>\n<p>&#8211; Fuglehus tilpasset f.eks. bl\u00e5mejser, halemejser, sp\u00e6tmejser og sort-hvide fluesnappere. Her skal hullet v\u00e6re ca. 30-35 mm stort. &#8211; T\u00e6ttere p\u00e5 30 mm foretr\u00e6kkes af bl\u00e5mejse, sortmejse og fyrremejse, lidt st\u00f8rre huller til sp\u00e6tmejse og sort-hvid fluesnapper. <\/p>\n","protected":false},"featured_media":7372,"comment_status":"open","ping_status":"closed","template":"","meta":{"_acf_changed":false},"product_brand":[],"product_cat":[114],"product_tag":[],"class_list":{"0":"post-9372","1":"product","2":"type-product","3":"status-publish","4":"has-post-thumbnail","6":"product_cat-fuglerede","7":"product_group-traholk-bord","9":"first","10":"outofstock","11":"taxable","12":"shipping-taxable","13":"purchasable","14":"product-type-simple"},"bundled_by":[],"bundle_stock_status":"outofstock","bundle_stock_quantity":0,"bundle_virtual":false,"bundle_layout":"","bundle_add_to_cart_form_location":"","bundle_editable_in_cart":false,"bundle_sold_individually_context":"","bundle_item_grouping":"","bundle_min_size":"","bundle_max_size":"","bundle_price":[],"bundled_items":[],"bundle_sell_ids":[],"acf":[],"_links":{"self":[{"href":"https:\/\/pippifoder.se\/da\/wp-json\/wp\/v2\/product\/9372","targetHints":{"allow":["GET"]}}],"collection":[{"href":"https:\/\/pippifoder.se\/da\/wp-json\/wp\/v2\/product"}],"about":[{"href":"https:\/\/pippifoder.se\/da\/wp-json\/wp\/v2\/types\/product"}],"replies":[{"embeddable":true,"href":"https:\/\/pippifoder.se\/da\/wp-json\/wp\/v2\/comments?post=9372"}],"wp:featuredmedia":[{"embeddable":true,"href":"https:\/\/pippifoder.se\/da\/wp-json\/wp\/v2\/media\/7372"}],"wp:attachment":[{"href":"https:\/\/pippifoder.se\/da\/wp-json\/wp\/v2\/media?parent=9372"}],"wp:term":[{"taxonomy":"product_brand","embeddable":true,"href":"https:\/\/pippifoder.se\/da\/wp-json\/wp\/v2\/product_brand?post=9372"},{"taxonomy":"product_cat","embeddable":true,"href":"https:\/\/pippifoder.se\/da\/wp-json\/wp\/v2\/product_cat?post=9372"},{"taxonomy":"product_tag","embeddable":true,"href":"https:\/\/pippifoder.se\/da\/wp-json\/wp\/v2\/product_tag?post=9372"}],"curies":[{"name":"wp","href":"https:\/\/api.w.org\/{rel}","templated":true}]}}