{"id":9365,"date":"2024-04-16T05:12:11","date_gmt":"2024-04-16T03:12:11","guid":{"rendered":"https:\/\/pippifoder.se\/Ikke%20kategoriseret\/klassisk-fuglebord-roed-sort\/"},"modified":"2026-05-04T07:19:03","modified_gmt":"2026-05-04T05:19:03","slug":"klassisk-fuglebord-roed-sort","status":"publish","type":"product","link":"https:\/\/pippifoder.se\/da\/produkt\/foderautomater-til-fugle\/klassisk-fuglebord-roed-sort\/","title":{"rendered":"Klassisk fuglebord r\u00f8d\/sort"},"content":{"rendered":"","protected":false},"excerpt":{"rendered":"<p>Klassisk fuglebord i fyrretr\u00e6. Velegnet til at h\u00e6nge i et tr\u00e6 eller sidde p\u00e5 en stang p\u00e5 ca. 1,5 meter. Et fuglehus lavet af tr\u00e6. Fint malet i r\u00f8d og sort. Fungerer til forskellige typer fr\u00f8.    <\/p>\n<p><strong>Tekniske data<\/strong><br \/>\nM\u00e5l (LxBxH): 27x21x15 cm<br \/>\nFarve: R\u00f8d glaseret<\/p>\n","protected":false},"featured_media":7369,"comment_status":"closed","ping_status":"closed","template":"","meta":{"_acf_changed":false},"product_brand":[],"product_cat":[175,177,170,176,571],"product_tag":[],"class_list":{"0":"post-9365","1":"product","2":"type-product","3":"status-publish","4":"has-post-thumbnail","6":"product_cat-foderautomater-til-fugle","7":"product_cat-fuglebord-dk","8":"product_cat-fuglefoderautomat-til-fuglefro","9":"product_cat-fuglehuse","10":"product_cat-julegaveideer-til-fugleelskere-i-2025","12":"first","13":"instock","14":"taxable","15":"shipping-taxable","16":"purchasable","17":"product-type-simple"},"bundled_by":[],"bundle_stock_status":"instock","bundle_stock_quantity":7,"bundle_virtual":false,"bundle_layout":"","bundle_add_to_cart_form_location":"","bundle_editable_in_cart":false,"bundle_sold_individually_context":"","bundle_item_grouping":"","bundle_min_size":"","bundle_max_size":"","bundle_price":[],"bundled_items":[],"bundle_sell_ids":[],"acf":[],"_links":{"self":[{"href":"https:\/\/pippifoder.se\/da\/wp-json\/wp\/v2\/product\/9365","targetHints":{"allow":["GET"]}}],"collection":[{"href":"https:\/\/pippifoder.se\/da\/wp-json\/wp\/v2\/product"}],"about":[{"href":"https:\/\/pippifoder.se\/da\/wp-json\/wp\/v2\/types\/product"}],"replies":[{"embeddable":true,"href":"https:\/\/pippifoder.se\/da\/wp-json\/wp\/v2\/comments?post=9365"}],"wp:featuredmedia":[{"embeddable":true,"href":"https:\/\/pippifoder.se\/da\/wp-json\/wp\/v2\/media\/7369"}],"wp:attachment":[{"href":"https:\/\/pippifoder.se\/da\/wp-json\/wp\/v2\/media?parent=9365"}],"wp:term":[{"taxonomy":"product_brand","embeddable":true,"href":"https:\/\/pippifoder.se\/da\/wp-json\/wp\/v2\/product_brand?post=9365"},{"taxonomy":"product_cat","embeddable":true,"href":"https:\/\/pippifoder.se\/da\/wp-json\/wp\/v2\/product_cat?post=9365"},{"taxonomy":"product_tag","embeddable":true,"href":"https:\/\/pippifoder.se\/da\/wp-json\/wp\/v2\/product_tag?post=9365"}],"curies":[{"name":"wp","href":"https:\/\/api.w.org\/{rel}","templated":true}]}}