{"id":9362,"date":"2024-06-07T09:40:29","date_gmt":"2024-06-07T09:40:29","guid":{"rendered":"https:\/\/pippifoder.se\/Ikke%20kategoriseret\/leo-wolf-tallow-seed-bar-energi-600-g\/"},"modified":"2026-04-15T12:59:00","modified_gmt":"2026-04-15T10:59:00","slug":"leo-wolf-tallow-seed-bar-energi-600-g","status":"publish","type":"product","link":"https:\/\/pippifoder.se\/da\/produkt\/fuglefoder\/talgfro-bar\/leo-wolf-tallow-seed-bar-energi-600-g\/","title":{"rendered":"Leo &amp; Wolf Tallow Seed Bar &#8211; Energi 600g"},"content":{"rendered":"<p>Giv dine vilde fugle den ekstra energi, de har brug for om vinteren, med <strong>h\u00f8jenergifr\u00f8st\u00e6nger af talg<\/strong>. Disse fr\u00f8kager er specielt sammensat til at give maksimal energi og n\u00e6ring, samtidig med at de er sikre og nemme at bruge. <\/p>\n<h2>Hvorfor skal jeg v\u00e6lge Tallow Seed Energy?<\/h2>\n<ul>\n<li><strong>Us\u00e6dvanligt h\u00f8jt fedtindhold<\/strong><br \/>\nDisse talgfr\u00f8 best\u00e5r af hele 75 % fedt, hvoraf 71,5 % er talg af h\u00f8j kvalitet. Det giver en langvarig n\u00e6ringskilde med h\u00f8jt energiindhold, som er afg\u00f8rende for fuglenes overlevelse om vinteren. <\/li>\n<li><strong>Enest\u00e5ende energiv\u00e6rdi<\/strong><br \/>\nMed et energiindhold p\u00e5 739 kcal pr. 100 gram giver fr\u00f8kagerne det n\u00f8dvendige energiboost, som fugle har brug for til at holde sig varme og aktive, hvilket g\u00f8r dem til en af de mest n\u00e6ringsrige muligheder p\u00e5 markedet.<\/li>\n<li><strong>Sikker og<\/strong><strong>innovativ indpakning<\/strong><br \/>\nFr\u00f8kagerne er pakket uden net for at sikre, at fuglene ikke bliver fanget. Det g\u00f8r dem b\u00e5de sikre at bruge og sk\u00e5nsomme for milj\u00f8et. <\/li>\n<li><strong>Varmebehandlet af hensyn til sikkerheden<\/strong><br \/>\nTalgfr\u00f8ene er varmebehandlet for at fjerne potentielt farlige bakterier og forurenende stoffer. Det sikrer en ren og sikker f\u00f8dekilde for fuglene. <\/li>\n<li><strong>Naturlige ingredienser<\/strong><br \/>\n100% fri for smags- og farvestoffer, disse talgfr\u00f8st\u00e6nger er lavet med rene og naturlige ingredienser, hvilket sikrer, at fuglene f\u00e5r en naturlig og sund kost.<\/li>\n<li><strong>Finske r\u00e5varer<\/strong><br \/>\nTallow Seed Bars er fremstillet af n\u00f8je udvalgte r\u00e5varer fra Finland, der er kendt for deres h\u00f8je kvalitet, hvilket giver b\u00e5de dig og dine vilde fugle et produkt, du kan stole p\u00e5.<\/li>\n<li><strong>Nem oph\u00e6ngning<\/strong><br \/>\nDisse talgfr\u00f8st\u00e6nger er designet til at v\u00e6re nemme at bruge og er udstyret med praktiske huller, der g\u00f8r dem nemme at h\u00e6nge op i tr\u00e6er, buske eller fuglefoderautomater.<\/li>\n<li><strong>Udviklet med fuglenes bedste i tankerne<\/strong><br \/>\nAlle aspekter af talgfr\u00f8baren, fra ingredienser til emballage, er designet til at st\u00f8tte fuglenes sundhed og sikkerhed.<\/li>\n<\/ul>\n<h2>Fordele for dine vilde fugle<\/h2>\n<ul>\n<li><strong>Maksimering af energiforsyningen<\/strong><br \/>\nDet h\u00f8je fedtindhold og den rige ern\u00e6ringsprofil g\u00f8r fr\u00f8kager ideelle til at hj\u00e6lpe fugle med at opbygge vigtige fedtreserver.<\/li>\n<li><strong>Alsidig fugletiltr\u00e6kning<\/strong><br \/>\nDen unikke blanding af fedtrig talg og fr\u00f8 tiltr\u00e6kker en lang r\u00e6kke fuglearter og forvandler din have til et levende og varieret fugleparadis.<\/li>\n<li><strong>Sund og naturlig kost<\/strong><br \/>\nMed 100 % naturlige ingredienser og ingen tils\u00e6tningsstoffer f\u00e5r fuglene et produkt, der underst\u00f8tter deres naturlige sundhed og velbefindende.<\/li>\n<\/ul>\n","protected":false},"excerpt":{"rendered":"<p>Talgfr\u00f8 med meget h\u00f8j energi til vilde fugle. En ny innovativ og forbedret konkurrent til talgkugler! <\/p>\n","protected":false},"featured_media":7435,"comment_status":"open","ping_status":"closed","template":"","meta":{"_acf_changed":false},"product_brand":[],"product_cat":[188,115,98,189],"product_tag":[],"class_list":{"0":"post-9362","1":"product","2":"type-product","3":"status-publish","4":"has-post-thumbnail","6":"product_cat-talgfro-bar","7":"product_cat-fedtfro-blanding","8":"product_cat-fuglefoder","9":"product_cat-talgpolse-da","11":"first","12":"instock","13":"sale","14":"taxable","15":"shipping-taxable","16":"purchasable","17":"product-type-variable","18":"has-default-attributes"},"bundled_by":["30025"],"bundle_stock_status":"instock","bundle_stock_quantity":359,"bundle_virtual":false,"bundle_layout":"","bundle_add_to_cart_form_location":"","bundle_editable_in_cart":false,"bundle_sold_individually_context":"","bundle_item_grouping":"","bundle_min_size":"","bundle_max_size":"","bundle_price":[],"bundled_items":[],"bundle_sell_ids":[],"acf":[],"_links":{"self":[{"href":"https:\/\/pippifoder.se\/da\/wp-json\/wp\/v2\/product\/9362","targetHints":{"allow":["GET"]}}],"collection":[{"href":"https:\/\/pippifoder.se\/da\/wp-json\/wp\/v2\/product"}],"about":[{"href":"https:\/\/pippifoder.se\/da\/wp-json\/wp\/v2\/types\/product"}],"replies":[{"embeddable":true,"href":"https:\/\/pippifoder.se\/da\/wp-json\/wp\/v2\/comments?post=9362"}],"wp:featuredmedia":[{"embeddable":true,"href":"https:\/\/pippifoder.se\/da\/wp-json\/wp\/v2\/media\/7435"}],"wp:attachment":[{"href":"https:\/\/pippifoder.se\/da\/wp-json\/wp\/v2\/media?parent=9362"}],"wp:term":[{"taxonomy":"product_brand","embeddable":true,"href":"https:\/\/pippifoder.se\/da\/wp-json\/wp\/v2\/product_brand?post=9362"},{"taxonomy":"product_cat","embeddable":true,"href":"https:\/\/pippifoder.se\/da\/wp-json\/wp\/v2\/product_cat?post=9362"},{"taxonomy":"product_tag","embeddable":true,"href":"https:\/\/pippifoder.se\/da\/wp-json\/wp\/v2\/product_tag?post=9362"}],"curies":[{"name":"wp","href":"https:\/\/api.w.org\/{rel}","templated":true}]}}