{"id":9343,"date":"2024-07-05T18:23:25","date_gmt":"2024-07-05T18:23:25","guid":{"rendered":"https:\/\/pippifoder.se\/Ikke%20kategoriseret\/talgkugler-uden-net-i-papkasse-100-stk\/"},"modified":"2025-01-27T14:06:58","modified_gmt":"2025-01-27T14:06:58","slug":"talgkugler-uden-net-i-papkasse-100-stk","status":"publish","type":"product","link":"https:\/\/pippifoder.se\/da\/produkt\/fuglefoder\/talgkugler-til-sma-fugle\/talgkugler-uden-net-i-papkasse-100-stk\/","title":{"rendered":"Talgkugler uden net i papkasse (100 stk.)"},"content":{"rendered":"<p>De fleste sm\u00e5fugle s\u00e6tter pris p\u00e5 talgkugler, is\u00e6r bl\u00e5mejser, sp\u00e6tmejser, gr\u00f8nirisker, solsorte, bogfinker, gr\u00e5spurve, sortmejser og sp\u00e6tter. Fedtrig talg og et h\u00f8jt indhold af fr\u00f8 giver sm\u00e5fuglene gode betingelser for at overleve vinteren.<br \/>\nFlere og flere fugle bliver i vores &#8220;varme vintre&#8221;, og for dem er de ofte hurtige skift mellem varme, kulde og sne en vanskelig f\u00f8desituation. Talgkuglerne er uden net!  <\/p>\n<p>&nbsp;<\/p>\n","protected":false},"excerpt":{"rendered":"<p>Talgkugler uden net i papkasse.<br \/>\n100 talgkugler pr. spand med 80 g.<br \/>\nTalgkugler er en vigtig ern\u00e6ringskilde for sm\u00e5fugle.<br \/>\nTalgkuglerne er popul\u00e6re hos bl.a. bl\u00e5mejse, spidsand, gr\u00f8nirisk, sp\u00e6tmejse, musvit, gr\u00e5spurv, sortmejse og sp\u00e6tte.   <\/p>\n","protected":false},"featured_media":13246,"comment_status":"closed","ping_status":"closed","template":"","meta":{"_acf_changed":false},"product_brand":[],"product_cat":[187,99,98],"product_tag":[],"class_list":{"0":"post-9343","1":"product","2":"type-product","3":"status-publish","4":"has-post-thumbnail","6":"product_cat-talgkugler-til-sma-fugle","7":"product_cat-fro-og-foder-til-vilde-fugle","8":"product_cat-fuglefoder","10":"first","11":"outofstock","12":"taxable","13":"shipping-taxable","14":"purchasable","15":"product-type-simple"},"bundled_by":[],"bundle_stock_status":"outofstock","bundle_stock_quantity":0,"bundle_virtual":false,"bundle_layout":"","bundle_add_to_cart_form_location":"","bundle_editable_in_cart":false,"bundle_sold_individually_context":"","bundle_item_grouping":"","bundle_min_size":"","bundle_max_size":"","bundle_price":[],"bundled_items":[],"bundle_sell_ids":[],"acf":[],"_links":{"self":[{"href":"https:\/\/pippifoder.se\/da\/wp-json\/wp\/v2\/product\/9343","targetHints":{"allow":["GET"]}}],"collection":[{"href":"https:\/\/pippifoder.se\/da\/wp-json\/wp\/v2\/product"}],"about":[{"href":"https:\/\/pippifoder.se\/da\/wp-json\/wp\/v2\/types\/product"}],"replies":[{"embeddable":true,"href":"https:\/\/pippifoder.se\/da\/wp-json\/wp\/v2\/comments?post=9343"}],"wp:featuredmedia":[{"embeddable":true,"href":"https:\/\/pippifoder.se\/da\/wp-json\/wp\/v2\/media\/13246"}],"wp:attachment":[{"href":"https:\/\/pippifoder.se\/da\/wp-json\/wp\/v2\/media?parent=9343"}],"wp:term":[{"taxonomy":"product_brand","embeddable":true,"href":"https:\/\/pippifoder.se\/da\/wp-json\/wp\/v2\/product_brand?post=9343"},{"taxonomy":"product_cat","embeddable":true,"href":"https:\/\/pippifoder.se\/da\/wp-json\/wp\/v2\/product_cat?post=9343"},{"taxonomy":"product_tag","embeddable":true,"href":"https:\/\/pippifoder.se\/da\/wp-json\/wp\/v2\/product_tag?post=9343"}],"curies":[{"name":"wp","href":"https:\/\/api.w.org\/{rel}","templated":true}]}}