{"id":9340,"date":"2024-02-01T07:00:09","date_gmt":"2024-02-01T07:00:09","guid":{"rendered":"https:\/\/pippifoder.se\/Ikke kategoriseret\/have-med-vilde-dyr-decobird-talgoxe\/"},"modified":"2024-02-01T07:00:09","modified_gmt":"2024-02-01T07:00:09","slug":"have-med-vilde-dyr-decobird-talgoxe","status":"publish","type":"product","link":"https:\/\/pippifoder.se\/da\/produkt\/tilbehor\/skovfugle\/wildlife-garden-decobird-da\/have-med-vilde-dyr-decobird-talgoxe\/","title":{"rendered":"Have med vilde dyr &#8211; DecoBird Talgoxe"},"content":{"rendered":"<h2>H\u00e5ndsk\u00e5ret Talgoxe af tr\u00e6<\/h2>\n<p>  DecoBird Talgoxe er en naturtro tr\u00e6fugl, som er udsk\u00e5ret og malet i h\u00e5nden.<br \/>\nSkovhornuglen er en af vores mest almindelige og velkendte fugle.<br \/>\nMange menneskers favorit!    <\/p>\n<h2>Saml p\u00e5 DecoBirds<\/h2>\n<p>  Samlerserien DecoBirds best\u00e5r af vores yndlingsfugle, dygtigt udsk\u00e5ret i lindetr\u00e6.<br \/>\nSerien bliver hele tiden udvidet og suppleret med mere realistiske arter.<br \/>\nHver fugl leveres med et flot og informativt h\u00e6fte med oplysninger om den art, du har k\u00f8bt.<br \/>\nDen er pakket i en gave\u00e6ske.     <\/p>\n<h3>Talgoxe p\u00e5 andre sprog:<\/h3>\n<p>  Videnskabeligt navn: Parus major Engelsk: Sp\u00e6tmejse Tysk: Kohlmeise Fransk: M\u00e9sange charbonni\u00e8re Italiensk: Cinciallegra Hollandsk: Koolmees Spansk: Herrerillo ci\u00e1neo<\/p>\n","protected":false},"excerpt":{"rendered":"<p>DecoBird Talgoxe er en naturtro tr\u00e6fugl, som er udsk\u00e5ret og malet i h\u00e5nden.<br \/>\nSkovhornuglen er en af vores mest almindelige og velkendte fugle.<br \/>\nMange menneskers favorit!  <\/p>\n","protected":false},"featured_media":7084,"comment_status":"open","ping_status":"closed","template":"","meta":{"_acf_changed":false},"product_brand":[],"product_cat":[146,111,149],"product_tag":[],"class_list":{"0":"post-9340","1":"product","2":"type-product","3":"status-publish","4":"has-post-thumbnail","6":"product_cat-wildlife-garden-decobird-da","7":"product_cat-fuglefro-og-fuglefoder-pa-udsalg","8":"product_cat-tilbehor","9":"product_shipping_class-sverige-da","11":"first","12":"outofstock","13":"sale","14":"taxable","15":"shipping-taxable","16":"purchasable","17":"product-type-simple"},"bundled_by":[],"bundle_stock_status":"outofstock","bundle_stock_quantity":0,"bundle_virtual":false,"bundle_layout":"","bundle_add_to_cart_form_location":"","bundle_editable_in_cart":false,"bundle_sold_individually_context":"","bundle_item_grouping":"","bundle_min_size":"","bundle_max_size":"","bundle_price":[],"bundled_items":[],"bundle_sell_ids":[],"acf":[],"_links":{"self":[{"href":"https:\/\/pippifoder.se\/da\/wp-json\/wp\/v2\/product\/9340","targetHints":{"allow":["GET"]}}],"collection":[{"href":"https:\/\/pippifoder.se\/da\/wp-json\/wp\/v2\/product"}],"about":[{"href":"https:\/\/pippifoder.se\/da\/wp-json\/wp\/v2\/types\/product"}],"replies":[{"embeddable":true,"href":"https:\/\/pippifoder.se\/da\/wp-json\/wp\/v2\/comments?post=9340"}],"wp:featuredmedia":[{"embeddable":true,"href":"https:\/\/pippifoder.se\/da\/wp-json\/wp\/v2\/media\/7084"}],"wp:attachment":[{"href":"https:\/\/pippifoder.se\/da\/wp-json\/wp\/v2\/media?parent=9340"}],"wp:term":[{"taxonomy":"product_brand","embeddable":true,"href":"https:\/\/pippifoder.se\/da\/wp-json\/wp\/v2\/product_brand?post=9340"},{"taxonomy":"product_cat","embeddable":true,"href":"https:\/\/pippifoder.se\/da\/wp-json\/wp\/v2\/product_cat?post=9340"},{"taxonomy":"product_tag","embeddable":true,"href":"https:\/\/pippifoder.se\/da\/wp-json\/wp\/v2\/product_tag?post=9340"}],"curies":[{"name":"wp","href":"https:\/\/api.w.org\/{rel}","templated":true}]}}