{"id":9335,"date":"2024-02-01T06:55:09","date_gmt":"2024-02-01T06:55:09","guid":{"rendered":"https:\/\/pippifoder.se\/Ikke%20kategoriseret\/wildlife-garden-ande-med-kapsel\/"},"modified":"2026-04-15T13:04:08","modified_gmt":"2026-04-15T11:04:08","slug":"wildlife-garden-ande-med-kapsel","status":"publish","type":"product","link":"https:\/\/pippifoder.se\/da\/produkt\/tilbehor\/wildlife-garden-ande-med-kapsel\/","title":{"rendered":"Wildlife Garden &#8211; Ande med kapsel"},"content":{"rendered":"<h2>Flaskekapsel med h\u00e5ndsk\u00e5ret and<\/h2>\n<p>Denne flaskeprop vil v\u00e6re en fin detalje p\u00e5 bordd\u00e6kningen og holde drikken frisk i l\u00e6ngere tid. Korkens form og st\u00f8rrelse g\u00f8r den velegnet til de fleste typer flasker. Brug den til at forsegle flasker med sodavand, juice, vand eller hvorfor ikke olie eller eddike? Den s\u00f8de and bliver et samtaleemne, en detalje, der v\u00e6kker nysgerrighed og p\u00e5sk\u00f8nnelse ved middagsbordet.   <\/p>\n<p>Andekorken er ogs\u00e5 en god gave. Som gave er den det perfekte lille ekstra sammen med gode drinks, og formen p\u00e5 emballagen g\u00f8r den nem at h\u00e6nge p\u00e5 flasken. Den er ogs\u00e5 en fremragende gave i sig selv som en sjov indretningsdetalje.  <\/p>\n<p>Anden er h\u00e5ndsk\u00e5ret og malet i milj\u00f8venlige farver. Reng\u00f8r flaskel\u00e5get med en fugtig klud. B\u00f8r ikke k\u00f8res i opvaskemaskinen.  <\/p>\n","protected":false},"excerpt":{"rendered":"<p>Denne flaskeprop vil v\u00e6re en fin detalje p\u00e5 bordd\u00e6kningen og holde drikken frisk i l\u00e6ngere tid. Korkens form og st\u00f8rrelse g\u00f8r den velegnet til de fleste typer flasker. Brug den til at forsegle flasker med sodavand, juice, vand eller hvorfor ikke olie eller eddike? Den s\u00f8de and bliver et samtaleemne, en detalje, der v\u00e6kker nysgerrighed og p\u00e5sk\u00f8nnelse ved middagsbordet.   <\/p>\n","protected":false},"featured_media":7075,"comment_status":"open","ping_status":"closed","template":"","meta":{"_acf_changed":false},"product_brand":[],"product_cat":[149],"product_tag":[],"class_list":{"0":"post-9335","1":"product","2":"type-product","3":"status-publish","4":"has-post-thumbnail","6":"product_cat-tilbehor","7":"product_shipping_class-sverige-da","9":"first","10":"outofstock","11":"taxable","12":"shipping-taxable","13":"purchasable","14":"product-type-simple"},"bundled_by":[],"bundle_stock_status":"outofstock","bundle_stock_quantity":5,"bundle_virtual":false,"bundle_layout":"","bundle_add_to_cart_form_location":"","bundle_editable_in_cart":false,"bundle_sold_individually_context":"","bundle_item_grouping":"","bundle_min_size":"","bundle_max_size":"","bundle_price":[],"bundled_items":[],"bundle_sell_ids":[],"acf":[],"_links":{"self":[{"href":"https:\/\/pippifoder.se\/da\/wp-json\/wp\/v2\/product\/9335","targetHints":{"allow":["GET"]}}],"collection":[{"href":"https:\/\/pippifoder.se\/da\/wp-json\/wp\/v2\/product"}],"about":[{"href":"https:\/\/pippifoder.se\/da\/wp-json\/wp\/v2\/types\/product"}],"replies":[{"embeddable":true,"href":"https:\/\/pippifoder.se\/da\/wp-json\/wp\/v2\/comments?post=9335"}],"wp:featuredmedia":[{"embeddable":true,"href":"https:\/\/pippifoder.se\/da\/wp-json\/wp\/v2\/media\/7075"}],"wp:attachment":[{"href":"https:\/\/pippifoder.se\/da\/wp-json\/wp\/v2\/media?parent=9335"}],"wp:term":[{"taxonomy":"product_brand","embeddable":true,"href":"https:\/\/pippifoder.se\/da\/wp-json\/wp\/v2\/product_brand?post=9335"},{"taxonomy":"product_cat","embeddable":true,"href":"https:\/\/pippifoder.se\/da\/wp-json\/wp\/v2\/product_cat?post=9335"},{"taxonomy":"product_tag","embeddable":true,"href":"https:\/\/pippifoder.se\/da\/wp-json\/wp\/v2\/product_tag?post=9335"}],"curies":[{"name":"wp","href":"https:\/\/api.w.org\/{rel}","templated":true}]}}