{"id":9332,"date":"2024-02-01T06:50:33","date_gmt":"2024-02-01T06:50:33","guid":{"rendered":"https:\/\/pippifoder.se\/Ikke kategoriseret\/have-med-vilde-dyr-pindsvin\/"},"modified":"2024-02-01T06:50:33","modified_gmt":"2024-02-01T06:50:33","slug":"have-med-vilde-dyr-pindsvin","status":"publish","type":"product","link":"https:\/\/pippifoder.se\/da\/produkt\/tilbehor\/have-med-vilde-dyr-pindsvin\/","title":{"rendered":"Have med vilde dyr &#8211; Pindsvin"},"content":{"rendered":"<h2>Naturlig dekoration i udsk\u00e5ret tr\u00e6<\/h2>\n<p>  Pindsvinet, vores skarpe ven i haven, er nu en legesyg dekoration, som b\u00e5de unge og gamle s\u00e6tter pris p\u00e5.<br \/>\nSom pynt giver det liv til b\u00e5de bogreolen og sofabordet med sit livagtige udtryk.<br \/>\nPindsvinet er h\u00e5ndsk\u00e5ret og penselmalet i milj\u00f8venlige farver, et solidt h\u00e5ndv\u00e6rk, der giver hvert enkelt individ sm\u00e5 og smukke variationer.<br \/>\nPas godt p\u00e5 dit pindsvin, og reng\u00f8r det om n\u00f8dvendigt med en fugtig klud.   <\/p>\n","protected":false},"excerpt":{"rendered":"<p>Dette tornede individ vil v\u00e6re et dekorativt element i hjemmet.<\/p>\n","protected":false},"featured_media":7063,"comment_status":"open","ping_status":"closed","template":"","meta":{"_acf_changed":false},"product_brand":[],"product_cat":[149],"product_tag":[],"class_list":{"0":"post-9332","1":"product","2":"type-product","3":"status-publish","4":"has-post-thumbnail","6":"product_cat-tilbehor","7":"product_shipping_class-sverige-da","9":"first","10":"outofstock","11":"taxable","12":"shipping-taxable","13":"purchasable","14":"product-type-simple"},"bundled_by":[],"bundle_stock_status":"outofstock","bundle_stock_quantity":0,"bundle_virtual":false,"bundle_layout":"","bundle_add_to_cart_form_location":"","bundle_editable_in_cart":false,"bundle_sold_individually_context":"","bundle_item_grouping":"","bundle_min_size":"","bundle_max_size":"","bundle_price":[],"bundled_items":[],"bundle_sell_ids":[],"acf":[],"_links":{"self":[{"href":"https:\/\/pippifoder.se\/da\/wp-json\/wp\/v2\/product\/9332","targetHints":{"allow":["GET"]}}],"collection":[{"href":"https:\/\/pippifoder.se\/da\/wp-json\/wp\/v2\/product"}],"about":[{"href":"https:\/\/pippifoder.se\/da\/wp-json\/wp\/v2\/types\/product"}],"replies":[{"embeddable":true,"href":"https:\/\/pippifoder.se\/da\/wp-json\/wp\/v2\/comments?post=9332"}],"wp:featuredmedia":[{"embeddable":true,"href":"https:\/\/pippifoder.se\/da\/wp-json\/wp\/v2\/media\/7063"}],"wp:attachment":[{"href":"https:\/\/pippifoder.se\/da\/wp-json\/wp\/v2\/media?parent=9332"}],"wp:term":[{"taxonomy":"product_brand","embeddable":true,"href":"https:\/\/pippifoder.se\/da\/wp-json\/wp\/v2\/product_brand?post=9332"},{"taxonomy":"product_cat","embeddable":true,"href":"https:\/\/pippifoder.se\/da\/wp-json\/wp\/v2\/product_cat?post=9332"},{"taxonomy":"product_tag","embeddable":true,"href":"https:\/\/pippifoder.se\/da\/wp-json\/wp\/v2\/product_tag?post=9332"}],"curies":[{"name":"wp","href":"https:\/\/api.w.org\/{rel}","templated":true}]}}