{"id":9307,"date":"2024-06-24T09:34:59","date_gmt":"2024-06-24T09:34:59","guid":{"rendered":"https:\/\/pippifoder.se\/Ikke%20kategoriseret\/leo-wolf-tallow-seed-bar-baer-600g\/"},"modified":"2026-04-15T12:57:05","modified_gmt":"2026-04-15T10:57:05","slug":"leo-wolf-tallow-seed-bar-baer-600g","status":"publish","type":"product","link":"https:\/\/pippifoder.se\/da\/produkt\/fuglefoder\/talgfro-bar\/leo-wolf-tallow-seed-bar-baer-600g\/","title":{"rendered":"Leo &amp; Wolf Tallow Seed Bar &#8211; b\u00e6r 600g"},"content":{"rendered":"<h2>Hvorfor v\u00e6lge Tallow Seed Bar Berry?<\/h2>\n<ol>\n<li><strong>Nutritious Dried Berries<\/strong><br \/>\nFat Seed Blend Berry er beriget med t\u00f8rrede b\u00e6r, der indeholder vigtige vitaminer og mineraler. B\u00e6rrene bidrager med naturlige antioxidanter, der st\u00f8tter fuglenes immunforsvar og generelle sundhed, hvilket g\u00f8r denne blanding til en fremragende tilf\u00f8jelse til deres kost. <\/li>\n<li><strong>H\u00f8jt fedtindhold for maksimalt energitilskud<\/strong><br \/>\nMed et fedtindhold p\u00e5 65 % er denne blanding en st\u00e6rk energikilde, der hj\u00e6lper fugle med at opbygge og vedligeholde energireserver, som er afg\u00f8rende for at overleve de kolde vinterm\u00e5neder. Det h\u00f8je fedtindhold er letford\u00f8jeligt og omdannes hurtigt til energi. <\/li>\n<li><strong>Ingen uetisk palmeolie<\/strong><br \/>\nFor at sikre et b\u00e6redygtigt og etisk produkt indeholder Tallow Seed Berry ingen palmeolie. Det giver dig ro i sindet, at du fodrer dine fugle med et produkt, der er sk\u00e5nsomt for dem og milj\u00f8et. <\/li>\n<li><strong>Sikker og hygiejnisk emballage<\/strong><br \/>\nBlandingen er uden net og varmebehandlet, hvilket eliminerer risikoen for, at fuglene sidder fast, og minimerer risikoen for bakterier. Den er ogs\u00e5 fri for fr\u00f8skaller, hvilket g\u00f8r det nemt at holde fodringsomr\u00e5det rent og hygiejnisk. <\/li>\n<li>Fremstillet <strong>i Finland med naturlige ingredienser<\/strong><br \/>\nTallow Seed Berry er fremstillet i Finland med naturlige ingredienser af h\u00f8j kvalitet. Det er fri for kunstige smags- og farvestoffer, hvilket sikrer, at fuglene f\u00e5r en ren og sund kost. <\/li>\n<li><strong>Nem oph\u00e6ngning og fodring<\/strong><br \/>\nUdstyret med huller til nem oph\u00e6ngning i tr\u00e6er, buske eller fuglefoderautomater, hvilket g\u00f8r det nemt at fodre fuglene, uanset hvor du v\u00e6lger at placere blandingen.<\/li>\n<li><strong>Udviklet med fug<\/strong>lenes trivsel for \u00f8je<br \/>\nAlle aspekter af den fede fr\u00f8blanding er designet med fuglenes bedste for \u00f8je, s\u00e5 de har en sikker og n\u00e6ringsrig f\u00f8dekilde, der underst\u00f8tter deres trivsel hele \u00e5ret.<\/li>\n<\/ol>\n<h2>Fordele for dine vilde fugle<\/h2>\n<ul>\n<li><strong>Vigtige n\u00e6ringsstoffer fra<\/strong> b\u00e6r<br \/>\nT\u00f8rrede b\u00e6r indeholder naturlige antioxidanter, vitaminer og mineraler, som fremmer fuglenes sundhed og bidrager til et st\u00e6rkt immunsystem.<\/li>\n<li><strong>H\u00f8j energi til vinterm\u00e5nederne<\/strong><br \/>\nDet h\u00f8je fedtindhold giver den energi, som sm\u00e5fugle har brug for til at overleve kolde og udfordrende vinterforhold.<\/li>\n<li><strong>Ren og sikker<\/strong> fodring<br \/>\nDen netfri og varmebehandlede formel sikrer hygiejnisk fodring og minimerer risikoen for bakterier, hvilket g\u00f8r det nemt at holde fodringsomr\u00e5det rent.<\/li>\n<\/ul>\n<h2>K\u00f8b Tallow Seed Bar Berry hos os!<\/h2>\n<p>Hj\u00e6lp dine vilde fugle med at holde sig sunde og energiske med vores <strong>suet seed bar Berry<\/strong>. Bestil nu, og giv dine fugle en n\u00e6ringsrig f\u00f8dekilde af h\u00f8j kvalitet, der underst\u00f8tter deres sundhed og vitalitet hele \u00e5ret! <\/p>\n","protected":false},"excerpt":{"rendered":"<p>Giv dine vilde fugle en l\u00e6kker og n\u00e6rende kost med vores <strong>Tallow Seed Bar Berry.<\/strong> Denne foderblanding af h\u00f8j kvalitet kombinerer fedt- og energirige fr\u00f8 med n\u00e6ringsrige t\u00f8rrede b\u00e6r, hvilket g\u00f8r den perfekt til at opfylde fuglenes h\u00f8je energibehov under kr\u00e6vende vinterforhold. <\/p>\n","protected":false},"featured_media":7462,"comment_status":"open","ping_status":"closed","template":"","meta":{"_acf_changed":false},"product_brand":[],"product_cat":[188,115,98,189],"product_tag":[],"class_list":{"0":"post-9307","1":"product","2":"type-product","3":"status-publish","4":"has-post-thumbnail","6":"product_cat-talgfro-bar","7":"product_cat-fedtfro-blanding","8":"product_cat-fuglefoder","9":"product_cat-talgpolse-da","11":"first","12":"instock","13":"sale","14":"taxable","15":"shipping-taxable","16":"purchasable","17":"product-type-variable","18":"has-default-attributes"},"bundled_by":["30025"],"bundle_stock_status":"instock","bundle_stock_quantity":274,"bundle_virtual":false,"bundle_layout":"","bundle_add_to_cart_form_location":"","bundle_editable_in_cart":false,"bundle_sold_individually_context":"","bundle_item_grouping":"","bundle_min_size":"","bundle_max_size":"","bundle_price":[],"bundled_items":[],"bundle_sell_ids":[],"acf":[],"_links":{"self":[{"href":"https:\/\/pippifoder.se\/da\/wp-json\/wp\/v2\/product\/9307","targetHints":{"allow":["GET"]}}],"collection":[{"href":"https:\/\/pippifoder.se\/da\/wp-json\/wp\/v2\/product"}],"about":[{"href":"https:\/\/pippifoder.se\/da\/wp-json\/wp\/v2\/types\/product"}],"replies":[{"embeddable":true,"href":"https:\/\/pippifoder.se\/da\/wp-json\/wp\/v2\/comments?post=9307"}],"wp:featuredmedia":[{"embeddable":true,"href":"https:\/\/pippifoder.se\/da\/wp-json\/wp\/v2\/media\/7462"}],"wp:attachment":[{"href":"https:\/\/pippifoder.se\/da\/wp-json\/wp\/v2\/media?parent=9307"}],"wp:term":[{"taxonomy":"product_brand","embeddable":true,"href":"https:\/\/pippifoder.se\/da\/wp-json\/wp\/v2\/product_brand?post=9307"},{"taxonomy":"product_cat","embeddable":true,"href":"https:\/\/pippifoder.se\/da\/wp-json\/wp\/v2\/product_cat?post=9307"},{"taxonomy":"product_tag","embeddable":true,"href":"https:\/\/pippifoder.se\/da\/wp-json\/wp\/v2\/product_tag?post=9307"}],"curies":[{"name":"wp","href":"https:\/\/api.w.org\/{rel}","templated":true}]}}