{"id":9294,"date":"2024-06-24T18:07:32","date_gmt":"2024-06-24T18:07:32","guid":{"rendered":"https:\/\/pippifoder.se\/Ikke%20kategoriseret\/fuglehus-i-trae-med-spaendebaand-uden-soem-32-mm\/"},"modified":"2026-04-16T16:35:08","modified_gmt":"2026-04-16T14:35:08","slug":"fuglehus-i-trae-med-spaendebaand-uden-soem-32-mm","status":"publish","type":"product","link":"https:\/\/pippifoder.se\/da\/produkt\/fuglerede\/fuglehus-i-trae-med-spaendebaand-uden-soem-32-mm\/","title":{"rendered":"Fuglehus i tr\u00e6 med sp\u00e6ndeb\u00e5nd (uden s\u00f8m) &#8211; 32 mm"},"content":{"rendered":"<h2>Unik konstruktion af fuglehus<\/h2>\n<figure id=\"attachment_7471\" aria-describedby=\"caption-attachment-7471\" style=\"width: 225px\" class=\"wp-caption alignleft\"><img loading=\"lazy\" decoding=\"async\" class=\"wp-image-5299 size-medium\" src=\"https:\/\/pippifoder.se\/app\/uploads\/2024\/06\/Fagelholks_konstruktor-225x300.jpg\" alt=\"Fuglehusets designer i sit v\u00e6rksted\" width=\"225\" height=\"300\" title=\"\" srcset=\"https:\/\/pippifoder.se\/app\/uploads\/2024\/06\/Fagelholks_konstruktor-225x300.jpg 225w, https:\/\/pippifoder.se\/app\/uploads\/2024\/06\/Fagelholks_konstruktor-scaled-300x400.jpg 300w, https:\/\/pippifoder.se\/app\/uploads\/2024\/06\/Fagelholks_konstruktor-scaled-600x800.jpg 600w, https:\/\/pippifoder.se\/app\/uploads\/2024\/06\/Fagelholks_konstruktor-768x1024.jpg 768w, https:\/\/pippifoder.se\/app\/uploads\/2024\/06\/Fagelholks_konstruktor-1152x1536.jpg 1152w, https:\/\/pippifoder.se\/app\/uploads\/2024\/06\/Fagelholks_konstruktor-1536x2048.jpg 1536w, https:\/\/pippifoder.se\/app\/uploads\/2024\/06\/Fagelholks_konstruktor-700x933.jpg 700w, https:\/\/pippifoder.se\/app\/uploads\/2024\/06\/Fagelholks_konstruktor-360x480.jpg 360w, https:\/\/pippifoder.se\/app\/uploads\/2024\/06\/Fagelholks_konstruktor-250x333.jpg 250w, https:\/\/pippifoder.se\/app\/uploads\/2024\/06\/Fagelholks_konstruktor-120x160.jpg 120w, https:\/\/pippifoder.se\/app\/uploads\/2024\/06\/Fagelholks_konstruktor-512x683.jpg 512w, https:\/\/pippifoder.se\/app\/uploads\/2024\/06\/Fagelholks_konstruktor-1280x1707.jpg 1280w, https:\/\/pippifoder.se\/app\/uploads\/2024\/06\/Fagelholks_konstruktor-1320x1760.jpg 1320w, https:\/\/pippifoder.se\/app\/uploads\/2024\/06\/Fagelholks_konstruktor-scaled.jpg 1920w\" sizes=\"auto, (max-width: 225px) 100vw, 225px\" \/><figcaption id=\"caption-attachment-7471\" class=\"wp-caption-text\">Denne innovative premium redekasse er fremstillet i lille skala af Bernt Paulson i S\u00e4ffle, som har designet og bygget fuglehusene.<\/figcaption><\/figure>\n<p>&nbsp;<\/p>\n<p>&nbsp;<\/p>\n<p>&nbsp;<\/p>\n","protected":false},"excerpt":{"rendered":"<p>Et fuglehus i tr\u00e6 med en sp\u00e6ndestrop, der g\u00f8r det muligt at s\u00e6tte fuglehuset fast <strong>uden at skulle s\u00f8mme tr\u00e6<\/strong>et fast. Ved at f\u00f8re to elastiske stropper rundt om tr\u00e6et og derefter justere, efterh\u00e5nden som tr\u00e6et vokser, er det virkelig sk\u00e5nsomt for tr\u00e6et. Desuden nem reng\u00f8ring, hvor hele fronten kan \u00e5bnes ved at folde en stift v\u00e6k. Taget er d\u00e6kket med tagpap. Indgangshullet er 35 mm og er velegnet til f.eks. sp\u00e6tmejse, gr\u00e5spurv, troldand og bogfinke.    <\/p>\n","protected":false},"featured_media":7465,"comment_status":"open","ping_status":"closed","template":"","meta":{"_acf_changed":false},"product_brand":[],"product_cat":[114,571],"product_tag":[],"class_list":{"0":"post-9294","1":"product","2":"type-product","3":"status-publish","4":"has-post-thumbnail","6":"product_cat-fuglerede","7":"product_cat-julegaveideer-til-fugleelskere-i-2025","9":"first","10":"instock","11":"taxable","12":"shipping-taxable","13":"purchasable","14":"product-type-simple"},"bundled_by":[],"bundle_stock_status":"instock","bundle_stock_quantity":null,"bundle_virtual":false,"bundle_layout":"","bundle_add_to_cart_form_location":"","bundle_editable_in_cart":false,"bundle_sold_individually_context":"","bundle_item_grouping":"","bundle_min_size":"","bundle_max_size":"","bundle_price":[],"bundled_items":[],"bundle_sell_ids":[],"acf":[],"_links":{"self":[{"href":"https:\/\/pippifoder.se\/da\/wp-json\/wp\/v2\/product\/9294","targetHints":{"allow":["GET"]}}],"collection":[{"href":"https:\/\/pippifoder.se\/da\/wp-json\/wp\/v2\/product"}],"about":[{"href":"https:\/\/pippifoder.se\/da\/wp-json\/wp\/v2\/types\/product"}],"replies":[{"embeddable":true,"href":"https:\/\/pippifoder.se\/da\/wp-json\/wp\/v2\/comments?post=9294"}],"wp:featuredmedia":[{"embeddable":true,"href":"https:\/\/pippifoder.se\/da\/wp-json\/wp\/v2\/media\/7465"}],"wp:attachment":[{"href":"https:\/\/pippifoder.se\/da\/wp-json\/wp\/v2\/media?parent=9294"}],"wp:term":[{"taxonomy":"product_brand","embeddable":true,"href":"https:\/\/pippifoder.se\/da\/wp-json\/wp\/v2\/product_brand?post=9294"},{"taxonomy":"product_cat","embeddable":true,"href":"https:\/\/pippifoder.se\/da\/wp-json\/wp\/v2\/product_cat?post=9294"},{"taxonomy":"product_tag","embeddable":true,"href":"https:\/\/pippifoder.se\/da\/wp-json\/wp\/v2\/product_tag?post=9294"}],"curies":[{"name":"wp","href":"https:\/\/api.w.org\/{rel}","templated":true}]}}