{"id":9291,"date":"2024-01-31T16:30:38","date_gmt":"2024-01-31T16:30:38","guid":{"rendered":"https:\/\/pippifoder.se\/Ikke kategoriseret\/have-med-vilde-dyr-roedt-egern\/"},"modified":"2024-01-31T16:30:38","modified_gmt":"2024-01-31T16:30:38","slug":"have-med-vilde-dyr-roedt-egern","status":"publish","type":"product","link":"https:\/\/pippifoder.se\/da\/produkt\/tilbehor\/have-med-vilde-dyr-roedt-egern\/","title":{"rendered":"Have med vilde dyr &#8211; r\u00f8dt egern"},"content":{"rendered":"<h2>H\u00e5ndsk\u00e5ret egern<\/h2>\n<p>  Egernet er udsk\u00e5ret i tr\u00e6 og malet i naturvenlige farver.<br \/>\nDet er en del af en serie af h\u00e5ndsk\u00e5rne dyr, vi har ogs\u00e5 kanin, fr\u00f8 og muldvarp.<br \/>\nSammen danner de en gruppe, der kan skabe stemning i rummet.    <\/p>\n<h3>Om egernet<\/h3>\n<p>  Egernet er en gnaver, der for det meste lever i tr\u00e6er.<br \/>\nDet bliver 24-30 cm langt og har en stor, busket hale, som det bruger til at holde balancen med.<br \/>\nEgernet er klogt og opfindsomt, men kan glemme, hvor det har gemt sin mad, som kan v\u00e6re agern, n\u00f8dder, b\u00e6r, svampe og fugle\u00e6g.<br \/>\nDe lever alene, men n\u00e5r det er koldt, kan de samles i en forladt rede for at holde varmen.<br \/>\nDet r\u00f8de egern findes hovedsageligt i Europa og Asien.    <\/p>\n","protected":false},"excerpt":{"rendered":"<p>Det s\u00f8de egern kan v\u00e6re en god tilf\u00f8jelse til dit interi\u00f8r, bringe naturen ind i rummet og skabe et fredeligt rum.<\/p>\n","protected":false},"featured_media":6997,"comment_status":"open","ping_status":"closed","template":"","meta":{"_acf_changed":false},"product_brand":[],"product_cat":[149],"product_tag":[],"class_list":{"0":"post-9291","1":"product","2":"type-product","3":"status-publish","4":"has-post-thumbnail","6":"product_cat-tilbehor","7":"product_shipping_class-sverige-da","9":"first","10":"outofstock","11":"taxable","12":"shipping-taxable","13":"purchasable","14":"product-type-simple"},"bundled_by":[],"bundle_stock_status":"outofstock","bundle_stock_quantity":0,"bundle_virtual":false,"bundle_layout":"","bundle_add_to_cart_form_location":"","bundle_editable_in_cart":false,"bundle_sold_individually_context":"","bundle_item_grouping":"","bundle_min_size":"","bundle_max_size":"","bundle_price":[],"bundled_items":[],"bundle_sell_ids":[],"acf":[],"_links":{"self":[{"href":"https:\/\/pippifoder.se\/da\/wp-json\/wp\/v2\/product\/9291","targetHints":{"allow":["GET"]}}],"collection":[{"href":"https:\/\/pippifoder.se\/da\/wp-json\/wp\/v2\/product"}],"about":[{"href":"https:\/\/pippifoder.se\/da\/wp-json\/wp\/v2\/types\/product"}],"replies":[{"embeddable":true,"href":"https:\/\/pippifoder.se\/da\/wp-json\/wp\/v2\/comments?post=9291"}],"wp:featuredmedia":[{"embeddable":true,"href":"https:\/\/pippifoder.se\/da\/wp-json\/wp\/v2\/media\/6997"}],"wp:attachment":[{"href":"https:\/\/pippifoder.se\/da\/wp-json\/wp\/v2\/media?parent=9291"}],"wp:term":[{"taxonomy":"product_brand","embeddable":true,"href":"https:\/\/pippifoder.se\/da\/wp-json\/wp\/v2\/product_brand?post=9291"},{"taxonomy":"product_cat","embeddable":true,"href":"https:\/\/pippifoder.se\/da\/wp-json\/wp\/v2\/product_cat?post=9291"},{"taxonomy":"product_tag","embeddable":true,"href":"https:\/\/pippifoder.se\/da\/wp-json\/wp\/v2\/product_tag?post=9291"}],"curies":[{"name":"wp","href":"https:\/\/api.w.org\/{rel}","templated":true}]}}