{"id":9288,"date":"2024-01-31T16:27:02","date_gmt":"2024-01-31T16:27:02","guid":{"rendered":"https:\/\/pippifoder.se\/Ikke%20kategoriseret\/have-med-vilde-dyr-decobird-steglits\/"},"modified":"2025-01-27T14:08:52","modified_gmt":"2025-01-27T14:08:52","slug":"have-med-vilde-dyr-decobird-steglits","status":"publish","type":"product","link":"https:\/\/pippifoder.se\/da\/produkt\/tilbehor\/skovfugle\/wildlife-garden-decobird-da\/have-med-vilde-dyr-decobird-steglits\/","title":{"rendered":"Have med vilde dyr &#8211; DecoBird Steglits"},"content":{"rendered":"<h2>H\u00e5ndsk\u00e5rne Steglits af tr\u00e6<\/h2>\n<p>DecoBird Steglits er en livagtig tr\u00e6fugl, der er udsk\u00e5ret og malet i h\u00e5nden.<br \/>\nMed sine eksotiske og klare farver er den let genkendelig. <\/p>\n<h2>DecoBirds<\/h2>\n<p>DecoBirds er en serie af h\u00e5ndsk\u00e5rne fugle i lindetr\u00e6. Serien udvides hele tiden med nye favoritter. De kommer i en udstillings\u00e6ske med vindue, og til hver fugl h\u00f8rer et lille h\u00e6fte med oplysninger om arten.  <\/p>\n<h3>Steglits p\u00e5 andre sprog:<\/h3>\n<p>Videnskabeligt navn: Carduelis carduelis Engelsk: Goldfinch Tysk: Stieglitz Fransk: Chardonneret elegant Italiensk: Cardellino Hollandsk: Putter Spansk: Jilguero Europeo<\/p>\n","protected":false},"excerpt":{"rendered":"<p>DecoBird Steglits er en livagtig tr\u00e6fugl, der er udsk\u00e5ret og malet i h\u00e5nden. Med sine eksotiske og klare farver er den let genkendelig. <\/p>\n","protected":false},"featured_media":6985,"comment_status":"open","ping_status":"closed","template":"","meta":{"_acf_changed":false},"product_brand":[],"product_cat":[146,111,149],"product_tag":[],"class_list":{"0":"post-9288","1":"product","2":"type-product","3":"status-publish","4":"has-post-thumbnail","6":"product_cat-wildlife-garden-decobird-da","7":"product_cat-fuglefro-og-fuglefoder-pa-udsalg","8":"product_cat-tilbehor","9":"product_shipping_class-sverige-da","11":"first","12":"outofstock","13":"sale","14":"taxable","15":"shipping-taxable","16":"purchasable","17":"product-type-simple"},"bundled_by":[],"bundle_stock_status":"outofstock","bundle_stock_quantity":0,"bundle_virtual":false,"bundle_layout":"","bundle_add_to_cart_form_location":"","bundle_editable_in_cart":false,"bundle_sold_individually_context":"","bundle_item_grouping":"","bundle_min_size":"","bundle_max_size":"","bundle_price":[],"bundled_items":[],"bundle_sell_ids":[],"acf":[],"_links":{"self":[{"href":"https:\/\/pippifoder.se\/da\/wp-json\/wp\/v2\/product\/9288","targetHints":{"allow":["GET"]}}],"collection":[{"href":"https:\/\/pippifoder.se\/da\/wp-json\/wp\/v2\/product"}],"about":[{"href":"https:\/\/pippifoder.se\/da\/wp-json\/wp\/v2\/types\/product"}],"replies":[{"embeddable":true,"href":"https:\/\/pippifoder.se\/da\/wp-json\/wp\/v2\/comments?post=9288"}],"wp:featuredmedia":[{"embeddable":true,"href":"https:\/\/pippifoder.se\/da\/wp-json\/wp\/v2\/media\/6985"}],"wp:attachment":[{"href":"https:\/\/pippifoder.se\/da\/wp-json\/wp\/v2\/media?parent=9288"}],"wp:term":[{"taxonomy":"product_brand","embeddable":true,"href":"https:\/\/pippifoder.se\/da\/wp-json\/wp\/v2\/product_brand?post=9288"},{"taxonomy":"product_cat","embeddable":true,"href":"https:\/\/pippifoder.se\/da\/wp-json\/wp\/v2\/product_cat?post=9288"},{"taxonomy":"product_tag","embeddable":true,"href":"https:\/\/pippifoder.se\/da\/wp-json\/wp\/v2\/product_tag?post=9288"}],"curies":[{"name":"wp","href":"https:\/\/api.w.org\/{rel}","templated":true}]}}