{"id":9280,"date":"2023-11-10T16:04:10","date_gmt":"2023-11-10T16:04:10","guid":{"rendered":"https:\/\/pippifoder.se\/Ikke%20kategoriseret\/talgkugler-uden-net-i-spand-50-stk\/"},"modified":"2026-05-03T19:33:23","modified_gmt":"2026-05-03T17:33:23","slug":"talgkugler-uden-net-i-spand-50-stk","status":"publish","type":"product","link":"https:\/\/pippifoder.se\/da\/produkt\/fuglefoder\/talgkugler-til-sma-fugle\/talgkugler-uden-net-i-spand-50-stk\/","title":{"rendered":"Talgkugler uden net i spand (50 stk.)"},"content":{"rendered":"<p><strong>Indhold af talgkugler<\/strong>: Korn, n\u00f8dder, fr\u00f8 og fedt fra oksetalg<\/p>\n<p><strong>Analytiske bestanddele i talgkuglerne<\/strong>: fedt: 39,5 %, kulhydrater: 27,0 %, protein: 14,5 %, r\u00e5fibre: 9,0 %, r\u00e5aske (mineraler): 2,0 %.<\/p>\n<p>De fleste sm\u00e5fugle s\u00e6tter pris p\u00e5 talgkugler, is\u00e6r bl\u00e5mejser, sp\u00e6tmejser, gr\u00f8nirisker, bogfinker, gr\u00e5spurve, sortmejser og sp\u00e6tter. Fedtrig talg og et h\u00f8jt indhold af fr\u00f8 giver sm\u00e5fuglene gode betingelser for at overleve vinteren. Flere og flere fugle bliver i vores &#8220;varme vintre&#8221;, og for dem er de ofte hurtige skift mellem varme, kulde og sne en vanskelig f\u00f8desituation. Talgkuglerne er uden net!   <\/p>\n<p><a href=\"https:\/\/pippifoder.se\/da\/foderautomater-til-fugle\/\">Se ogs\u00e5 vores talgkuglemaskiner!  <\/a><\/p>\n<p>&nbsp;<\/p>\n<div id=\"faq-question-1727141158881\" class=\"rank-math-list-item\">\n<h3 class=\"rank-math-question \">Hvilke talgkugler er de bedste?<\/h3>\n<div class=\"rank-math-answer \">\n<p>Talgkugler kan k\u00f8bes overalt, de f\u00e5s p\u00e5 Granng\u00e5rden, Rusta, Biltema. N\u00e5r vi taler med kunder eller l\u00e6ser p\u00e5 forskellige fora, klager folk ofte over, at talgkuglerne bliver h\u00e5rde, n\u00e5r det kommer under frysepunktet, og der er et enkelt svar p\u00e5, hvorfor det sker. Fedtindholdet i billige talgkugler er meget lavt, ofte omkring 20 %. Vores talgkugler har n\u00e6sten 40 % fedt, og s\u00e5 er talgkuglerne ikke s\u00e5 h\u00e5rde. En anden ting, du b\u00f8r pr\u00f8ve, er at lugte til talgkuglerne, vores dufter godt \ud83d\ude42 Det f\u00f8les godt at tilbyde fuglene noget, der f\u00f8les appetitligt. Endelig er den bedste m\u00e5de at vide, hvilken talgkugle der er bedst, at pr\u00f8ve den, lad fuglene bestemme, vi ved, at de kan lide vores f\u00f8rsteklasses talgkugler!     <\/p>\n<\/div>\n<h3 class=\"rank-math-question \">Hvilke fugle spiser talgkugler?<\/h3>\n<div class=\"rank-math-answer \">\n<p>Talgkugler er is\u00e6r popul\u00e6re blandt sm\u00e5fugle som skovhornugle, bl\u00e5mejse, gr\u00e5spurv, sp\u00e6tmejse og stor flagsp\u00e6tte. Disse fugle tiltr\u00e6kkes af de energirige ingredienser i talgkugler og nyder godt af b\u00e5de fedtet og fr\u00f8ene, hvilket hj\u00e6lper dem med at holde sig varme og sunde, is\u00e6r i vinterm\u00e5nederne. <\/p>\n<\/div>\n<\/div>\n<div id=\"faq-question-1727141174838\" class=\"rank-math-list-item\">\n<h3 class=\"rank-math-question \">Hvordan h\u00e6nger man talgkugler op?<\/h3>\n<div class=\"rank-math-answer \">\n<p>Talgkugler kan h\u00e6nges op i haven p\u00e5 h\u00f8je grene, i tr\u00e6er eller p\u00e5 s\u00e6rlige fuglefoderautomater. Det er vigtigt at placere dem i en h\u00f8jde og p\u00e5 et sted, hvor det er sv\u00e6rt for rovdyr som katte eller egern at komme til. Undg\u00e5 ogs\u00e5 at bruge net omkring talgkuglerne, da de kan blive fanget i fuglenes kl\u00f8er eller n\u00e6b.  <\/p>\n<\/div>\n<\/div>\n<div id=\"faq-question-1727141186317\" class=\"rank-math-list-item\">\n<h3 class=\"rank-math-question \">Hvad indeholder talgkugler?<\/h3>\n<div class=\"rank-math-answer \">\n<p>Talgkugler best\u00e5r normalt af en blanding af fedt (talg eller vegetabilsk fedt) og forskellige typer fr\u00f8 som solsikkekerner, hirse og nogle gange endda sm\u00e5 n\u00f8dder eller t\u00f8rret frugt. Det giver fuglene et h\u00f8jt energiniveau, som hj\u00e6lper dem med at overleve i perioder, hvor det er sv\u00e6rt at finde naturlig f\u00f8de. <\/p>\n<\/div>\n<\/div>\n<div id=\"faq-question-1727141197664\" class=\"rank-math-list-item\">\n<h3 class=\"rank-math-question \">Hvorn\u00e5r skal man h\u00e6nge talgkugler op?<\/h3>\n<div class=\"rank-math-answer \">\n<p>Foderkugler er mest nyttige om efter\u00e5ret og vinteren, n\u00e5r fuglene har brug for ekstra energi for at holde varmen. Du kan begynde at h\u00e6nge dem ud, n\u00e5r temperaturen begynder at falde om efter\u00e5ret og forts\u00e6tte hele vinteren. Det er ogs\u00e5 muligt at tilbyde talgkugler om for\u00e5ret, n\u00e5r fuglene bygger rede, men undg\u00e5 dem om sommeren, da varmen kan f\u00e5 fedtet til at smelte og blive harsk.  <\/p>\n<h3 class=\"rank-math-question \">Opskrift p\u00e5 at lave dine egne talgkugler<\/h3>\n<div class=\"rank-math-answer \">\n<p>Det er faktisk ret enkelt at lave sine egne talgkugler. Tag en hvilken som helst beholder, der er let at h\u00e6nge op, en kaffekop fungerer godt. Smelt en eller anden form for fedt, f.eks. sm\u00f8r, margarine eller kokosfedt. Bland derefter forskellige slags fr\u00f8 i, f.eks. afskallede solsikkekerner, jordn\u00f8dder og meget mere. Lad det s\u00e6tte sig, og bind en snor i &#8220;\u00f8ret&#8221; p\u00e5 koppen. H\u00e6ng din hjemmelavede talgkugle op og se, hvilke fugle der kommer p\u00e5 bes\u00f8g.    <\/p>\n<\/div>\n<\/div>\n<\/div>\n","protected":false},"excerpt":{"rendered":"<p>Talgkugler uden net i en spand af h\u00f8jeste kvalitet med hele 39,5 % fedt! 50 talgkugler pr. spand med 80 g. Talgkugler er en vigtig n\u00e6ringskilde for sm\u00e5fugle. Talgkuglerne er af <strong>f\u00f8rsteklasses kvalitet<\/strong>, ingen palmeolie, bare fornuftige ting, som fuglene elsker. Talgkuglerne bliver ikke h\u00e5rde som mange billigere talgkugler, og vores kunder plejer at sige, at dette bliver en ny favorit hos fuglene! Bl\u00e5mejser, bogfinker, gr\u00f8nirisker, sp\u00e6tmejser, bogfinker, gr\u00e5spurve, sortmejser og sp\u00e6tter elsker talgkugler.     <\/p>\n<p><strong>BEM\u00c6RK, at spanden er en plastikspand med l\u00e5g, ikke en blikspand.<\/strong><\/p>\n","protected":false},"featured_media":13321,"comment_status":"closed","ping_status":"closed","template":"","meta":{"_acf_changed":false},"product_brand":[],"product_cat":[187,99,98],"product_tag":[],"class_list":{"0":"post-9280","1":"product","2":"type-product","3":"status-publish","4":"has-post-thumbnail","6":"product_cat-talgkugler-til-sma-fugle","7":"product_cat-fro-og-foder-til-vilde-fugle","8":"product_cat-fuglefoder","10":"first","11":"instock","12":"sale","13":"taxable","14":"shipping-taxable","15":"purchasable","16":"product-type-variable","17":"has-default-attributes"},"bundled_by":["9276","9270","21503"],"bundle_stock_status":"instock","bundle_stock_quantity":20941,"bundle_virtual":false,"bundle_layout":"","bundle_add_to_cart_form_location":"","bundle_editable_in_cart":false,"bundle_sold_individually_context":"","bundle_item_grouping":"","bundle_min_size":"","bundle_max_size":"","bundle_price":[],"bundled_items":[],"bundle_sell_ids":[],"acf":[],"_links":{"self":[{"href":"https:\/\/pippifoder.se\/da\/wp-json\/wp\/v2\/product\/9280","targetHints":{"allow":["GET"]}}],"collection":[{"href":"https:\/\/pippifoder.se\/da\/wp-json\/wp\/v2\/product"}],"about":[{"href":"https:\/\/pippifoder.se\/da\/wp-json\/wp\/v2\/types\/product"}],"replies":[{"embeddable":true,"href":"https:\/\/pippifoder.se\/da\/wp-json\/wp\/v2\/comments?post=9280"}],"wp:featuredmedia":[{"embeddable":true,"href":"https:\/\/pippifoder.se\/da\/wp-json\/wp\/v2\/media\/13321"}],"wp:attachment":[{"href":"https:\/\/pippifoder.se\/da\/wp-json\/wp\/v2\/media?parent=9280"}],"wp:term":[{"taxonomy":"product_brand","embeddable":true,"href":"https:\/\/pippifoder.se\/da\/wp-json\/wp\/v2\/product_brand?post=9280"},{"taxonomy":"product_cat","embeddable":true,"href":"https:\/\/pippifoder.se\/da\/wp-json\/wp\/v2\/product_cat?post=9280"},{"taxonomy":"product_tag","embeddable":true,"href":"https:\/\/pippifoder.se\/da\/wp-json\/wp\/v2\/product_tag?post=9280"}],"curies":[{"name":"wp","href":"https:\/\/api.w.org\/{rel}","templated":true}]}}