{"id":9264,"date":"2023-10-18T07:42:04","date_gmt":"2023-10-18T07:42:04","guid":{"rendered":"https:\/\/pippifoder.se\/Ikke%20kategoriseret\/solsikkefroe-med-skal-25-kg\/"},"modified":"2026-04-15T12:58:39","modified_gmt":"2026-04-15T10:58:39","slug":"afskallede-solsikkefroe-25-kg","status":"publish","type":"product","link":"https:\/\/pippifoder.se\/da\/produkt\/fuglefoder\/solsikkefro\/afskallede-solsikkefroe-25-kg\/","title":{"rendered":"Afskallede solsikkefr\u00f8 25 kg"},"content":{"rendered":"<h2>Hvorfor afskallede solsikkefr\u00f8?<\/h2>\n<p>Vi har valgt at tage afskallede solsikkefr\u00f8 med hjem af flere grunde:<\/p>\n<ul>\n<li>En pose afskallede solsikkefr\u00f8 indeholder dobbelt s\u00e5 mange fr\u00f8 som en pose med skaller, og skallerne udg\u00f8r n\u00e6sten 50 % af v\u00e6gten!<\/li>\n<li>Vi bruger halvt s\u00e5 meget emballage, n\u00e5r vi ikke beh\u00f8ver at transportere skallen.<\/li>\n<li>Billigere forsendelse, fordi vi ikke sender skrammel (skaller)<\/li>\n<li>Afskallede solsikkefr\u00f8 optager kun halvt s\u00e5 meget plads til at opbevare den samme m\u00e6ngde mad<\/li>\n<li>Du og dine naboer slipper for at skulle h\u00e5ndtere en masse affald fra solsikkeskaller<\/li>\n<li>Flere fugle kan lettere spise afskallede solsikkefr\u00f8, ikke alle er begavet med et \u00e6gte skaldet n\u00e6b<\/li>\n<\/ul>\n<p>L\u00e6s mere om, hvad du skal t\u00e6nke p\u00e5, n\u00e5r du fodrer fugle, i vores vidensbank!<\/p>\n<h2>Afskallede solsikkefr\u00f8 25 kg &#8211; St\u00f8rrelse<\/h2>\n<p>Nogle mennesker synes, at 25 kg afskallede solsikkefr\u00f8 er lidt tungt. Derfor s\u00e6lger vi ogs\u00e5 <a href=\"https:\/\/pippifoder.se\/da\/produkt\/fuglefoder\/solsikkefro\/afskallede-solsikkefroe-15-kg\/\">afskallede solsikkefr\u00f8 som 15 kg.<\/a> <\/p>\n<p>Vi er ogs\u00e5 blevet bedt om at medbringe <span class=\"css-1uwmyp9-text css-aqdypc css-13sga99 css-6n7j50\">20 kg solsikkefr\u00f8, men synes, at 25 eller 15 kg fungerer godt.<\/span><\/p>\n<div class=\"rank-math-questions-item\"><\/div>\n","protected":false},"excerpt":{"rendered":"<p>Pillede solsikkefr\u00f8 af h\u00f8jeste kvalitet. Afskallede solsikkefr\u00f8 er perfekte til alle typer fugle. 25 kg afskallede solsikkefr\u00f8 svarer nogenlunde til 50 kg afskallede solsikkefr\u00f8.  <\/p>\n<p><strong>Prisgaranti<\/strong>, hvis du finder et billigere tilsvarende produkt, matcher vi prisen!<\/p>\n","protected":false},"featured_media":26157,"comment_status":"closed","ping_status":"closed","template":"","meta":{"_acf_changed":false},"product_brand":[],"product_cat":[120,99,98,116,121,186],"product_tag":[97,104],"class_list":{"0":"post-9264","1":"product","2":"type-product","3":"status-publish","4":"has-post-thumbnail","6":"product_cat-solsikkefro","7":"product_cat-fro-og-foder-til-vilde-fugle","8":"product_cat-fuglefoder","9":"product_cat-fuglefro","10":"product_cat-solsikkefro-da","11":"product_cat-sorte-solsikkefro-til-fugle","12":"product_tag-fuglefoder","13":"product_tag-solsikkefroe","14":"product_shipping_class-sverige-da","16":"first","17":"instock","18":"taxable","19":"shipping-taxable","20":"purchasable","21":"product-type-simple"},"bundled_by":["21503"],"bundle_stock_status":"instock","bundle_stock_quantity":1136,"bundle_virtual":false,"bundle_layout":"","bundle_add_to_cart_form_location":"","bundle_editable_in_cart":false,"bundle_sold_individually_context":"","bundle_item_grouping":"","bundle_min_size":"","bundle_max_size":"","bundle_price":[],"bundled_items":[],"bundle_sell_ids":[],"acf":[],"_links":{"self":[{"href":"https:\/\/pippifoder.se\/da\/wp-json\/wp\/v2\/product\/9264","targetHints":{"allow":["GET"]}}],"collection":[{"href":"https:\/\/pippifoder.se\/da\/wp-json\/wp\/v2\/product"}],"about":[{"href":"https:\/\/pippifoder.se\/da\/wp-json\/wp\/v2\/types\/product"}],"replies":[{"embeddable":true,"href":"https:\/\/pippifoder.se\/da\/wp-json\/wp\/v2\/comments?post=9264"}],"wp:featuredmedia":[{"embeddable":true,"href":"https:\/\/pippifoder.se\/da\/wp-json\/wp\/v2\/media\/26157"}],"wp:attachment":[{"href":"https:\/\/pippifoder.se\/da\/wp-json\/wp\/v2\/media?parent=9264"}],"wp:term":[{"taxonomy":"product_brand","embeddable":true,"href":"https:\/\/pippifoder.se\/da\/wp-json\/wp\/v2\/product_brand?post=9264"},{"taxonomy":"product_cat","embeddable":true,"href":"https:\/\/pippifoder.se\/da\/wp-json\/wp\/v2\/product_cat?post=9264"},{"taxonomy":"product_tag","embeddable":true,"href":"https:\/\/pippifoder.se\/da\/wp-json\/wp\/v2\/product_tag?post=9264"}],"curies":[{"name":"wp","href":"https:\/\/api.w.org\/{rel}","templated":true}]}}