{"id":9253,"date":"2024-06-29T18:23:07","date_gmt":"2024-06-29T18:23:07","guid":{"rendered":"https:\/\/pippifoder.se\/Ikke%20kategoriseret\/afskallede-oekologiske-solsikkefroe-25-kg\/"},"modified":"2026-04-27T08:53:37","modified_gmt":"2026-04-27T06:53:37","slug":"afskallede-oekologiske-solsikkefroe-25-kg","status":"publish","type":"product","link":"https:\/\/pippifoder.se\/da\/produkt\/fuglefoder\/okologisk-fuglefoder\/afskallede-oekologiske-solsikkefroe-25-kg\/","title":{"rendered":"Afskallede \u00f8kologiske solsikkefr\u00f8 25 kg"},"content":{"rendered":"<h2>N\u00e6ringsrigt og b\u00e6redygtigt fuglefoder<\/h2>\n<p>Vores <strong>afskallede \u00f8kologiske solsikkefr\u00f8<\/strong> er mere end bare fuglefoder. De er et milj\u00f8venligt alternativ, der er rigt p\u00e5 vigtige n\u00e6ringsstoffer: <\/p>\n<ul>\n<li><strong>\u00d8kologisk produktion<\/strong> &#8211; Vores solsikkefr\u00f8 dyrkes uden kemiske pesticider eller kunstg\u00f8dning, hvilket sikrer et rent og naturligt produkt. Det fremmer ikke kun fuglenes sundhed, men ogs\u00e5 den milj\u00f8m\u00e6ssige b\u00e6redygtighed. <\/li>\n<li><strong>H\u00f8jt fedtindhold<\/strong> &#8211; afskallede solsikkefr\u00f8 er fulde af naturlige olier og fedtsyrer, der giver et kraftigt energiboost, som er afg\u00f8rende for fuglenes stofskifte. Fedtsyrerne underst\u00f8tter udviklingen af st\u00e6rke fjer og bidrager til deres sundhed p\u00e5 lang sigt. <\/li>\n<li><strong>Nem ford\u00f8jelse<\/strong> &#8211; De afskallede fr\u00f8 er lettere for fuglene at spise og ford\u00f8je end hele fr\u00f8, hvilket g\u00f8r dem til et ideelt valg for sm\u00e5 fugle og dem, der har brug for hurtig energi.<\/li>\n<li><strong>H\u00f8j n\u00e6ringst\u00e6thed<\/strong> &#8211; Ud over deres h\u00f8je fedtindhold er disse fr\u00f8 ogs\u00e5 en fremragende kilde til proteiner og vitaminer som E-vitamin, som bidrager til et st\u00e6rkt immunsystem og en god reproduktiv sundhed.<\/li>\n<\/ul>\n<h2>Fordele ved vores \u00f8kologiske afskallede solsikkefr\u00f8<\/h2>\n<p>Vores  <strong>\u00d8kologiske afskallede solsikkefr\u00f8<\/strong> har flere fordele, som bidrager til b\u00e5de fuglenes velf\u00e6rd og en b\u00e6redygtig livsstil:<\/p>\n<ol>\n<li><strong>St\u00f8tter fuglenes sundhed<\/strong><br \/>\n\u00d8kologiske solsikkefr\u00f8 har et h\u00f8jt fedt- og n\u00e6ringsindhold uden tils\u00e6tningsstoffer eller pesticider, hvilket g\u00f8r dem sikre og gavnlige for alle fuglearter. De hj\u00e6lper med at forbedre energiniveauet og underst\u00f8tter en st\u00e6rk fjerdragt, is\u00e6r i de kolde vinterm\u00e5neder og i yngles\u00e6sonen. <\/li>\n<li><strong>Mindre spild og renere foderstationer<\/strong><br \/>\nFordi fr\u00f8ene er afskallede, er der minimalt spild, hvilket g\u00f8r det lettere at holde foderstationerne rene og hygiejniske. Det bidrager til et bedre fodermilj\u00f8 og reducerer risikoen for skadedyr. <\/li>\n<li><strong>Nemme at bruge og sprede<\/strong><br \/>\nDe knuste solsikkefr\u00f8 kan spredes direkte p\u00e5 jorden, i fuglefoderautomater eller p\u00e5 fuglebr\u00e6tter, hvilket g\u00f8r dem til en fleksibel foderl\u00f8sning. Det g\u00f8r dem velegnede til en r\u00e6kke forskellige fodringsmetoder og fuglearter. <\/li>\n<li><strong>Milj\u00f8venligt alternativ<\/strong><br \/>\nVed at v\u00e6lge \u00f8kologiske solsikkefr\u00f8 st\u00f8tter du b\u00e6redygtige landbrugsmetoder, der er til gavn for b\u00e5de milj\u00f8et og fuglene. Du hj\u00e6lper med at reducere brugen af kemikalier og bevare naturlige levesteder. <\/li>\n<\/ol>\n<h2>Hvilke fugle spiser \u00f8kologiske afskallede solsikkefr\u00f8?<\/h2>\n<p>Vores <strong>\u00f8kologiske afskallede solsikkefr\u00f8<\/strong> er popul\u00e6re hos en lang r\u00e6kke fuglearter. Her er nogle arter, som har s\u00e6rlig gavn af dette fuglefoder af h\u00f8j kvalitet: <\/p>\n<ul>\n<li><strong>Pilfinker<\/strong> &#8211; Udnyt den energirige mad til at holde dig aktiv og sund hele \u00e5ret rundt.<\/li>\n<li><strong>Mejser<\/strong> &#8211; Disse sm\u00e5 fugle s\u00e6tter pris p\u00e5 de lettilg\u00e6ngelige fedtstoffer og proteiner i fr\u00f8ene.<\/li>\n<li><strong>Bjergfinker<\/strong> &#8211; F\u00e5 et hurtigt energiboost, der hj\u00e6lper dem med at opretholde deres aktive liv og ynglesucces.<\/li>\n<li><strong>Stenkiks<\/strong> &#8211; Solsikkefr\u00f8 er en fremragende ern\u00e6ringskilde til at d\u00e6kke deres behov for fedt og protein.<\/li>\n<li><strong>Voksvinger<\/strong> &#8211; Elsker den n\u00e6ringsrige mad og bruger den til at opbygge deres fedtreserver til kolde perioder.<\/li>\n<\/ul>\n<h2>S\u00e5dan fodrer du vilde fugle med vores \u00f8kologiske afskallede solsikkefr\u00f8<\/h2>\n<ol>\n<li><strong>V\u00e6lg den rigtige fodringsmetode<\/strong><br \/>\nSpred fr\u00f8ene i en <a href=\"https:\/\/pippifoder.se\/da\/foderautomater-til-fugle\/\">fuglefoderautomat<\/a>, p\u00e5 et fuglebr\u00e6t eller direkte p\u00e5 jorden. Tilpas metoden til de fuglearter, du gerne vil tiltr\u00e6kke til din have. <\/li>\n<li>\nPlacer foderautomaten p\u00e5 <strong>et sikkert sted<\/strong> H\u00e6ng den op, eller placer den et sted, hvor fuglene f\u00f8ler sig i sikkerhed for rovdyr. Et sted i n\u00e6rheden af buske eller tr\u00e6er giver l\u00e6 og nem adgang til foderstationen. <\/li>\n<li>\nF<strong>yld<\/strong> op regelm\u00e6ssigt For at sikre, at fuglene har kontinuerlig adgang til n\u00e6ring, skal du fylde foderautomaten op regelm\u00e6ssigt og overv\u00e5ge foderpladsen for at holde den fri for gammelt foder og affald.<\/li>\n<li><strong>Reng\u00f8r<\/strong> foderautomaten<br \/>\nHold foderpladsen hygiejnisk ved at reng\u00f8re foderautomaten regelm\u00e6ssigt med varmt vand og mild s\u00e6be. Det reducerer risikoen for sygdomme og holder fr\u00f8ene friske i l\u00e6ngere tid. <\/li>\n<\/ol>\n<h2>Bestil dine \u00f8kologiske afskallede solsikkefr\u00f8 i dag!<\/h2>\n<p>Giv dine vilde fugle den bedste ern\u00e6ring, og st\u00f8t milj\u00f8et med vores <strong>\u00f8kologiske afskallede solsikkefr\u00f8<\/strong>. Bestil nu, og se din have blive et paradis for sunde og glade fugle! <\/p>\n","protected":false},"excerpt":{"rendered":"<p>Giv dine vilde fugle f\u00f8rsteklasses ern\u00e6ring med vores <strong>afskallede \u00f8kologiske solsikkefr\u00f8<\/strong>. Denne pose p\u00e5 25 kg med certificerede \u00f8kologiske fr\u00f8 er en ren og b\u00e6redygtig energikilde, der underst\u00f8tter fuglenes sundhed og vitalitet gennem alle \u00e5rstider. <\/p>\n<div class=\"woocommerce-product-details__short-description\">\n<p><strong>Prisgaranti<\/strong>, hvis du finder et billigere tilsvarende produkt, matcher vi prisen!<\/p>\n<\/div>\n<p><a href=\"https:\/\/pippifoder.se\/da\/produkt\/fuglefoder\/solsikkefro\/afskallede-solsikkefroe-25-kg\/\">Klik her, hvis du vil have konventionelle solsikkefr\u00f8!<\/a><\/p>\n","protected":false},"featured_media":13818,"comment_status":"open","ping_status":"closed","template":"","meta":{"_acf_changed":false},"product_brand":[],"product_cat":[197,98,571,121,120],"product_tag":[],"class_list":{"0":"post-9253","1":"product","2":"type-product","3":"status-publish","4":"has-post-thumbnail","6":"product_cat-okologisk-fuglefoder","7":"product_cat-fuglefoder","8":"product_cat-julegaveideer-til-fugleelskere-i-2025","9":"product_cat-solsikkefro-da","10":"product_cat-solsikkefro","12":"first","13":"instock","14":"taxable","15":"shipping-taxable","16":"purchasable","17":"product-type-simple"},"bundled_by":[],"bundle_stock_status":"instock","bundle_stock_quantity":491,"bundle_virtual":false,"bundle_layout":"","bundle_add_to_cart_form_location":"","bundle_editable_in_cart":false,"bundle_sold_individually_context":"","bundle_item_grouping":"","bundle_min_size":"","bundle_max_size":"","bundle_price":[],"bundled_items":[],"bundle_sell_ids":[],"acf":[],"_links":{"self":[{"href":"https:\/\/pippifoder.se\/da\/wp-json\/wp\/v2\/product\/9253","targetHints":{"allow":["GET"]}}],"collection":[{"href":"https:\/\/pippifoder.se\/da\/wp-json\/wp\/v2\/product"}],"about":[{"href":"https:\/\/pippifoder.se\/da\/wp-json\/wp\/v2\/types\/product"}],"replies":[{"embeddable":true,"href":"https:\/\/pippifoder.se\/da\/wp-json\/wp\/v2\/comments?post=9253"}],"wp:featuredmedia":[{"embeddable":true,"href":"https:\/\/pippifoder.se\/da\/wp-json\/wp\/v2\/media\/13818"}],"wp:attachment":[{"href":"https:\/\/pippifoder.se\/da\/wp-json\/wp\/v2\/media?parent=9253"}],"wp:term":[{"taxonomy":"product_brand","embeddable":true,"href":"https:\/\/pippifoder.se\/da\/wp-json\/wp\/v2\/product_brand?post=9253"},{"taxonomy":"product_cat","embeddable":true,"href":"https:\/\/pippifoder.se\/da\/wp-json\/wp\/v2\/product_cat?post=9253"},{"taxonomy":"product_tag","embeddable":true,"href":"https:\/\/pippifoder.se\/da\/wp-json\/wp\/v2\/product_tag?post=9253"}],"curies":[{"name":"wp","href":"https:\/\/api.w.org\/{rel}","templated":true}]}}