{"id":9245,"date":"2024-07-17T06:31:30","date_gmt":"2024-07-17T06:31:30","guid":{"rendered":"https:\/\/pippifoder.se\/Ikke kategoriseret\/fuglebadsfugl-i-hamret-tin-25-cm\/"},"modified":"2024-07-17T06:31:30","modified_gmt":"2024-07-17T06:31:30","slug":"fuglebadsfugl-i-hamret-tin-25-cm","status":"publish","type":"product","link":"https:\/\/pippifoder.se\/da\/produkt\/tilbehor\/fuglebad-da\/fuglebadsfugl-i-hamret-tin-25-cm\/","title":{"rendered":"Fuglebadsfugl i hamret tin &#8211; 25 cm"},"content":{"rendered":"<h2>Produktspecifikation &#8211; Fuglebadsfugl i hamret tin &#8211; 25 cm<\/h2>\n<p><b>M\u00e5l <\/b>&#8211; Sk\u00e5len har en diameter p\u00e5 25 cm, h\u00f8jden p\u00e5 pinden er ca. 115 cm<br \/>\n<strong>Materiale<\/strong> &#8211; Hamret metalplade <\/p>\n","protected":false},"excerpt":{"rendered":"<p>Dette fuglebad i hamret tin, prydet med en dekorativ fugl, er designet med en praktisk pind til nem placering.<br \/>\nDu kan bare stikke det ned i jorden, pr\u00e6cis hvor du vil have det, s\u00e5 det er nemt at flytte, n\u00e5r du har brug for det.<br \/>\nFuglebadet er nemt at placere og udg\u00f8r en smuk detalje i haven eller p\u00e5 altanen.<br \/>\nPerfekt til at placere direkte i blomsterbedet, hvor det falder ind og bidrager til en harmonisk og indbydende atmosf\u00e6re for b\u00e5de fugle og mennesker.   <\/p>\n","protected":false},"featured_media":7507,"comment_status":"open","ping_status":"closed","template":"","meta":{"_acf_changed":false},"product_brand":[],"product_cat":[169],"product_tag":[],"class_list":{"0":"post-9245","1":"product","2":"type-product","3":"status-publish","4":"has-post-thumbnail","6":"product_cat-fuglebad-da","8":"first","9":"outofstock","10":"taxable","11":"shipping-taxable","12":"purchasable","13":"product-type-simple"},"bundled_by":[],"bundle_stock_status":"outofstock","bundle_stock_quantity":0,"bundle_virtual":false,"bundle_layout":"","bundle_add_to_cart_form_location":"","bundle_editable_in_cart":false,"bundle_sold_individually_context":"","bundle_item_grouping":"","bundle_min_size":"","bundle_max_size":"","bundle_price":[],"bundled_items":[],"bundle_sell_ids":[],"acf":[],"_links":{"self":[{"href":"https:\/\/pippifoder.se\/da\/wp-json\/wp\/v2\/product\/9245","targetHints":{"allow":["GET"]}}],"collection":[{"href":"https:\/\/pippifoder.se\/da\/wp-json\/wp\/v2\/product"}],"about":[{"href":"https:\/\/pippifoder.se\/da\/wp-json\/wp\/v2\/types\/product"}],"replies":[{"embeddable":true,"href":"https:\/\/pippifoder.se\/da\/wp-json\/wp\/v2\/comments?post=9245"}],"wp:featuredmedia":[{"embeddable":true,"href":"https:\/\/pippifoder.se\/da\/wp-json\/wp\/v2\/media\/7507"}],"wp:attachment":[{"href":"https:\/\/pippifoder.se\/da\/wp-json\/wp\/v2\/media?parent=9245"}],"wp:term":[{"taxonomy":"product_brand","embeddable":true,"href":"https:\/\/pippifoder.se\/da\/wp-json\/wp\/v2\/product_brand?post=9245"},{"taxonomy":"product_cat","embeddable":true,"href":"https:\/\/pippifoder.se\/da\/wp-json\/wp\/v2\/product_cat?post=9245"},{"taxonomy":"product_tag","embeddable":true,"href":"https:\/\/pippifoder.se\/da\/wp-json\/wp\/v2\/product_tag?post=9245"}],"curies":[{"name":"wp","href":"https:\/\/api.w.org\/{rel}","templated":true}]}}